{"id":14964,"date":"2023-11-02T10:36:34","date_gmt":"2023-11-02T09:36:34","guid":{"rendered":"https:\/\/swissmassage.ch\/produit\/asthetischer-rollwagen-holz-helle-eiche\/"},"modified":"2023-11-02T10:36:34","modified_gmt":"2023-11-02T09:36:34","slug":"asthetischer-rollwagen-holz-helle-eiche","status":"publish","type":"product","link":"https:\/\/swissmassage.weprocess.dev\/de\/produits\/asthetischer-rollwagen-holz-helle-eiche\/","title":{"rendered":"SPA Holzsockel Rollwagen helle Eiche"},"content":{"rendered":"<h2>SPA Rollwagen Modell Holz helle Eiche.<\/h2>\n<p>  Design aus Alpenholz, ideal f\u00fcr SPAs zur Unterst\u00fctzung von Massagezubeh\u00f6r. Es ist sehr beliebt in SPA- und Wellness-Zentren, wird aber auch in Sch\u00f6nheitskabinen verwendet. Es verf\u00fcgt \u00fcber drei Tabletts und eine abschlie\u00dfbare Schublade. Ma\u00dfe: Ma\u00dfe, H\u00f6he 87 cm, Breite 58,5 cm, Tiefe 49 cm. Platte oben, Breite 55 cm, Tiefe 40 cm. Zentrales Plateau. Breite 55 cm, Tiefe 38 cm. Untere obere Breite 55 cm, Tiefe 42 cm. Schublade, Breite 46 cm, Tiefe 33 cm, H\u00f6he 8 cm. Rollen-Bausatz.<\/p>\n","protected":false},"excerpt":{"rendered":"<p>SPA Rollwagen Modell Holz helle Eiche. Design aus Alpenholz, ideal f\u00fcr SPAs zur Unterst\u00fctzung von Massagezubeh\u00f6r. Es ist sehr beliebt in SPA- und Wellness-Zentren, wird aber auch in Sch\u00f6nheitskabinen verwendet. Es verf\u00fcgt \u00fcber drei Tabletts und eine abschlie\u00dfbare Schublade. Ma\u00dfe: Ma\u00dfe, H\u00f6he 87 cm, Breite 58,5 cm, Tiefe 49 cm. Platte oben, Breite 55 cm,&hellip;<\/p>\n","protected":false},"featured_media":13773,"template":"","meta":{"_seopress_robots_primary_cat":"none","_seopress_titles_title":"","_seopress_titles_desc":"Design aus Alpenholz, ideal f\u00fcr SPAs zur Unterst\u00fctzung von Massagezubeh\u00f6r. Sehr beliebt in den SPA- und Wellness-Zentren.","_seopress_robots_index":""},"pwb-brand":[],"product_brand":[],"product_cat":[1332,1333,1351,1386],"product_tag":[1440,1442,1441],"product_folder":[1022],"class_list":{"0":"post-14964","1":"product","2":"type-product","3":"status-publish","4":"has-post-thumbnail","6":"product_cat-alle-asthetischen-artikel","7":"product_cat-alle-spa-beauty-produkte","8":"product_cat-asthetik-beistellwagen","9":"product_cat-service-boy-spa-de","10":"product_tag-asthetisch","11":"product_tag-rollwagen","12":"product_tag-spa-de","13":"product_shipping_class-sperrige-swisspost","15":"first","16":"instock","17":"taxable","18":"shipping-taxable","19":"purchasable","20":"product-type-simple"},"exclude_global_add_ons":[],"addons":[],"brands":[],"_links":{"self":[{"href":"https:\/\/swissmassage.weprocess.dev\/de\/wp-json\/wp\/v2\/product\/14964","targetHints":{"allow":["GET"]}}],"collection":[{"href":"https:\/\/swissmassage.weprocess.dev\/de\/wp-json\/wp\/v2\/product"}],"about":[{"href":"https:\/\/swissmassage.weprocess.dev\/de\/wp-json\/wp\/v2\/types\/product"}],"wp:featuredmedia":[{"embeddable":true,"href":"https:\/\/swissmassage.weprocess.dev\/de\/wp-json\/wp\/v2\/media\/13773"}],"wp:attachment":[{"href":"https:\/\/swissmassage.weprocess.dev\/de\/wp-json\/wp\/v2\/media?parent=14964"}],"wp:term":[{"taxonomy":"pwb-brand","embeddable":true,"href":"https:\/\/swissmassage.weprocess.dev\/de\/wp-json\/wp\/v2\/pwb-brand?post=14964"},{"taxonomy":"product_brand","embeddable":true,"href":"https:\/\/swissmassage.weprocess.dev\/de\/wp-json\/wp\/v2\/product_brand?post=14964"},{"taxonomy":"product_cat","embeddable":true,"href":"https:\/\/swissmassage.weprocess.dev\/de\/wp-json\/wp\/v2\/product_cat?post=14964"},{"taxonomy":"product_tag","embeddable":true,"href":"https:\/\/swissmassage.weprocess.dev\/de\/wp-json\/wp\/v2\/product_tag?post=14964"},{"taxonomy":"product_folder","embeddable":true,"href":"https:\/\/swissmassage.weprocess.dev\/de\/wp-json\/wp\/v2\/product_folder?post=14964"}],"curies":[{"name":"wp","href":"https:\/\/api.w.org\/{rel}","templated":true}]}}