{"id":14960,"date":"2023-11-02T15:22:44","date_gmt":"2023-11-02T14:22:44","guid":{"rendered":"https:\/\/swissmassage.ch\/produit\/noah-eiche-asthetischer-rollwagen\/"},"modified":"2023-11-02T15:22:44","modified_gmt":"2023-11-02T14:22:44","slug":"noah-eiche-asthetischer-rollwagen","status":"publish","type":"product","link":"https:\/\/swissmassage.weprocess.dev\/de\/produits\/noah-eiche-asthetischer-rollwagen\/","title":{"rendered":"No\u00e9 \u00e4sthetischer Rollwagen helle Eiche"},"content":{"rendered":"<h2>\u00c4sthetischer Sockeltisch No\u00e9 Modell helle Eiche mit zwei Schubladen<\/h2>\n<p>  Design No\u00e9, ideal f\u00fcr Sch\u00f6nheitssalons und sehr beliebt in SPA- und Wellness-Zentren.<br \/>\nAusgestattet mit zwei Schubladen und vier Rollen.<br \/>\nMa\u00dfe: Ma\u00dfe, H\u00f6he 85,5 cm, Breite 56,5 cm, Tiefe 41,5 cm.  <\/p>\n","protected":false},"excerpt":{"rendered":"<p>\u00c4sthetischer Sockeltisch No\u00e9 Modell helle Eiche mit zwei Schubladen Design No\u00e9, ideal f\u00fcr Sch\u00f6nheitssalons und sehr beliebt in SPA- und Wellness-Zentren. Ausgestattet mit zwei Schubladen und vier Rollen. Ma\u00dfe: Ma\u00dfe, H\u00f6he 85,5 cm, Breite 56,5 cm, Tiefe 41,5 cm.<\/p>\n","protected":false},"featured_media":14961,"template":"","meta":{"_seopress_robots_primary_cat":"none","_seopress_titles_title":"","_seopress_titles_desc":"\u00c4sthetischer Rollwagen Modell No\u00e9 helle Eiche Farbe mit zwei Schubladen. Ma\u00dfe: Ma\u00dfe, H\u00f6he 85,5 cm, Breite 56,5 cm, Tiefe 41,5 cm. ","_seopress_robots_index":""},"pwb-brand":[],"product_brand":[],"product_cat":[1332,1333,1351,1386],"product_tag":[1440,1442,1441],"product_folder":[1022],"class_list":{"0":"post-14960","1":"product","2":"type-product","3":"status-publish","4":"has-post-thumbnail","6":"product_cat-alle-asthetischen-artikel","7":"product_cat-alle-spa-beauty-produkte","8":"product_cat-asthetik-beistellwagen","9":"product_cat-service-boy-spa-de","10":"product_tag-asthetisch","11":"product_tag-rollwagen","12":"product_tag-spa-de","13":"product_shipping_class-sperrige-swisspost","15":"first","16":"instock","17":"taxable","18":"shipping-taxable","19":"purchasable","20":"product-type-simple"},"exclude_global_add_ons":[],"addons":[],"brands":[],"_links":{"self":[{"href":"https:\/\/swissmassage.weprocess.dev\/de\/wp-json\/wp\/v2\/product\/14960","targetHints":{"allow":["GET"]}}],"collection":[{"href":"https:\/\/swissmassage.weprocess.dev\/de\/wp-json\/wp\/v2\/product"}],"about":[{"href":"https:\/\/swissmassage.weprocess.dev\/de\/wp-json\/wp\/v2\/types\/product"}],"wp:featuredmedia":[{"embeddable":true,"href":"https:\/\/swissmassage.weprocess.dev\/de\/wp-json\/wp\/v2\/media\/14961"}],"wp:attachment":[{"href":"https:\/\/swissmassage.weprocess.dev\/de\/wp-json\/wp\/v2\/media?parent=14960"}],"wp:term":[{"taxonomy":"pwb-brand","embeddable":true,"href":"https:\/\/swissmassage.weprocess.dev\/de\/wp-json\/wp\/v2\/pwb-brand?post=14960"},{"taxonomy":"product_brand","embeddable":true,"href":"https:\/\/swissmassage.weprocess.dev\/de\/wp-json\/wp\/v2\/product_brand?post=14960"},{"taxonomy":"product_cat","embeddable":true,"href":"https:\/\/swissmassage.weprocess.dev\/de\/wp-json\/wp\/v2\/product_cat?post=14960"},{"taxonomy":"product_tag","embeddable":true,"href":"https:\/\/swissmassage.weprocess.dev\/de\/wp-json\/wp\/v2\/product_tag?post=14960"},{"taxonomy":"product_folder","embeddable":true,"href":"https:\/\/swissmassage.weprocess.dev\/de\/wp-json\/wp\/v2\/product_folder?post=14960"}],"curies":[{"name":"wp","href":"https:\/\/api.w.org\/{rel}","templated":true}]}}