{"id":14956,"date":"2023-11-02T15:10:00","date_gmt":"2023-11-02T14:10:00","guid":{"rendered":"https:\/\/swissmassage.ch\/produit\/asthetischer-rollwagen-triumph-weiss\/"},"modified":"2023-11-02T15:10:00","modified_gmt":"2023-11-02T14:10:00","slug":"asthetischer-rollwagen-triumph-weiss","status":"publish","type":"product","link":"https:\/\/swissmassage.weprocess.dev\/de\/produits\/asthetischer-rollwagen-triumph-weiss\/","title":{"rendered":"Triumph \u00e4sthetischer Rollwagen wei\u00df"},"content":{"rendered":"<h2>Triumph Aesthetic Rollwagen in Wei\u00df mit zwei Schubladen<\/h2>\n<p>  Triumph Design, ideal f\u00fcr \u00c4sthetik und SPA. Sehr beliebt bei Kosmetikerinnen in SPA- und Wellness-Zentren. Ausgestattet mit zwei Schubladen und vier Rollen. Ma\u00dfe: Ma\u00dfe, H\u00f6he 77 cm, Breite 47,5 cm, Tiefe 30 cm.<\/p>\n","protected":false},"excerpt":{"rendered":"<p>Triumph Aesthetic Rollwagen in Wei\u00df mit zwei Schubladen Triumph Design, ideal f\u00fcr \u00c4sthetik und SPA. Sehr beliebt bei Kosmetikerinnen in SPA- und Wellness-Zentren. Ausgestattet mit zwei Schubladen und vier Rollen. Ma\u00dfe: Ma\u00dfe, H\u00f6he 77 cm, Breite 47,5 cm, Tiefe 30 cm.<\/p>\n","protected":false},"featured_media":14957,"template":"","meta":{"_seopress_robots_primary_cat":"none","_seopress_titles_title":"","_seopress_titles_desc":"\u00c4sthetischer Rollwagen Modell Triumph wei\u00df mit zwei Schubladen. Ausgestattet mit zwei Schubladen und vier Rollen. ","_seopress_robots_index":""},"pwb-brand":[],"product_brand":[],"product_cat":[1332,1333,1351,1386],"product_tag":[1440,1442,1441],"product_folder":[1022],"class_list":{"0":"post-14956","1":"product","2":"type-product","3":"status-publish","4":"has-post-thumbnail","6":"product_cat-alle-asthetischen-artikel","7":"product_cat-alle-spa-beauty-produkte","8":"product_cat-asthetik-beistellwagen","9":"product_cat-service-boy-spa-de","10":"product_tag-asthetisch","11":"product_tag-rollwagen","12":"product_tag-spa-de","13":"product_shipping_class-sperrige-swisspost","15":"first","16":"instock","17":"taxable","18":"shipping-taxable","19":"purchasable","20":"product-type-simple"},"exclude_global_add_ons":[],"addons":[],"brands":[],"_links":{"self":[{"href":"https:\/\/swissmassage.weprocess.dev\/de\/wp-json\/wp\/v2\/product\/14956","targetHints":{"allow":["GET"]}}],"collection":[{"href":"https:\/\/swissmassage.weprocess.dev\/de\/wp-json\/wp\/v2\/product"}],"about":[{"href":"https:\/\/swissmassage.weprocess.dev\/de\/wp-json\/wp\/v2\/types\/product"}],"wp:featuredmedia":[{"embeddable":true,"href":"https:\/\/swissmassage.weprocess.dev\/de\/wp-json\/wp\/v2\/media\/14957"}],"wp:attachment":[{"href":"https:\/\/swissmassage.weprocess.dev\/de\/wp-json\/wp\/v2\/media?parent=14956"}],"wp:term":[{"taxonomy":"pwb-brand","embeddable":true,"href":"https:\/\/swissmassage.weprocess.dev\/de\/wp-json\/wp\/v2\/pwb-brand?post=14956"},{"taxonomy":"product_brand","embeddable":true,"href":"https:\/\/swissmassage.weprocess.dev\/de\/wp-json\/wp\/v2\/product_brand?post=14956"},{"taxonomy":"product_cat","embeddable":true,"href":"https:\/\/swissmassage.weprocess.dev\/de\/wp-json\/wp\/v2\/product_cat?post=14956"},{"taxonomy":"product_tag","embeddable":true,"href":"https:\/\/swissmassage.weprocess.dev\/de\/wp-json\/wp\/v2\/product_tag?post=14956"},{"taxonomy":"product_folder","embeddable":true,"href":"https:\/\/swissmassage.weprocess.dev\/de\/wp-json\/wp\/v2\/product_folder?post=14956"}],"curies":[{"name":"wp","href":"https:\/\/api.w.org\/{rel}","templated":true}]}}