{"id":14955,"date":"2023-11-02T11:30:55","date_gmt":"2023-11-02T10:30:55","guid":{"rendered":"https:\/\/swissmassage.ch\/produit\/rollwagen-spa-holz-schwarz\/"},"modified":"2023-11-02T11:30:55","modified_gmt":"2023-11-02T10:30:55","slug":"rollwagen-spa-holz-schwarz","status":"publish","type":"product","link":"https:\/\/swissmassage.weprocess.dev\/de\/produits\/rollwagen-spa-holz-schwarz\/","title":{"rendered":"Schwarzer SPA Holz-Rollwagen"},"content":{"rendered":"<h2>Black Wood SPA Rollwagen.<\/h2>\n<p>  Design aus schwarzem Alpenholz, ideal f\u00fcr SPAs zur Unterst\u00fctzung von Massagezubeh\u00f6r.<br \/>\nEs ist sehr beliebt in SPA- und Wellness-Zentren, wird aber auch in Sch\u00f6nheitskabinen verwendet.<br \/>\nEs verf\u00fcgt \u00fcber drei Tabletts und eine abschlie\u00dfbare Schublade.<br \/>\nMa\u00dfe: Ma\u00dfe, H\u00f6he 87 cm, Breite 58,5 cm, Tiefe 49 cm.<br \/>\nPlatte oben, Breite 55 cm, Tiefe 40 cm.<br \/>\nZentrales Plateau.<br \/>\nBreite 55 cm, Tiefe 38 cm.<br \/>\nUntere obere Breite 55 cm, Tiefe 42 cm.<br \/>\nSchublade, Breite 46 cm, Tiefe 33 cm, H\u00f6he 8 cm.<br \/>\nRollen-Bausatz.         <\/p>\n","protected":false},"excerpt":{"rendered":"<p>Black Wood SPA Rollwagen. Design aus schwarzem Alpenholz, ideal f\u00fcr SPAs zur Unterst\u00fctzung von Massagezubeh\u00f6r. Es ist sehr beliebt in SPA- und Wellness-Zentren, wird aber auch in Sch\u00f6nheitskabinen verwendet. Es verf\u00fcgt \u00fcber drei Tabletts und eine abschlie\u00dfbare Schublade. Ma\u00dfe: Ma\u00dfe, H\u00f6he 87 cm, Breite 58,5 cm, Tiefe 49 cm. Platte oben, Breite 55 cm, Tiefe&hellip;<\/p>\n","protected":false},"featured_media":13776,"template":"","meta":{"_seopress_robots_primary_cat":"none","_seopress_titles_title":"","_seopress_titles_desc":"Black Wood SPA Rollwagen. Design aus schwarzem Alpenholz, ideal f\u00fcr SPAs zur Unterst\u00fctzung von Massagezubeh\u00f6r. ","_seopress_robots_index":""},"pwb-brand":[],"product_brand":[],"product_cat":[1332,1333,1351,1386],"product_tag":[1440,1442,1441],"product_folder":[1022],"class_list":{"0":"post-14955","1":"product","2":"type-product","3":"status-publish","4":"has-post-thumbnail","6":"product_cat-alle-asthetischen-artikel","7":"product_cat-alle-spa-beauty-produkte","8":"product_cat-asthetik-beistellwagen","9":"product_cat-service-boy-spa-de","10":"product_tag-asthetisch","11":"product_tag-rollwagen","12":"product_tag-spa-de","13":"product_shipping_class-sperrige-swisspost","15":"first","16":"instock","17":"taxable","18":"shipping-taxable","19":"purchasable","20":"product-type-simple"},"exclude_global_add_ons":[],"addons":[],"brands":[],"_links":{"self":[{"href":"https:\/\/swissmassage.weprocess.dev\/de\/wp-json\/wp\/v2\/product\/14955","targetHints":{"allow":["GET"]}}],"collection":[{"href":"https:\/\/swissmassage.weprocess.dev\/de\/wp-json\/wp\/v2\/product"}],"about":[{"href":"https:\/\/swissmassage.weprocess.dev\/de\/wp-json\/wp\/v2\/types\/product"}],"wp:featuredmedia":[{"embeddable":true,"href":"https:\/\/swissmassage.weprocess.dev\/de\/wp-json\/wp\/v2\/media\/13776"}],"wp:attachment":[{"href":"https:\/\/swissmassage.weprocess.dev\/de\/wp-json\/wp\/v2\/media?parent=14955"}],"wp:term":[{"taxonomy":"pwb-brand","embeddable":true,"href":"https:\/\/swissmassage.weprocess.dev\/de\/wp-json\/wp\/v2\/pwb-brand?post=14955"},{"taxonomy":"product_brand","embeddable":true,"href":"https:\/\/swissmassage.weprocess.dev\/de\/wp-json\/wp\/v2\/product_brand?post=14955"},{"taxonomy":"product_cat","embeddable":true,"href":"https:\/\/swissmassage.weprocess.dev\/de\/wp-json\/wp\/v2\/product_cat?post=14955"},{"taxonomy":"product_tag","embeddable":true,"href":"https:\/\/swissmassage.weprocess.dev\/de\/wp-json\/wp\/v2\/product_tag?post=14955"},{"taxonomy":"product_folder","embeddable":true,"href":"https:\/\/swissmassage.weprocess.dev\/de\/wp-json\/wp\/v2\/product_folder?post=14955"}],"curies":[{"name":"wp","href":"https:\/\/api.w.org\/{rel}","templated":true}]}}