{"id":14934,"date":"2023-11-30T09:31:43","date_gmt":"2023-11-30T08:31:43","guid":{"rendered":"https:\/\/swissmassage.ch\/produit\/lakenabdeckung-vinylschutz-massageliege-schwarz-schwarz\/"},"modified":"2023-11-30T09:31:43","modified_gmt":"2023-11-30T08:31:43","slug":"lakenabdeckung-vinylschutz-massageliege-schwarz-schwarz","status":"publish","type":"product","link":"https:\/\/swissmassage.weprocess.dev\/de\/produits\/lakenabdeckung-vinylschutz-massageliege-schwarz-schwarz\/","title":{"rendered":"Vinyl Spannbetttuch Massagetisch Protektor Schwarz"},"content":{"rendered":"<h2 style=\"text-align: left;\">Schwarze Vinylabdeckung f\u00fcr gebrauchte Massageliege.<\/h2>\n<p>  Diese Abdeckung bedeckt Ihre gebrauchte Massageliege, indem sie die Auswirkungen von Verschlei\u00df und Alterung kaschiert.<br \/>\nEs wird das Aussehen einer neuen Massageliege wiederherstellen.<br \/>\nElastisch und passt besonders gut auf Tische mit einer Breite von 70 bis 76 cm und einer L\u00e4nge von 190 cm.<br \/>\n\u00d6l- und wasserbest\u00e4ndig, kann bei 40\u00b0 in der Maschine gewaschen werden.<br \/>\nSchwarze oder nachtblaue Farbe, ohne Gesichtsloch und Kopfst\u00fctze.<br \/>\nIn der ganzen Schweiz verf\u00fcgbar.<br \/>\nOder bringen Sie es direkt in unsere Werkstatt.<br \/>\nEingetragene Marke SWISSMASSAGE, Garantie f\u00fcr Seriosit\u00e4t und Nachverfolgung.       <\/p>\n","protected":false},"excerpt":{"rendered":"<p>Schwarze Vinylabdeckung f\u00fcr gebrauchte Massageliege. Diese Abdeckung bedeckt Ihre gebrauchte Massageliege, indem sie die Auswirkungen von Verschlei\u00df und Alterung kaschiert. Es wird das Aussehen einer neuen Massageliege wiederherstellen. Elastisch und passt besonders gut auf Tische mit einer Breite von 70 bis 76 cm und einer L\u00e4nge von 190 cm. \u00d6l- und wasserbest\u00e4ndig, kann bei 40\u00b0&hellip;<\/p>\n","protected":false},"featured_media":14935,"template":"","meta":{"_seopress_robots_primary_cat":"none","_seopress_titles_title":"%%post_title%%","_seopress_titles_desc":"Schwarze Vinylabdeckung f\u00fcr gebrauchte Massageliege.\nDiese Abdeckung bedeckt Ihre gebrauchte Massageliege, indem sie die Auswirkungen von Verschlei\u00df und Alterung kaschiert. ","_seopress_robots_index":""},"pwb-brand":[],"product_brand":[],"product_cat":[1345,1344],"product_tag":[1394,1433,1434],"product_folder":[1017],"class_list":{"0":"post-14934","1":"product","2":"type-product","3":"status-publish","4":"has-post-thumbnail","6":"product_cat-alles-massagezubehor","7":"product_cat-schutzbezuge-fur-massageliegen","8":"product_tag-schutz","9":"product_tag-spannbettlaken","10":"product_tag-vinyl","12":"first","13":"instock","14":"taxable","15":"shipping-taxable","16":"purchasable","17":"product-type-simple"},"exclude_global_add_ons":[],"addons":[],"brands":[],"_links":{"self":[{"href":"https:\/\/swissmassage.weprocess.dev\/de\/wp-json\/wp\/v2\/product\/14934","targetHints":{"allow":["GET"]}}],"collection":[{"href":"https:\/\/swissmassage.weprocess.dev\/de\/wp-json\/wp\/v2\/product"}],"about":[{"href":"https:\/\/swissmassage.weprocess.dev\/de\/wp-json\/wp\/v2\/types\/product"}],"wp:featuredmedia":[{"embeddable":true,"href":"https:\/\/swissmassage.weprocess.dev\/de\/wp-json\/wp\/v2\/media\/14935"}],"wp:attachment":[{"href":"https:\/\/swissmassage.weprocess.dev\/de\/wp-json\/wp\/v2\/media?parent=14934"}],"wp:term":[{"taxonomy":"pwb-brand","embeddable":true,"href":"https:\/\/swissmassage.weprocess.dev\/de\/wp-json\/wp\/v2\/pwb-brand?post=14934"},{"taxonomy":"product_brand","embeddable":true,"href":"https:\/\/swissmassage.weprocess.dev\/de\/wp-json\/wp\/v2\/product_brand?post=14934"},{"taxonomy":"product_cat","embeddable":true,"href":"https:\/\/swissmassage.weprocess.dev\/de\/wp-json\/wp\/v2\/product_cat?post=14934"},{"taxonomy":"product_tag","embeddable":true,"href":"https:\/\/swissmassage.weprocess.dev\/de\/wp-json\/wp\/v2\/product_tag?post=14934"},{"taxonomy":"product_folder","embeddable":true,"href":"https:\/\/swissmassage.weprocess.dev\/de\/wp-json\/wp\/v2\/product_folder?post=14934"}],"curies":[{"name":"wp","href":"https:\/\/api.w.org\/{rel}","templated":true}]}}