{"id":14932,"date":"2023-12-06T16:48:53","date_gmt":"2023-12-06T15:48:53","guid":{"rendered":"https:\/\/swissmassage.ch\/produit\/waschbares-medizinisches-untersuchungsblatt-80x200-cm-box-1stk\/"},"modified":"2023-12-06T16:48:53","modified_gmt":"2023-12-06T15:48:53","slug":"waschbares-medizinisches-untersuchungsblatt-80x200-cm-box-1stk","status":"publish","type":"product","link":"https:\/\/swissmassage.weprocess.dev\/de\/produits\/waschbares-medizinisches-untersuchungsblatt-80x200-cm-box-1stk\/","title":{"rendered":"Waschbares medizinisches Untersuchungsblatt 80&#215;200 cm 1 St\u00fcck 100g"},"content":{"rendered":"<h2>Blatt f\u00fcr medizinische Untersuchungsliege 100g, widerstandsf\u00e4hig, angenehm im Griff und waschbar 500x.<\/h2>\n<p><span style=\"font-size: 10pt;\">Mehr als 500 Mal waschbar, ohne seine Form zu verlieren F\u00fcr eine bequeme und langlebige Nutzung Knitter- und rei\u00dffest, 4 x weniger Platz in der Maschine Kostenreduzierung von 90% im Vergleich zu herk\u00f6mmlichen Bez\u00fcgen Hautfreundlich, recycelbar Ma\u00dfe: 200 x 80 cm, Inhalt 1 St\u00fcck.<\/span><\/p>\n<h2>Einige Tipps zum Waschen und Trocknen.<\/h2>\n<p><span style=\"font-size: 10pt;\">Wir empfehlen Ihnen, die Laken bei 60\u00b0 zu waschen <span style=\"font-size: 10pt;\">und sie aufzufalten oder sogar zu zerknittern,<\/span> damit sie keine Ecken oder Falten haben, insbesondere wenn sie neu sind, <span style=\"font-size: 10pt;\">und empfehlen die Verwendung eines Waschnetzes.<\/span> Nach ein paar W\u00e4schen wird ihre Textur geschmeidiger und weicher.<br \/>\nZum Trocknen reichen ein paar Minuten im Trockner.<br \/>\nSie k\u00f6nnen die Bl\u00e4tter nach dem Schleudern auch ganz normal aufh\u00e4ngen.<br \/>\nTipp: 1 Blatt pro Patient f\u00fcr einen Behandlungszyklus.<br \/>\nGeben Sie dem Patienten ein Blatt Waschfasern, das er mit nach Hause nehmen und zu jeder Behandlung mitbringen kann.    <\/span><\/p>\n<p style=\"text-align: left;\"><span style=\"font-size: 10pt;\">In der ganzen Schweiz verf\u00fcgbar.<br \/>\nOder bringen Sie es direkt in unsere Werkstatt.<br \/>\nEingetragene Marke SWISSMASSAGE, Garantie f\u00fcr Seriosit\u00e4t und Nachverfolgung.  <\/span><\/p>\n","protected":false},"excerpt":{"rendered":"<p>Blatt f\u00fcr medizinische Untersuchungsliege 100g, widerstandsf\u00e4hig, angenehm im Griff und waschbar 500x. Mehr als 500 Mal waschbar, ohne seine Form zu verlieren F\u00fcr eine bequeme und langlebige Nutzung Knitter- und rei\u00dffest, 4 x weniger Platz in der Maschine Kostenreduzierung von 90% im Vergleich zu herk\u00f6mmlichen Bez\u00fcgen Hautfreundlich, recycelbar Ma\u00dfe: 200 x 80 cm, Inhalt 1&hellip;<\/p>\n","protected":false},"featured_media":14933,"template":"","meta":{"_seopress_robots_primary_cat":"none","_seopress_titles_title":"Waschbares medizinisches Untersuchungsblatt 80x200 cm 1 St\u00fcck 100g","_seopress_titles_desc":"Blatt f\u00fcr medizinische Untersuchungsliege 100g, widerstandsf\u00e4hig, angenehm im Griff und waschbar 500x.\nMehr als 500 Mal waschbar, ohne seine Form zu verlieren. ","_seopress_robots_index":""},"pwb-brand":[],"product_brand":[],"product_cat":[1345,1344],"product_tag":[1428,1394,1429],"product_folder":[1017],"class_list":{"0":"post-14932","1":"product","2":"type-product","3":"status-publish","4":"has-post-thumbnail","6":"product_cat-alles-massagezubehor","7":"product_cat-schutzbezuge-fur-massageliegen","8":"product_tag-laken","9":"product_tag-schutz","10":"product_tag-waschbares-laken","11":"product_shipping_class-versandkosten-inklusive-paket","13":"first","14":"instock","15":"taxable","16":"shipping-taxable","17":"purchasable","18":"product-type-simple"},"exclude_global_add_ons":[],"addons":[],"brands":[],"_links":{"self":[{"href":"https:\/\/swissmassage.weprocess.dev\/de\/wp-json\/wp\/v2\/product\/14932","targetHints":{"allow":["GET"]}}],"collection":[{"href":"https:\/\/swissmassage.weprocess.dev\/de\/wp-json\/wp\/v2\/product"}],"about":[{"href":"https:\/\/swissmassage.weprocess.dev\/de\/wp-json\/wp\/v2\/types\/product"}],"wp:featuredmedia":[{"embeddable":true,"href":"https:\/\/swissmassage.weprocess.dev\/de\/wp-json\/wp\/v2\/media\/14933"}],"wp:attachment":[{"href":"https:\/\/swissmassage.weprocess.dev\/de\/wp-json\/wp\/v2\/media?parent=14932"}],"wp:term":[{"taxonomy":"pwb-brand","embeddable":true,"href":"https:\/\/swissmassage.weprocess.dev\/de\/wp-json\/wp\/v2\/pwb-brand?post=14932"},{"taxonomy":"product_brand","embeddable":true,"href":"https:\/\/swissmassage.weprocess.dev\/de\/wp-json\/wp\/v2\/product_brand?post=14932"},{"taxonomy":"product_cat","embeddable":true,"href":"https:\/\/swissmassage.weprocess.dev\/de\/wp-json\/wp\/v2\/product_cat?post=14932"},{"taxonomy":"product_tag","embeddable":true,"href":"https:\/\/swissmassage.weprocess.dev\/de\/wp-json\/wp\/v2\/product_tag?post=14932"},{"taxonomy":"product_folder","embeddable":true,"href":"https:\/\/swissmassage.weprocess.dev\/de\/wp-json\/wp\/v2\/product_folder?post=14932"}],"curies":[{"name":"wp","href":"https:\/\/api.w.org\/{rel}","templated":true}]}}