{"id":14930,"date":"2023-12-06T19:37:08","date_gmt":"2023-12-06T18:37:08","guid":{"rendered":"https:\/\/swissmassage.ch\/produit\/waschbares-medizinisches-untersuchungsblatt-80x200-cm-schachtel-mit-1-stuck-50g\/"},"modified":"2025-05-07T10:37:48","modified_gmt":"2025-05-07T08:37:48","slug":"waschbares-medizinisches-untersuchungsblatt-80x200-cm-schachtel-mit-1-stuck-50g","status":"publish","type":"product","link":"https:\/\/swissmassage.weprocess.dev\/de\/produits\/waschbares-medizinisches-untersuchungsblatt-80x200-cm-schachtel-mit-1-stuck-50g\/","title":{"rendered":"Waschbares medizinisches Untersuchungstuch 80&#215;200 cm Schachtel mit 1 St\u00fcck 50g"},"content":{"rendered":"<h2>Blatt f\u00fcr medizinische Untersuchungsliege 50g, widerstandsf\u00e4hig und angenehm im Griff und waschbar 200x.<\/h2>\n<p><span style=\"font-size: 10pt;\">Mehr als 200 Mal waschbar, ohne die Form zu verlieren F\u00fcr eine bequeme und langlebige Nutzung Knitter- und rei\u00dffest, 4 x mehr Platz in der Maschine Kostenreduzierung von 90% im Vergleich zu herk\u00f6mmlichen Decken Hautfreundlich, recycelbar Ma\u00dfe: 200 x 80 cm, Inhalt 1 St\u00fcck<\/span><\/p>\n<h2>Einige Tipps zum Waschen und Trocknen.<\/h2>\n<p><span style=\"font-size: 10pt;\"><span style=\"font-size: 10pt;\">Wir empfehlen Ihnen, die Laken bei 60\u00b0 zu waschen und sie aufzufalten oder sogar zu zerknittern, damit sie keine Ecken oder Falten haben, insbesondere wenn sie neu sind, und empfehlen die Verwendung eines Waschnetzes.<br \/>\nNach ein paar Haarw\u00e4schen wird ihre Textur geschmeidiger und weicher <\/span>.<br \/>\nPour le s\u00e9chage, quelques minutes dans le s\u00e8che- linge suffisent.<br \/>\nVous pouvez \u00e9galement \u00e9tendre les draps normalement apr\u00e8s essorage.<br \/>\nConseil : 1 drap par patient pour un cycle de traitement.<br \/>\nDonnez au patient une feuille de fibres de lavage \u00e0 emporter chez lui et \u00e0 ramener \u00e0 chaque traitement.    <\/span><\/p>\n<p style=\"text-align: left;\"><span style=\"font-size: 10pt;\">In der ganzen Schweiz verf\u00fcgbar.<br \/>\nOder bringen Sie es direkt in unsere Werkstatt.<br \/>\nEingetragene Marke SWISSMASSAGE, Garantie f\u00fcr Seriosit\u00e4t und Nachverfolgung.  <\/span><\/p>\n","protected":false},"excerpt":{"rendered":"<p>Blatt f\u00fcr medizinische Untersuchungsliege 50g, widerstandsf\u00e4hig und angenehm im Griff und waschbar 200x. Mehr als 200 Mal waschbar, ohne die Form zu verlieren F\u00fcr eine bequeme und langlebige Nutzung Knitter- und rei\u00dffest, 4 x mehr Platz in der Maschine Kostenreduzierung von 90% im Vergleich zu herk\u00f6mmlichen Decken Hautfreundlich, recycelbar Ma\u00dfe: 200 x 80 cm, Inhalt&hellip;<\/p>\n","protected":false},"featured_media":14931,"template":"","meta":{"_seopress_robots_primary_cat":"none","_seopress_titles_title":"Waschbares medizinisches Untersuchungstuch 80x200 cm Schachtel mit 1 St\u00fcck 50g","_seopress_titles_desc":"Blatt f\u00fcr medizinische Untersuchungsliege 50g, widerstandsf\u00e4hig und angenehm im Griff und waschbar 200x.\nMehr als 200 Mal waschbar, ohne seine Form zu verlieren. ","_seopress_robots_index":""},"pwb-brand":[],"product_brand":[],"product_cat":[1345,1344],"product_tag":[1428,1430,1429],"product_folder":[1017],"class_list":{"0":"post-14930","1":"product","2":"type-product","3":"status-publish","4":"has-post-thumbnail","6":"product_cat-alles-massagezubehor","7":"product_cat-schutzbezuge-fur-massageliegen","8":"product_tag-laken","9":"product_tag-medizinische-abdecktucher","10":"product_tag-waschbares-laken","11":"product_shipping_class-versandkosten-inklusive-paket","13":"first","14":"instock","15":"taxable","16":"shipping-taxable","17":"purchasable","18":"product-type-simple"},"exclude_global_add_ons":[],"addons":[],"brands":[],"_links":{"self":[{"href":"https:\/\/swissmassage.weprocess.dev\/de\/wp-json\/wp\/v2\/product\/14930","targetHints":{"allow":["GET"]}}],"collection":[{"href":"https:\/\/swissmassage.weprocess.dev\/de\/wp-json\/wp\/v2\/product"}],"about":[{"href":"https:\/\/swissmassage.weprocess.dev\/de\/wp-json\/wp\/v2\/types\/product"}],"wp:featuredmedia":[{"embeddable":true,"href":"https:\/\/swissmassage.weprocess.dev\/de\/wp-json\/wp\/v2\/media\/14931"}],"wp:attachment":[{"href":"https:\/\/swissmassage.weprocess.dev\/de\/wp-json\/wp\/v2\/media?parent=14930"}],"wp:term":[{"taxonomy":"pwb-brand","embeddable":true,"href":"https:\/\/swissmassage.weprocess.dev\/de\/wp-json\/wp\/v2\/pwb-brand?post=14930"},{"taxonomy":"product_brand","embeddable":true,"href":"https:\/\/swissmassage.weprocess.dev\/de\/wp-json\/wp\/v2\/product_brand?post=14930"},{"taxonomy":"product_cat","embeddable":true,"href":"https:\/\/swissmassage.weprocess.dev\/de\/wp-json\/wp\/v2\/product_cat?post=14930"},{"taxonomy":"product_tag","embeddable":true,"href":"https:\/\/swissmassage.weprocess.dev\/de\/wp-json\/wp\/v2\/product_tag?post=14930"},{"taxonomy":"product_folder","embeddable":true,"href":"https:\/\/swissmassage.weprocess.dev\/de\/wp-json\/wp\/v2\/product_folder?post=14930"}],"curies":[{"name":"wp","href":"https:\/\/api.w.org\/{rel}","templated":true}]}}