{"id":14926,"date":"2023-12-06T19:56:27","date_gmt":"2023-12-06T18:56:27","guid":{"rendered":"https:\/\/swissmassage.ch\/produit\/papierrolle-fur-massageliege-70-cm-1-stuck\/"},"modified":"2026-03-02T07:51:05","modified_gmt":"2026-03-02T06:51:05","slug":"papierrolle-fur-massageliege-70-cm-1-stuck","status":"publish","type":"product","link":"https:\/\/swissmassage.weprocess.dev\/de\/produits\/papierrolle-fur-massageliege-70-cm-1-stuck\/","title":{"rendered":"Papierrolle f\u00fcr Massageliege 70 cm 1 Rolle."},"content":{"rendered":"<h2 style=\"text-align: left;\">Spezielles Papier f\u00fcr Massageliegen Breite 70 cm, L\u00e4nge 100 m, 1 Rolle.<\/h2>\n<p>Spezielles Massage-Papier, weicher und viel st\u00e4rker als herk\u00f6mmliches Papier. (Abweichungen in den Breiten k\u00f6nnen von 68 cm bis 71 cm beobachtet werden, sie liegen innerhalb der Fertigungstoleranz.)<br \/>\nWirtschaftlich, schonend und angenehm.<br \/>\nMacht w\u00e4hrend des Gebrauchs keine Ger\u00e4usche.<br \/>\nMuster zur Untersuchung zur Verf\u00fcgung, Versand per Post m\u00f6glich. In der ganzen Schweiz verf\u00fcgbar. Oder um es direkt in unsere Werkstatt zu bringen, je Preis 52.- \/Stk.<\/p>\n","protected":false},"excerpt":{"rendered":"<p>Spezielles Papier f\u00fcr Massageliegen Breite 70 cm, L\u00e4nge 100 m, 1 Rolle. Spezielles Massage-Papier, weicher und viel st\u00e4rker als herk\u00f6mmliches Papier. (Abweichungen in den Breiten k\u00f6nnen von 68 cm bis 71 cm beobachtet werden, sie liegen innerhalb der Fertigungstoleranz.) Wirtschaftlich, schonend und angenehm. Macht w\u00e4hrend des Gebrauchs keine Ger\u00e4usche. Muster zur Untersuchung zur Verf\u00fcgung, Versand&hellip;<\/p>\n","protected":false},"featured_media":14927,"template":"","meta":{"_seopress_robots_primary_cat":"none","_seopress_titles_title":"Papierrolle%%post_title%%","_seopress_titles_desc":"Spezielles Papier f\u00fcr Massageliegen Breite 70 cm, L\u00e4nge 100 m, 1 Rolle. Macht w\u00e4hrend des Gebrauchs keine Ger\u00e4usche.","_seopress_robots_index":""},"pwb-brand":[],"product_brand":[],"product_cat":[1345,1344],"product_tag":[1426,1427,1394],"product_folder":[1017],"class_list":{"0":"post-14926","1":"product","2":"type-product","3":"status-publish","4":"has-post-thumbnail","6":"product_cat-alles-massagezubehor","7":"product_cat-schutzbezuge-fur-massageliegen","8":"product_tag-papier-de","9":"product_tag-papierrolle","10":"product_tag-schutz","12":"first","13":"instock","14":"taxable","15":"shipping-taxable","16":"purchasable","17":"product-type-simple"},"exclude_global_add_ons":[],"addons":[],"brands":[],"_links":{"self":[{"href":"https:\/\/swissmassage.weprocess.dev\/de\/wp-json\/wp\/v2\/product\/14926","targetHints":{"allow":["GET"]}}],"collection":[{"href":"https:\/\/swissmassage.weprocess.dev\/de\/wp-json\/wp\/v2\/product"}],"about":[{"href":"https:\/\/swissmassage.weprocess.dev\/de\/wp-json\/wp\/v2\/types\/product"}],"wp:featuredmedia":[{"embeddable":true,"href":"https:\/\/swissmassage.weprocess.dev\/de\/wp-json\/wp\/v2\/media\/14927"}],"wp:attachment":[{"href":"https:\/\/swissmassage.weprocess.dev\/de\/wp-json\/wp\/v2\/media?parent=14926"}],"wp:term":[{"taxonomy":"pwb-brand","embeddable":true,"href":"https:\/\/swissmassage.weprocess.dev\/de\/wp-json\/wp\/v2\/pwb-brand?post=14926"},{"taxonomy":"product_brand","embeddable":true,"href":"https:\/\/swissmassage.weprocess.dev\/de\/wp-json\/wp\/v2\/product_brand?post=14926"},{"taxonomy":"product_cat","embeddable":true,"href":"https:\/\/swissmassage.weprocess.dev\/de\/wp-json\/wp\/v2\/product_cat?post=14926"},{"taxonomy":"product_tag","embeddable":true,"href":"https:\/\/swissmassage.weprocess.dev\/de\/wp-json\/wp\/v2\/product_tag?post=14926"},{"taxonomy":"product_folder","embeddable":true,"href":"https:\/\/swissmassage.weprocess.dev\/de\/wp-json\/wp\/v2\/product_folder?post=14926"}],"curies":[{"name":"wp","href":"https:\/\/api.w.org\/{rel}","templated":true}]}}