{"id":14924,"date":"2023-12-06T21:23:02","date_gmt":"2023-12-06T20:23:02","guid":{"rendered":"https:\/\/swissmassage.ch\/produit\/papierrolle-fur-massageliege-80-cm-1-rolle\/"},"modified":"2025-05-08T16:49:16","modified_gmt":"2025-05-08T14:49:16","slug":"papierrolle-fur-massageliege-80-cm-1-rolle","status":"publish","type":"product","link":"https:\/\/swissmassage.weprocess.dev\/de\/produits\/papierrolle-fur-massageliege-80-cm-1-rolle\/","title":{"rendered":"Papierrolle f\u00fcr Massageliege 80 cm 1 Rolle"},"content":{"rendered":"<h2 style=\"text-align: left;\">Spezielles Papier f\u00fcr gro\u00dfe Massageliegen 1 Rolle.<\/h2>\n<p>Breite 80 cm L\u00e4nge 100 m pro Rolle 30 gr. (Abweichungen in den Breiten k\u00f6nnen von 78 cm bis 81 cm beobachtet werden, sie liegen innerhalb der Fertigungstoleranz.)<br \/>\nSpezielles Massage-Papier, weicher und viel st\u00e4rker als herk\u00f6mmliches Papier.<br \/>\nWirtschaftlich, schonend und angenehm.<br \/>\nMacht w\u00e4hrend des Gebrauchs keine Ger\u00e4usche.<br \/>\nMuster zur Untersuchung zur Verf\u00fcgung, Versand per Post m\u00f6glich. In der ganzen Schweiz verf\u00fcgbar. Oder bringen Sie es direkt in unsere Werkstatt zum St\u00fcckpreis 58.-\/St\u00fcck<\/p>\n","protected":false},"excerpt":{"rendered":"<p>Spezielles Papier f\u00fcr gro\u00dfe Massageliegen 1 Rolle. Breite 80 cm L\u00e4nge 100 m pro Rolle 30 gr. (Abweichungen in den Breiten k\u00f6nnen von 78 cm bis 81 cm beobachtet werden, sie liegen innerhalb der Fertigungstoleranz.) Spezielles Massage-Papier, weicher und viel st\u00e4rker als herk\u00f6mmliches Papier. Wirtschaftlich, schonend und angenehm. Macht w\u00e4hrend des Gebrauchs keine Ger\u00e4usche. Muster&hellip;<\/p>\n","protected":false},"featured_media":14925,"template":"","meta":{"_seopress_robots_primary_cat":"none","_seopress_titles_title":"Papierrollen%%post_title%%","_seopress_titles_desc":"Spezielles Massage-Papier, weicher und viel st\u00e4rker als herk\u00f6mmliches Papier. Macht w\u00e4hrend des Gebrauchs keine Ger\u00e4usche. In der ganzen Schweiz verf\u00fcgbar.","_seopress_robots_index":""},"pwb-brand":[],"product_brand":[],"product_cat":[1345,1344],"product_tag":[1426,1427,1394],"product_folder":[1017],"class_list":{"0":"post-14924","1":"product","2":"type-product","3":"status-publish","4":"has-post-thumbnail","6":"product_cat-alles-massagezubehor","7":"product_cat-schutzbezuge-fur-massageliegen","8":"product_tag-papier-de","9":"product_tag-papierrolle","10":"product_tag-schutz","12":"first","13":"instock","14":"taxable","15":"shipping-taxable","16":"purchasable","17":"product-type-simple"},"exclude_global_add_ons":[],"addons":[],"brands":[],"_links":{"self":[{"href":"https:\/\/swissmassage.weprocess.dev\/de\/wp-json\/wp\/v2\/product\/14924","targetHints":{"allow":["GET"]}}],"collection":[{"href":"https:\/\/swissmassage.weprocess.dev\/de\/wp-json\/wp\/v2\/product"}],"about":[{"href":"https:\/\/swissmassage.weprocess.dev\/de\/wp-json\/wp\/v2\/types\/product"}],"wp:featuredmedia":[{"embeddable":true,"href":"https:\/\/swissmassage.weprocess.dev\/de\/wp-json\/wp\/v2\/media\/14925"}],"wp:attachment":[{"href":"https:\/\/swissmassage.weprocess.dev\/de\/wp-json\/wp\/v2\/media?parent=14924"}],"wp:term":[{"taxonomy":"pwb-brand","embeddable":true,"href":"https:\/\/swissmassage.weprocess.dev\/de\/wp-json\/wp\/v2\/pwb-brand?post=14924"},{"taxonomy":"product_brand","embeddable":true,"href":"https:\/\/swissmassage.weprocess.dev\/de\/wp-json\/wp\/v2\/product_brand?post=14924"},{"taxonomy":"product_cat","embeddable":true,"href":"https:\/\/swissmassage.weprocess.dev\/de\/wp-json\/wp\/v2\/product_cat?post=14924"},{"taxonomy":"product_tag","embeddable":true,"href":"https:\/\/swissmassage.weprocess.dev\/de\/wp-json\/wp\/v2\/product_tag?post=14924"},{"taxonomy":"product_folder","embeddable":true,"href":"https:\/\/swissmassage.weprocess.dev\/de\/wp-json\/wp\/v2\/product_folder?post=14924"}],"curies":[{"name":"wp","href":"https:\/\/api.w.org\/{rel}","templated":true}]}}