{"id":14918,"date":"2023-12-07T07:58:58","date_gmt":"2023-12-07T06:58:58","guid":{"rendered":"https:\/\/swissmassage.ch\/produit\/medizinisch-ergonomischer-perineum-modellhocker\/"},"modified":"2025-03-14T13:54:14","modified_gmt":"2025-03-14T12:54:14","slug":"medizinisch-ergonomischer-perineum-modellhocker","status":"publish","type":"product","link":"https:\/\/swissmassage.weprocess.dev\/de\/produits\/medizinisch-ergonomischer-perineum-modellhocker\/","title":{"rendered":"Ergonomischer medizinischer Hocker Perineum"},"content":{"rendered":"<h1>Medizinischer Dammstuhl f\u00fcr Perineum.<\/h1>\n<p>Ergonomischer Sitzhocker mit Damm\u00f6ffnung.<br \/>\nH\u00f6henverstellung von 54 cm bis 72 cm.<br \/>\nSitz 44 cm breit x 40 cm Sitzneigungsverstellung.<br \/>\nWiegt 12 kg, tr\u00e4gt 180 kg.<br \/>\nIdeal f\u00fcr Menschen mit Dammempfindlichkeit.<br \/>\nBitte beachten Sie, dass wir aufgrund der morphologischen Unterschiede jeder Person dringend empfehlen, die Hocker in unserer Ausstellung in Aigle auszuprobieren, bevor Sie Ihren Kauf abschlie\u00dfen. Im Falle eines Fehlkaufs k\u00f6nnen die Hocker weder zur\u00fcckgegeben noch umgetauscht werden.<\/p>\n","protected":false},"excerpt":{"rendered":"<p>Medizinischer Dammstuhl f\u00fcr Perineum. Ergonomischer Sitzhocker mit Damm\u00f6ffnung. H\u00f6henverstellung von 54 cm bis 72 cm. Sitz 44 cm breit x 40 cm Sitzneigungsverstellung. Wiegt 12 kg, tr\u00e4gt 180 kg. Ideal f\u00fcr Menschen mit Dammempfindlichkeit. Bitte beachten Sie, dass wir aufgrund der morphologischen Unterschiede jeder Person dringend empfehlen, die Hocker in unserer Ausstellung in Aigle auszuprobieren,&hellip;<\/p>\n","protected":false},"featured_media":14919,"template":"","meta":{"_seopress_robots_primary_cat":"none","_seopress_titles_title":"","_seopress_titles_desc":"Perineum Medical Hocker: ergonomischer Sitz mit Damm\u00f6ffnung, h\u00f6henverstellbar von 54 bis 72 cm.\r\nSitz 44 cm breit x 40 cm f\u00fcr optimalen Komfort.","_seopress_robots_index":""},"pwb-brand":[],"product_brand":[],"product_cat":[1332,1330,1331,1333,1345,1326,1329,1325,1328,1327],"product_tag":[1421,1420,1425,1424,1422,1423],"product_folder":[],"class_list":{"0":"post-14918","1":"product","2":"type-product","3":"status-publish","4":"has-post-thumbnail","6":"product_cat-alle-asthetischen-artikel","7":"product_cat-alle-massageliegen-massage-ausstattungen","8":"product_cat-alle-physio-medizinischen-artikel","9":"product_cat-alle-spa-beauty-produkte","10":"product_cat-alles-massagezubehor","11":"product_cat-hocker-fur-therapeuten","12":"product_cat-hocker-und-komfort","13":"product_cat-medizinischer-stuhl","14":"product_cat-spa-hocker","15":"product_cat-stuhle-fur-kosmetikerinnen","16":"product_tag-ergonomischer-hocker","17":"product_tag-hocker","18":"product_tag-hocker-rader","19":"product_tag-medizinischer-hocker","20":"product_tag-medizinischer-stuhl","21":"product_tag-sattelformiger-hocker","23":"first","24":"instock","25":"sale","26":"taxable","27":"shipping-taxable","28":"purchasable","29":"product-type-simple"},"exclude_global_add_ons":false,"addons":[{"name":"Fu\u00dfst\u00fctze Kreis Option","type":"multiple_choice","position":0,"required":false,"title_format":"label","description_enable":false,"description":"","placeholder_enable":false,"placeholder":"","display":"images","restrictions_type":"any_text","adjust_price":false,"price":"","price_type":"flat_fee","restrictions":false,"min":0,"max":0,"options":[{"label":"Mit Option Fu\u00dfrastenb\u00fcgel","price":"38","price_type":"flat_fee","image":9017}],"id":1720451325}],"brands":[],"_links":{"self":[{"href":"https:\/\/swissmassage.weprocess.dev\/de\/wp-json\/wp\/v2\/product\/14918","targetHints":{"allow":["GET"]}}],"collection":[{"href":"https:\/\/swissmassage.weprocess.dev\/de\/wp-json\/wp\/v2\/product"}],"about":[{"href":"https:\/\/swissmassage.weprocess.dev\/de\/wp-json\/wp\/v2\/types\/product"}],"wp:featuredmedia":[{"embeddable":true,"href":"https:\/\/swissmassage.weprocess.dev\/de\/wp-json\/wp\/v2\/media\/14919"}],"wp:attachment":[{"href":"https:\/\/swissmassage.weprocess.dev\/de\/wp-json\/wp\/v2\/media?parent=14918"}],"wp:term":[{"taxonomy":"pwb-brand","embeddable":true,"href":"https:\/\/swissmassage.weprocess.dev\/de\/wp-json\/wp\/v2\/pwb-brand?post=14918"},{"taxonomy":"product_brand","embeddable":true,"href":"https:\/\/swissmassage.weprocess.dev\/de\/wp-json\/wp\/v2\/product_brand?post=14918"},{"taxonomy":"product_cat","embeddable":true,"href":"https:\/\/swissmassage.weprocess.dev\/de\/wp-json\/wp\/v2\/product_cat?post=14918"},{"taxonomy":"product_tag","embeddable":true,"href":"https:\/\/swissmassage.weprocess.dev\/de\/wp-json\/wp\/v2\/product_tag?post=14918"},{"taxonomy":"product_folder","embeddable":true,"href":"https:\/\/swissmassage.weprocess.dev\/de\/wp-json\/wp\/v2\/product_folder?post=14918"}],"curies":[{"name":"wp","href":"https:\/\/api.w.org\/{rel}","templated":true}]}}