{"id":14902,"date":"2024-03-04T15:08:07","date_gmt":"2024-03-04T14:08:07","guid":{"rendered":"https:\/\/swissmassage.ch\/produit\/chiropraktik-liege-modell-lym-plus\/"},"modified":"2025-10-02T14:47:04","modified_gmt":"2025-10-02T12:47:04","slug":"chiropraktik-liege-modell-lym-plus","status":"publish","type":"product","link":"https:\/\/swissmassage.weprocess.dev\/de\/produits\/chiropraktik-liege-modell-lym-plus\/","title":{"rendered":"Appa Modell Chiropraktik-Tisch"},"content":{"rendered":"<h2>Appa Modell Chiropraktik-Tisch<\/h2>\n<p><strong>Motorisierte Funktionen:<\/strong><br \/>\nH\u00f6he (flache Position): 60-80 cm<\/p>\n<p><strong>Manuelle Funktionen:<\/strong><br \/>\nVerstellbare Kopfst\u00fctze: Neigung, H\u00f6he und Abstand zwischen den beiden Teilen<br \/>\nAusziehbares Fu\u00dfst\u00fctzenteil bis zu 13 cm und verstellbare Neigung (0\u00ba bis +30\u00ba)<br \/>\n3 Sektionen mit verstellbarer Senk- und Fu\u00dfbet\u00e4tigung: Brust-, Lendenwirbel- und Beckenbereich<br \/>\n.1 Sektion mit verstellbarer Sprengung und manueller Bet\u00e4tigung: zervikal<\/p>\n<p><strong>Inklusive:<\/strong><br \/>\nH\u00f6he (flache Position): 60-80 cm<br \/>\nVerstellbare Kopfst\u00fctze: Neigung, H\u00f6he und Abstand zwischen den beiden Teilen<br \/>\nAusziehbares Fu\u00dfst\u00fctzenteil bis zu 13 cm und verstellbare Neigung (0\u00ba bis +30\u00ba)<br \/>\n3 Abschnitte mit verstellbarer Senk- und Fu\u00dfbet\u00e4tigung: Brust-, Lenden- und Beckenbet\u00e4tigung<br \/>\n.1 Sektion mit verstellbarer Senkung und manueller Bet\u00e4tigung: Halswirbels\u00e4ule<br \/>\nFu\u00df<br \/>\nmit Fernbedienung Armlehnen<br \/>\nRollenhalter im oberen<br \/>\nTeil 2 R\u00e4der f\u00fcr eine einfache<br \/>\nBewegung Verstellbarer Fu\u00df zur Gew\u00e4hrleistung der Stabilit\u00e4t<\/p>\n<p><strong>Technische Merkmale:<\/strong><br \/>\nL\u00e4nge: 176-189 cm Breite: 54 cm H\u00f6he: 60-80 cm<br \/>\nGewicht: 100 kg<br \/>\nMaximale Belastung 225 kg<br \/>\nMotoren: 1<br \/>\nSchaumstoffst\u00e4rke 9,5 cm<br \/>\nDichte: 36 kg\/m3<br \/>\nPolsterung: MED PVC<br \/>\n7-teiliger Tisch<\/p>\n<p><span style=\"font-size: 10pt;\"><strong>Zertifizierung:<\/strong><br \/>\nMedizinprodukt der Klasse I. Europ\u00e4ische Verordnung (EU) 2017\/745 \u00fcber Medizinprodukte<br \/>\n<\/span><\/p>\n<p><strong>Video Chiro Tisch:<\/strong><\/p>\n<div style=\"width: 1170px;\" class=\"wp-video\"><video class=\"wp-video-shortcode\" id=\"video-14902-1\" width=\"1170\" height=\"658\" preload=\"metadata\" controls=\"controls\"><source type=\"video\/mp4\" src=\"https:\/\/swissmassage.weprocess.dev\/wp-content\/uploads\/Table-de-Chiropratie-modele-Lym-Plus-de-Coinfycare-Swissmassage.mp4?_=1\" \/><a href=\"https:\/\/swissmassage.weprocess.dev\/wp-content\/uploads\/Table-de-Chiropratie-modele-Lym-Plus-de-Coinfycare-Swissmassage.mp4\">https:\/\/swissmassage.weprocess.dev\/wp-content\/uploads\/Table-de-Chiropratie-modele-Lym-Plus-de-Coinfycare-Swissmassage.mp4<\/a><\/video><\/div>\n","protected":false},"excerpt":{"rendered":"<p>Appa Modell Chiropraktik-Tisch Motorisierte Funktionen: H\u00f6he (flache Position): 60-80 cm Manuelle Funktionen: Verstellbare Kopfst\u00fctze: Neigung, H\u00f6he und Abstand zwischen den beiden Teilen Ausziehbares Fu\u00dfst\u00fctzenteil bis zu 13 cm und verstellbare Neigung (0\u00ba bis +30\u00ba) 3 Sektionen mit verstellbarer Senk- und Fu\u00dfbet\u00e4tigung: Brust-, Lendenwirbel- und Beckenbereich .1 Sektion mit verstellbarer Sprengung und manueller Bet\u00e4tigung: zervikal Inklusive:&hellip;<\/p>\n","protected":false},"featured_media":14903,"template":"","meta":{"_seopress_robots_primary_cat":"none","_seopress_titles_title":"Lym Plus Modell Chiropraktik-Liege - Swissmassage","_seopress_titles_desc":"Die Chiropraktikliege des Modells Lym Plus bietet optimale Unterst\u00fctzung und \u00fcberragenden Komfort f\u00fcr effektive und professionelle chiropraktliegen Behandlungen.","_seopress_robots_index":""},"pwb-brand":[],"product_brand":[],"product_cat":[1331,1378],"product_tag":[1412,1413,1411],"product_folder":[],"class_list":{"0":"post-14902","1":"product","2":"type-product","3":"status-publish","4":"has-post-thumbnail","6":"product_cat-alle-physio-medizinischen-artikel","7":"product_cat-chiropraktik-liegen","8":"product_tag-chiro-de","9":"product_tag-chiro-liege","10":"product_tag-medizinisch","12":"first","13":"instock","14":"sale","15":"taxable","16":"shipping-taxable","17":"purchasable","18":"product-type-simple"},"exclude_global_add_ons":[],"addons":[],"brands":[],"_links":{"self":[{"href":"https:\/\/swissmassage.weprocess.dev\/de\/wp-json\/wp\/v2\/product\/14902","targetHints":{"allow":["GET"]}}],"collection":[{"href":"https:\/\/swissmassage.weprocess.dev\/de\/wp-json\/wp\/v2\/product"}],"about":[{"href":"https:\/\/swissmassage.weprocess.dev\/de\/wp-json\/wp\/v2\/types\/product"}],"wp:featuredmedia":[{"embeddable":true,"href":"https:\/\/swissmassage.weprocess.dev\/de\/wp-json\/wp\/v2\/media\/14903"}],"wp:attachment":[{"href":"https:\/\/swissmassage.weprocess.dev\/de\/wp-json\/wp\/v2\/media?parent=14902"}],"wp:term":[{"taxonomy":"pwb-brand","embeddable":true,"href":"https:\/\/swissmassage.weprocess.dev\/de\/wp-json\/wp\/v2\/pwb-brand?post=14902"},{"taxonomy":"product_brand","embeddable":true,"href":"https:\/\/swissmassage.weprocess.dev\/de\/wp-json\/wp\/v2\/product_brand?post=14902"},{"taxonomy":"product_cat","embeddable":true,"href":"https:\/\/swissmassage.weprocess.dev\/de\/wp-json\/wp\/v2\/product_cat?post=14902"},{"taxonomy":"product_tag","embeddable":true,"href":"https:\/\/swissmassage.weprocess.dev\/de\/wp-json\/wp\/v2\/product_tag?post=14902"},{"taxonomy":"product_folder","embeddable":true,"href":"https:\/\/swissmassage.weprocess.dev\/de\/wp-json\/wp\/v2\/product_folder?post=14902"}],"curies":[{"name":"wp","href":"https:\/\/api.w.org\/{rel}","templated":true}]}}