{"id":14894,"date":"2024-03-04T17:00:06","date_gmt":"2024-03-04T16:00:06","guid":{"rendered":"https:\/\/swissmassage.ch\/produit\/chiropraktik-liege-modell-goond\/"},"modified":"2024-03-04T17:00:06","modified_gmt":"2024-03-04T16:00:06","slug":"chiropraktik-liege-modell-goond","status":"publish","type":"product","link":"https:\/\/swissmassage.weprocess.dev\/de\/produits\/chiropraktik-liege-modell-goond\/","title":{"rendered":"Goond Modell Chiropraktik Liege"},"content":{"rendered":"<h2>Goond Modell Chiropraktik Liege<\/h2>\n<p><strong>Motorisierte Funktionen:<\/strong> H\u00f6he 56-80 cm. Per Fu\u00dfauftrag. <strong>Manuelle Funktionen:<\/strong> Verstellbare Kopfst\u00fctze (-15\u00ba bis +20\u00ba). Gaskolben Verstellbares Brustteil (-15\u00ba bis +18\u00ba). Gaskolben Einstellbarer Beckenbereich (0\u00ba bis +20\u00ba). Manuell verstellbare Fu\u00dfst\u00fctze (0\u00ba bis +50\u00ba). Manuell <strong>Inklusive:<\/strong> Zwei einziehbare Schwenkr\u00e4der und 2 feste R\u00e4der f\u00fcr eine einfache Bewegung Vier Abschnitte: Hals-, Brust-, Lenden- und Beckenbereich Geteiltes Bauchdesign &#8211; Brustteil kann angehoben oder abgesenkt werden Maximaler Zugabstand 10 cm (zwischen Lenden- und Beckenbereich) <strong>Technische Merkmale:<\/strong> L\u00e4nge: 172 cm Breite: 56 cm H\u00f6he: 56-80 cm Gewicht: 136 kg Maximale Belastung 250 kg Motoren: 2 Schaumstoffst\u00e4rke 7 cm Dichte: 36 kg\/m3 Polsterung: MED PVC 7-teiliger Liege        <span style=\"font-size: 10pt;\"><strong>Zertifizierung:<\/strong> Medizinprodukt der Klasse I. Europ\u00e4ische Medizinprodukteverordnung CE, FDA, ISO13485-2016, EN60601  <\/span><\/p>\n<p><strong>Video Goond Modell Chiro Liege: <\/strong><\/p>\n<div style=\"width: 1170px;\" class=\"wp-video\"><video class=\"wp-video-shortcode\" id=\"video-14894-1\" width=\"1170\" height=\"658\" preload=\"metadata\" controls=\"controls\"><source type=\"video\/mp4\" src=\"https:\/\/swissmassage.weprocess.dev\/wp-content\/uploads\/Video-table-de-Chiro-modele-Goond-Coinfycare-Swissmassage.mp4?_=1\" \/><a href=\"https:\/\/swissmassage.weprocess.dev\/wp-content\/uploads\/Video-table-de-Chiro-modele-Goond-Coinfycare-Swissmassage.mp4\">https:\/\/swissmassage.weprocess.dev\/wp-content\/uploads\/Video-table-de-Chiro-modele-Goond-Coinfycare-Swissmassage.mp4<\/a><\/video><\/div>\n<p><strong> <\/strong><\/p>\n","protected":false},"excerpt":{"rendered":"<p>Goond Modell Chiropraktik Liege Motorisierte Funktionen: H\u00f6he 56-80 cm. Per Fu\u00dfauftrag. Manuelle Funktionen: Verstellbare Kopfst\u00fctze (-15\u00ba bis +20\u00ba). Gaskolben Verstellbares Brustteil (-15\u00ba bis +18\u00ba). Gaskolben Einstellbarer Beckenbereich (0\u00ba bis +20\u00ba). Manuell verstellbare Fu\u00dfst\u00fctze (0\u00ba bis +50\u00ba). Manuell Inklusive: Zwei einziehbare Schwenkr\u00e4der und 2 feste R\u00e4der f\u00fcr eine einfache Bewegung Vier Abschnitte: Hals-, Brust-, Lenden- und&hellip;<\/p>\n","protected":false},"featured_media":14895,"template":"","meta":{"_seopress_robots_primary_cat":"none","_seopress_titles_title":"Goond Model Chiropraktik-Liege - Swissmassage","_seopress_titles_desc":"Zwei einziehbare Schwenkr\u00e4der und 2 feste R\u00e4der f\u00fcr eine einfache Bewegung.\nVier Abschnitte: Hals-, Brust-, Lenden- und Beckenbereich. ","_seopress_robots_index":""},"pwb-brand":[],"product_brand":[],"product_cat":[1331,1378],"product_tag":[1412,1413,1411],"product_folder":[],"class_list":{"0":"post-14894","1":"product","2":"type-product","3":"status-publish","4":"has-post-thumbnail","6":"product_cat-alle-physio-medizinischen-artikel","7":"product_cat-chiropraktik-liegen","8":"product_tag-chiro-de","9":"product_tag-chiro-liege","10":"product_tag-medizinisch","12":"first","13":"instock","14":"sale","15":"taxable","16":"shipping-taxable","17":"purchasable","18":"product-type-simple"},"exclude_global_add_ons":[],"addons":[],"brands":[],"_links":{"self":[{"href":"https:\/\/swissmassage.weprocess.dev\/de\/wp-json\/wp\/v2\/product\/14894","targetHints":{"allow":["GET"]}}],"collection":[{"href":"https:\/\/swissmassage.weprocess.dev\/de\/wp-json\/wp\/v2\/product"}],"about":[{"href":"https:\/\/swissmassage.weprocess.dev\/de\/wp-json\/wp\/v2\/types\/product"}],"wp:featuredmedia":[{"embeddable":true,"href":"https:\/\/swissmassage.weprocess.dev\/de\/wp-json\/wp\/v2\/media\/14895"}],"wp:attachment":[{"href":"https:\/\/swissmassage.weprocess.dev\/de\/wp-json\/wp\/v2\/media?parent=14894"}],"wp:term":[{"taxonomy":"pwb-brand","embeddable":true,"href":"https:\/\/swissmassage.weprocess.dev\/de\/wp-json\/wp\/v2\/pwb-brand?post=14894"},{"taxonomy":"product_brand","embeddable":true,"href":"https:\/\/swissmassage.weprocess.dev\/de\/wp-json\/wp\/v2\/product_brand?post=14894"},{"taxonomy":"product_cat","embeddable":true,"href":"https:\/\/swissmassage.weprocess.dev\/de\/wp-json\/wp\/v2\/product_cat?post=14894"},{"taxonomy":"product_tag","embeddable":true,"href":"https:\/\/swissmassage.weprocess.dev\/de\/wp-json\/wp\/v2\/product_tag?post=14894"},{"taxonomy":"product_folder","embeddable":true,"href":"https:\/\/swissmassage.weprocess.dev\/de\/wp-json\/wp\/v2\/product_folder?post=14894"}],"curies":[{"name":"wp","href":"https:\/\/api.w.org\/{rel}","templated":true}]}}