{"id":14888,"date":"2024-03-15T11:44:36","date_gmt":"2024-03-15T10:44:36","guid":{"rendered":"https:\/\/swissmassage.ch\/produit\/verjungendes-massage-ol\/"},"modified":"2026-03-04T15:40:45","modified_gmt":"2026-03-04T14:40:45","slug":"verjungendes-massage-ol","status":"publish","type":"product","link":"https:\/\/swissmassage.weprocess.dev\/de\/produits\/verjungendes-massage-ol\/","title":{"rendered":"Jouvence Massage\u00f6l"},"content":{"rendered":"<h2>Das Massage\u00f6l von Jouvence.<\/h2>\n<p>Er hat einen eleganten, blumigen Duft mit Noten von Jasmin, Orange und Honig.<br \/>\nEs ist hypoallergen und frei von \u00e4therischen \u00d6len.<br \/>\nDas Jouvence Massage\u00f6l eignet sich sowohl f\u00fcr Therapeuten als auch f\u00fcr Cocooning-Momente zu Hause.<br \/>\nFrei von \u00e4therischen \u00d6len und Allergenen \u2013 Es erm\u00f6glicht Massagen in v\u00f6lliger Gelassenheit<\/p>\n<div>\n<p><strong>Anwendung<\/strong> : Kann sowohl als Massage\u00f6l als auch als Pflege\u00f6l verwendet werden, um K\u00f6rper und Gesicht mit Feuchtigkeit zu versorgen und zu parf\u00fcmieren.<br \/>\n<strong>Duft<\/strong>: Angenehme, sehr s\u00fc\u00dfe blumige Noten, die an fr\u00fche Kindheit erinnern.<br \/>\n<strong>Eigenschaften<\/strong> : N\u00e4hrt, gl\u00e4ttet und beruhigt die Haut durch seine Vitamine E und D sowie die nat\u00fcrlich enthaltenen Omega 3, 6 und 9.<br \/>\n<strong>Textur<\/strong> : Ideal zum Massieren, hat einen samtigen Griff, ohne einen fettigen Film zu hinterlassen.<br \/>\n<strong>Nat\u00fcrlich<\/strong> : 99,7% <strong>Organisch<\/strong> : 99,2% <strong>\u00c4therisches \u00d6l<\/strong> : Keine <strong>Vorsichtsma\u00dfnahmen<\/strong> : Keine \/\/ Geeignet f\u00fcr Schwangerschaft, Stillzeit und f\u00fcr Kinder.<br \/>\n<strong>Zutaten<\/strong> : Sonnenblumen\u00f6l, Oliven\u00f6l, Duftstoff, Rosmarin-Extrakt CO2<em><br \/>\n<\/em> Hergestellt in der Schweiz.<\/p>\n<h2>Gebrauchsanweisung<strong><br \/>\n<\/strong><\/h2>\n<h3><strong>Massage\u00f6l f\u00fcr Therapeuten, aber nicht nur!<\/strong><\/h3>\n<p><strong>F\u00fcr eine<span class=\"ILfuVd\" lang=\"fr\"><span class=\"hgKElc\"> Massage: <\/span><\/span> <\/strong><span class=\"ILfuVd\" lang=\"fr\"><span class=\"hgKElc\">Verwenden Sie die ganze Hand und nicht nur die Fingerspitzen.<br \/>\nVariieren Sie die Massagetechniken: Kneten, Ausblasen, Klopfen, Punktdruck oder tiefes Reiben.<br \/>\nDieses \u00d6l kann sowohl f\u00fcr therapeutische Massagen als auch f\u00fcr den Heimgebrauch verwendet werden. <\/span><\/span><br \/>\n<strong>Um die Haut mit Feuchtigkeit zu versorgen und zu parf\u00fcmieren:<\/strong> Gie\u00dfen Sie t\u00e4glich nach dem Duschen oder Baden auf die noch leicht feuchte Haut einige Tropfen in die Handfl\u00e4che und massieren Sie es sanft ein, bis das Produkt vollst\u00e4ndig eingezogen ist.<\/p>\n<h2>Zusatzinformation<\/h2>\n<p><strong>Kann man Jouvence-\u00d6l erhitzen?<\/strong> Ja, da unsere Massage\u00f6le aus pflanzlichen \u00d6len bestehen, die durch erste Kaltpressung gewonnen werden, unraffiniert und biologisch, sind sie aufgrund dieser Eigenschaften oxidationsempfindlicher als &#8222;gew\u00f6hnliche\/raffinierte&#8220; Pflanzen\u00f6le oder Mineral\u00f6le.<br \/>\nEs ist m\u00f6glich, Massage\u00f6le leicht und vorzugsweise in <strong>kleinen Mengen <\/strong>zu erhitzen, wir empfehlen, 55\u00b0C nicht zu \u00fcberschreiten. <strong>Wie lange sind Massage\u00f6le haltbar?<\/strong> Derzeit k\u00f6nnen Massage\u00f6le nach dem \u00d6ffnen 12 Monate aufbewahrt werden, aber nach diesem Datum empfehlen wir Ihnen, das Produkt zu riechen, um seinen Zustand zu \u00fcberpr\u00fcfen, da sie danach noch lange verwendet werden k\u00f6nnen.<br \/>\nSchlechte Lagerbedingungen k\u00f6nnen die Haltbarkeit verk\u00fcrzen.<br \/>\nUm die Qualit\u00e4t der Massage\u00f6le zu erhalten, muss die Kappe der Originalflasche fest verschlossen und vor Luft, Hitze und Licht gesch\u00fctzt werden. <strong>Ist Jouvence-\u00d6l photosensibilisierend?<\/strong> Nein, denn das Massage\u00f6l von Jouvence sowie alle \u00d6le enthalten keine \u00e4therischen \u00d6le, die als photosensibilisierend bekannt sind.<br \/>\nEs sind bestimmte Verbindungen in \u00e4therischen \u00d6len (haupts\u00e4chlich Furocumarine), die f\u00fcr Hautreaktionen verantwortlich sind, wenn sie der Sonne ausgesetzt sind (UV-Strahlen).<\/p>\n<h2>Philosophie des Jouvence Massage\u00f6ls<\/h2>\n<p>Das Massage\u00f6l Jouvence ist ein Wohlf\u00fchl\u00f6l f\u00fcr die Haut, das aus biologischen Inhaltsstoffen hergestellt wird, die aufgrund ihrer n\u00e4hrenden und regenerierenden Eigenschaften ausgew\u00e4hlt wurden.<br \/>\nDieses \u00d6l vermittelt ein Gef\u00fchl von Weichheit und Vitalit\u00e4t, w\u00e4hrend es Ihren K\u00f6rper mit einem zarten und bet\u00f6renden Duft umh\u00fcllt.<br \/>\nDank seiner Basis aus Sonnenblumen- und Oliven\u00f6l versorgt das Massage\u00f6l Jouvence die Haut tief mit Feuchtigkeit und n\u00e4hrt sie und macht sie weich, geschmeidig und strahlend.<br \/>\nDiese \u00d6le, die reich an essentiellen Fetts\u00e4uren sind, tragen zur Wiederherstellung der nat\u00fcrlichen Barriere der Haut bei und bieten Schutz vor Austrocknung und \u00e4u\u00dferen Einfl\u00fcssen.<br \/>\nDer subtile Duft des Jouvence Massage\u00f6ls ist ein wahrer Genuss f\u00fcr die Sinne.<br \/>\nDieses zart duftende \u00d6l hinterl\u00e4sst einen berauschenden, duftenden Schleier auf der Haut, der an die bet\u00f6renden D\u00fcfte von Blumen und Pflanzen erinnert.<br \/>\nDieser beruhigende und beruhigende Duft schafft eine Atmosph\u00e4re, die der Entspannung und Entspannung f\u00f6rderlich ist und zu einer beruhigenden und revitalisierenden Sinnesreise einl\u00e4dt.<br \/>\nDer im Jouvence Massage\u00f6l enthaltene Rosmarinextrakt sorgt f\u00fcr seine antioxidativen und regenerierenden Eigenschaften.<br \/>\nEs hilft, die Haut vor freien Radikalen zu sch\u00fctzen, die f\u00fcr vorzeitige Hautalterung verantwortlich sind, und f\u00f6rdert gleichzeitig den Zellumsatz f\u00fcr eine strahlendere, j\u00fcnger aussehende Haut.<br \/>\nDas Massage\u00f6l von Jouvence ist eine wahre Fundgrube des Wohlbefindens f\u00fcr Haut und Sinne.<br \/>\nDieses \u00d6l umh\u00fcllt Ihren K\u00f6rper mit exquisiter Weichheit und einem bet\u00f6renden Duft und l\u00e4dt Sie ein, sich zu entspannen, zu verj\u00fcngen und Ihren nat\u00fcrlichen Glanz wiederzuerlangen.<\/p>\n<\/div>\n","protected":false},"excerpt":{"rendered":"<p>Das Massage\u00f6l von Jouvence. Er hat einen eleganten, blumigen Duft mit Noten von Jasmin, Orange und Honig. Es ist hypoallergen und frei von \u00e4therischen \u00d6len. Das Jouvence Massage\u00f6l eignet sich sowohl f\u00fcr Therapeuten als auch f\u00fcr Cocooning-Momente zu Hause. Frei von \u00e4therischen \u00d6len und Allergenen \u2013 Es erm\u00f6glicht Massagen in v\u00f6lliger Gelassenheit Anwendung : Kann&hellip;<\/p>\n","protected":false},"featured_media":17563,"template":"","meta":{"_seopress_robots_primary_cat":"none","_seopress_titles_title":"","_seopress_titles_desc":"Dieses Massage\u00f6l hat einen eleganten, blumigen Duft mit Noten von Jasmin, Orange und Honig.\r\nEs ist hypoallergen und frei von \u00e4therischen \u00d6len.","_seopress_robots_index":""},"pwb-brand":[],"product_brand":[],"product_cat":[1330,1345,1339,1360],"product_tag":[1404,1403,1401,1402],"product_folder":[],"class_list":{"0":"post-14888","1":"product","2":"type-product","3":"status-publish","4":"has-post-thumbnail","6":"product_cat-alle-massageliegen-massage-ausstattungen","7":"product_cat-alles-massagezubehor","8":"product_cat-massageole","9":"product_cat-schweizer-massageole","10":"product_tag-entspannung","11":"product_tag-massageol","12":"product_tag-massageole","13":"product_tag-ole","15":"first","16":"instock","17":"purchasable","18":"product-type-variable"},"exclude_global_add_ons":[],"addons":[],"brands":[],"_links":{"self":[{"href":"https:\/\/swissmassage.weprocess.dev\/de\/wp-json\/wp\/v2\/product\/14888","targetHints":{"allow":["GET"]}}],"collection":[{"href":"https:\/\/swissmassage.weprocess.dev\/de\/wp-json\/wp\/v2\/product"}],"about":[{"href":"https:\/\/swissmassage.weprocess.dev\/de\/wp-json\/wp\/v2\/types\/product"}],"wp:featuredmedia":[{"embeddable":true,"href":"https:\/\/swissmassage.weprocess.dev\/de\/wp-json\/wp\/v2\/media\/17563"}],"wp:attachment":[{"href":"https:\/\/swissmassage.weprocess.dev\/de\/wp-json\/wp\/v2\/media?parent=14888"}],"wp:term":[{"taxonomy":"pwb-brand","embeddable":true,"href":"https:\/\/swissmassage.weprocess.dev\/de\/wp-json\/wp\/v2\/pwb-brand?post=14888"},{"taxonomy":"product_brand","embeddable":true,"href":"https:\/\/swissmassage.weprocess.dev\/de\/wp-json\/wp\/v2\/product_brand?post=14888"},{"taxonomy":"product_cat","embeddable":true,"href":"https:\/\/swissmassage.weprocess.dev\/de\/wp-json\/wp\/v2\/product_cat?post=14888"},{"taxonomy":"product_tag","embeddable":true,"href":"https:\/\/swissmassage.weprocess.dev\/de\/wp-json\/wp\/v2\/product_tag?post=14888"},{"taxonomy":"product_folder","embeddable":true,"href":"https:\/\/swissmassage.weprocess.dev\/de\/wp-json\/wp\/v2\/product_folder?post=14888"}],"curies":[{"name":"wp","href":"https:\/\/api.w.org\/{rel}","templated":true}]}}