{"id":14866,"date":"2024-03-30T17:47:17","date_gmt":"2024-03-30T16:47:17","guid":{"rendered":"https:\/\/swissmassage.ch\/produit\/kokon-massage-ol\/"},"modified":"2025-09-30T10:02:09","modified_gmt":"2025-09-30T08:02:09","slug":"kokon-massage-ol","status":"publish","type":"product","link":"https:\/\/swissmassage.weprocess.dev\/de\/produits\/kokon-massage-ol\/","title":{"rendered":"Cocoon Massage\u00f6l"},"content":{"rendered":"<h2>Das Massage\u00f6l &#8222;Cocoon&#8220;<\/h2>\n<p>Das Massage\u00f6l Cocoon l\u00e4dt zur Entspannung ein und f\u00f6rdert die Entspannung und das Loslassen, sein Duft ist s\u00fc\u00df und blumig.<\/p>\n<h2>Beschreibung<\/h2>\n<p>Cocoon Massage\u00f6l ist ideal f\u00fcr Therapeuten sowie f\u00fcr Massagen zu Hause.<\/p>\n<p>Die Hauptvorteile des Massage\u00f6ls &#8222;Cocoon&#8220; sind sein Duft, der an Rose und Orange erinnert, sowie seine entspannende Wirkung. Pr\u00e4zise dosiert, ist ihr Duft bet\u00f6rend, ohne berauschend zu sein, und hinterl\u00e4sst eine zart duftende Haut.<\/p>\n<div>\n<p><strong>Anwendung<\/strong> : Komfort- und Entspannungsmassagen. Kann als Massage\u00f6l oder K\u00f6rperpflege\u00f6l verwendet werden.<br \/>\n<strong>Duft<\/strong>: S\u00fc\u00df, fruchtig und blumig.<br \/>\n<strong>Eigenschaften<\/strong> : Pflegt, gl\u00e4ttet und beruhigt die Haut durch seine Vitamine E und D sowie nat\u00fcrlich enthaltene Omega 3, 6 und 9.<br \/>\n<strong>Textur<\/strong> : Ideal zum Massieren, hat einen samtigen Griff, ohne einen Fettfilm zu hinterlassen.<br \/>\n<strong>Nat\u00fcrlich<\/strong> : 100%<br \/>\n<strong>Bio<\/strong> : 100%<br \/>\n<strong>\u00c4therisches \u00d6l<\/strong> : Petitgrain Bigarade, Geranie, Ylang Ylang<br \/>\n<strong>Vorsichtsma\u00dfnahmen<\/strong> : Nicht empfohlen w\u00e4hrend der Schwangerschaft, Stillzeit und bei Kindern unter 6 Jahren.<br \/>\n<strong>Zutaten<\/strong> : Sonnenblumen\u00f6l, Oliven\u00f6l, \u00e4therische \u00d6le (Petitgrain Bigarade, Geranie und Ylang), Rosmarinextrakt CO2<em><br \/>\n<\/em><\/p>\n<h2>Gebrauchsanweisung<strong><br \/>\n<\/strong><\/h2>\n<h3>Massage\u00f6l f\u00fcr Therapeuten, aber nicht nur!<\/h3>\n<p><strong>F\u00fcr eine<span class=\"ILfuVd\" lang=\"fr\"><span class=\"hgKElc\"> Massage: <\/span><\/span> <\/strong><span class=\"ILfuVd\" lang=\"fr\"><span class=\"hgKElc\">Verwenden Sie die ganze Hand und nicht nur die Fingerspitzen. Variieren Sie die Massagetechniken: Kneten, Auseffleurage, Klopfen, Punktdruck oder tiefes Reiben. Dieses \u00d6l kann sowohl f\u00fcr Massagen von Therapeuten als auch f\u00fcr den Gebrauch zu Hause verwendet werden. <\/span><\/span><\/p>\n<\/div>\n<div>\n<p><strong>Um die Haut mit Feuchtigkeit zu versorgen und zu parf\u00fcmieren:<\/strong> Gie\u00dfen Sie t\u00e4glich nach dem Duschen oder Baden auf die noch leicht feuchte Haut einige Tropfen in die Handfl\u00e4che und massieren Sie es sanft ein, bis das Produkt vollst\u00e4ndig eingezogen ist.<\/p>\n<h2>Zusatzinformation<\/h2>\n<p><strong>Kann man Cocoon-\u00d6l erhitzen?<\/strong><br \/>\nJa, da unsere Massage\u00f6le aus pflanzlichen \u00d6len bestehen, die durch erste Kaltpressung gewonnen werden, unraffiniert und biologisch, sind sie aufgrund dieser Eigenschaften oxidationsempfindlicher als &#8222;gew\u00f6hnliche\/raffinierte&#8220; Pflanzen\u00f6le oder Mineral\u00f6le. Es ist m\u00f6glich, Massage\u00f6le leicht und vorzugsweise in kleinen Mengen zu erhitzen, aber wir raten dringend davon ab, \u00fcber 55\u00b0C zu erhitzen.<\/p>\n<p><strong>Wie lange halten Swissmassage Massage\u00f6le?<\/strong><br \/>\nSwissmassage Massage\u00f6le sind nach dem \u00d6ffnen 12 Monate haltbar, aber nach diesem Datum empfehlen wir, das Produkt zu riechen, um seinen Zustand zu \u00fcberpr\u00fcfen, da sie danach noch lange verwendet werden k\u00f6nnen.<br \/>\nSchlechte Lagerbedingungen k\u00f6nnen die Haltbarkeit verk\u00fcrzen. Um die Qualit\u00e4t der Massage\u00f6le zu erhalten, muss der Verschluss auf der Originalflasche fest verschlossen und vor Luft, Hitze und Licht gesch\u00fctzt werden.<\/p>\n<h2>Philosophie des Cocoon Massage\u00f6ls<\/h2>\n<p>Das Cocoon-Massage\u00f6l ist eine echte Einladung zur Beruhigung und Entspannung und vereint die wertvollen Vorteile von Petitgrain Bigarade, Geranie und Ylang Ylang. Jeder dieser Inhaltsstoffe bringt einzigartige Eigenschaften mit, um K\u00f6rper, Geist und Seele zu n\u00e4hren.<br \/>\nPetitgrain bigarade ist bekannt f\u00fcr seine beruhigenden und entspannenden Eigenschaften. Dieses \u00e4therische \u00d6l, das aus den Bl\u00e4ttern und Zweigen des Bitterorangenbaums gewonnen wird, hilft, nerv\u00f6se Spannungen zu lindern und das innere Wohlbefinden zu f\u00f6rdern. Es ist ideal, um Stress und \u00c4ngste abzubauen und eine Atmosph\u00e4re zu schaffen, die der Entspannung f\u00f6rderlich ist.<br \/>\nGeranie hingegen ist bekannt f\u00fcr ihre ausgleichenden und harmonisierenden Eigenschaften. Dieses \u00e4therische \u00d6l, das aus den Bl\u00e4ttern und Bl\u00fcten der Pflanze gewonnen wird, hilft, Emotionen zu regulieren und den Geist zu beruhigen. Es ist besonders vorteilhaft bei der Linderung von Symptomen von Stress und Schlaflosigkeit und f\u00f6rdert so einen erholsamen Schlaf und einen positiven Gem\u00fctszustand.<br \/>\nYlang Ylang ist ber\u00fchmt f\u00fcr seinen bet\u00f6renden Duft und seine aphrodisierenden Eigenschaften. Dieses \u00e4therische \u00d6l, das aus den Bl\u00fcten der Cananga odorata gewonnen wird, hilft, die Muskeln zu entspannen und k\u00f6rperliche und emotionale Spannungen zu l\u00f6sen. Es ist ideal, um die Sinne anzuregen und eine Atmosph\u00e4re der Weichheit und Sinnlichkeit zu f\u00f6rdern.<br \/>\nDurch die Kombination dieser drei kostbaren \u00e4therischen \u00d6le bietet das Cocoon Massage\u00f6l ein einzigartiges sensorisches Erlebnis, das K\u00f6rper und Geist in ein tiefes Gef\u00fchl des Wohlbefindens h\u00fcllt. Ob es darum geht, m\u00fcde Muskeln zu beruhigen, den t\u00e4glichen Stress abzubauen oder einfach nur einen Moment der Entspannung und des Genusses zu bieten, dieses \u00d6l l\u00e4dt Sie ein, sich der Weichheit und Gelassenheit hinzugeben.<\/p>\n<\/div>\n","protected":false},"excerpt":{"rendered":"<p>Das Massage\u00f6l &#8222;Cocoon&#8220; Das Massage\u00f6l Cocoon l\u00e4dt zur Entspannung ein und f\u00f6rdert die Entspannung und das Loslassen, sein Duft ist s\u00fc\u00df und blumig. Beschreibung Cocoon Massage\u00f6l ist ideal f\u00fcr Therapeuten sowie f\u00fcr Massagen zu Hause. Die Hauptvorteile des Massage\u00f6ls &#8222;Cocoon&#8220; sind sein Duft, der an Rose und Orange erinnert, sowie seine entspannende Wirkung. Pr\u00e4zise dosiert,&hellip;<\/p>\n","protected":false},"featured_media":17555,"template":"","meta":{"_seopress_robots_primary_cat":"none","_seopress_titles_title":"","_seopress_titles_desc":"Die Hauptvorteile des Massage\u00f6ls \"Cocoon\" sind sein Duft, der an Rose und Orange erinnert, sowie seine entspannende Wirkung.","_seopress_robots_index":""},"pwb-brand":[],"product_brand":[],"product_cat":[1330,1345,1339,1360],"product_tag":[1404,1403,1401,1402],"product_folder":[],"class_list":{"0":"post-14866","1":"product","2":"type-product","3":"status-publish","4":"has-post-thumbnail","6":"product_cat-alle-massageliegen-massage-ausstattungen","7":"product_cat-alles-massagezubehor","8":"product_cat-massageole","9":"product_cat-schweizer-massageole","10":"product_tag-entspannung","11":"product_tag-massageol","12":"product_tag-massageole","13":"product_tag-ole","15":"first","16":"instock","17":"purchasable","18":"product-type-variable"},"exclude_global_add_ons":[],"addons":[],"brands":[],"_links":{"self":[{"href":"https:\/\/swissmassage.weprocess.dev\/de\/wp-json\/wp\/v2\/product\/14866","targetHints":{"allow":["GET"]}}],"collection":[{"href":"https:\/\/swissmassage.weprocess.dev\/de\/wp-json\/wp\/v2\/product"}],"about":[{"href":"https:\/\/swissmassage.weprocess.dev\/de\/wp-json\/wp\/v2\/types\/product"}],"wp:featuredmedia":[{"embeddable":true,"href":"https:\/\/swissmassage.weprocess.dev\/de\/wp-json\/wp\/v2\/media\/17555"}],"wp:attachment":[{"href":"https:\/\/swissmassage.weprocess.dev\/de\/wp-json\/wp\/v2\/media?parent=14866"}],"wp:term":[{"taxonomy":"pwb-brand","embeddable":true,"href":"https:\/\/swissmassage.weprocess.dev\/de\/wp-json\/wp\/v2\/pwb-brand?post=14866"},{"taxonomy":"product_brand","embeddable":true,"href":"https:\/\/swissmassage.weprocess.dev\/de\/wp-json\/wp\/v2\/product_brand?post=14866"},{"taxonomy":"product_cat","embeddable":true,"href":"https:\/\/swissmassage.weprocess.dev\/de\/wp-json\/wp\/v2\/product_cat?post=14866"},{"taxonomy":"product_tag","embeddable":true,"href":"https:\/\/swissmassage.weprocess.dev\/de\/wp-json\/wp\/v2\/product_tag?post=14866"},{"taxonomy":"product_folder","embeddable":true,"href":"https:\/\/swissmassage.weprocess.dev\/de\/wp-json\/wp\/v2\/product_folder?post=14866"}],"curies":[{"name":"wp","href":"https:\/\/api.w.org\/{rel}","templated":true}]}}