{"id":14860,"date":"2024-03-30T17:58:18","date_gmt":"2024-03-30T16:58:18","guid":{"rendered":"https:\/\/swissmassage.ch\/produit\/sussmandel-massageol\/"},"modified":"2025-05-07T12:37:04","modified_gmt":"2025-05-07T10:37:04","slug":"sussmandel-massageol","status":"publish","type":"product","link":"https:\/\/swissmassage.weprocess.dev\/de\/produits\/sussmandel-massageol\/","title":{"rendered":"Mandel-S\u00fc\u00dfe-Massage\u00f6l"},"content":{"rendered":"<h2>Mandel-S\u00fc\u00dfe-\u00d6l<\/h2>\n<p>Es ist daf\u00fcr bekannt, weich zu machen und zu beruhigen.<\/p>\n<h2>Beschreibung<\/h2>\n<p>Bio-Mandel-S\u00fc\u00df\u00f6l eignet sich sowohl f\u00fcr Therapeuten als auch f\u00fcr Massagen zu Hause.<br \/>\nDieses \u00d6l wird durch erste Kaltpressung aus Bio-Mandeln gewonnen, die in Italien und Spanien angebaut werden.<br \/>\n<strong>Duft<\/strong>: S\u00fc\u00dfe Mandel mit einem leichten Hauch von Haselnuss<br \/>\n<strong>Textur<\/strong> : Eher \u00f6lig<br \/>\n<strong>Nat\u00fcrlich<\/strong> : 100%<br \/>\n<strong>Biologisch<\/strong> : 100%<br \/>\n<strong>Zutaten:<\/strong> S\u00fc\u00dfmandel\u00f6l<br \/>\n<strong>Besondere Vorsichtsma\u00dfnahmen:<\/strong> Nicht empfohlen f\u00fcr Menschen mit einer Nussallergie Geeignet f\u00fcr Schwangere und Babys<\/p>\n<h2>Massage\u00f6l f\u00fcr Therapeuten, aber nicht nur!<\/h2>\n<p><strong>F\u00fcr eine<span class=\"ILfuVd\" lang=\"fr\"><span class=\"hgKElc\"> Massage: <\/span><\/span> <\/strong><span class=\"ILfuVd\" lang=\"fr\"><span class=\"hgKElc\">Verwenden Sie die ganze Hand und nicht nur die Fingerspitzen.<br \/>\nVariieren Sie die Massagetechniken: Kneten, Ausblasen, Klopfen, Punktdruck oder tiefes Reiben.<br \/>\nDieses \u00d6l kann sowohl f\u00fcr Massagen von Therapeuten als auch f\u00fcr den Gebrauch zu Hause verwendet werden. <\/span><\/span><strong>Um die Haut mit Feuchtigkeit zu versorgen:<\/strong> Gie\u00dfen Sie t\u00e4glich nach dem Duschen oder Baden auf die noch leicht feuchte Haut einige Tropfen in die Handfl\u00e4che und massieren Sie es sanft ein, bis das Produkt vollst\u00e4ndig eingezogen ist.<\/p>\n<h2><strong>Kann man Mandels\u00fc\u00df\u00f6l erhitzen?<\/strong><\/h2>\n<p>Ja, da es sich um ein Pflanzen\u00f6l handelt, das durch erste Kaltpressung gewonnen wird, unraffiniert und biologisch, machen diese Eigenschaften es oxidationsempfindlicher als &#8222;gew\u00f6hnliche\/raffinierte&#8220; Pflanzen\u00f6le oder Mineral\u00f6le.<br \/>\nEs ist m\u00f6glich, Massage\u00f6le leicht und vorzugsweise in kleinen Mengen zu erhitzen, aber wir raten dringend davon ab, \u00fcber 55\u00b0C zu erhitzen.<\/p>\n<h2><strong>Wie lagert man Pflanzen\u00f6le richtig?<\/strong><\/h2>\n<p>Schlechte Lagerbedingungen k\u00f6nnen die Haltbarkeit verk\u00fcrzen.<br \/>\nUm die Qualit\u00e4t der Massage\u00f6le zu erhalten, muss die Kappe der Originalflasche fest verschlossen und vor Luft, Hitze und Licht gesch\u00fctzt werden.<\/p>\n<h2>Philosophie des Mandels\u00fc\u00df\u00f6ls<\/h2>\n<p>Mandels\u00fc\u00dfes Massage\u00f6l ist viel mehr als nur ein K\u00f6rperpflegeprodukt; Es ist ein Elixier des Wohlbefindens, eine zarte Liebkosung f\u00fcr Haut und Geist.<br \/>\nAngereichert mit pflegenden Pflanzen\u00f6len und nat\u00fcrlichen S\u00fc\u00dfmandelextrakten, bietet dieses \u00d6l eine Vielzahl von Vorteilen f\u00fcr K\u00f6rper und Geist.<br \/>\nZun\u00e4chst einmal ist die S\u00fc\u00dfmandel f\u00fcr ihre weichmachenden und weichmachenden Eigenschaften bekannt.<br \/>\nDieses Pflanzen\u00f6l, das reich an essentiellen Fetts\u00e4uren ist, dringt schnell in die Haut ein, versorgt sie tief mit Feuchtigkeit und macht sie weich und geschmeidig.<br \/>\nDie regelm\u00e4\u00dfige Anwendung von Mandels\u00fc\u00dfe-Massage\u00f6l kann helfen, die Haut zu n\u00e4hren und zu revitalisieren und ihren nat\u00fcrlichen Glanz und ihre Gesundheit wiederherzustellen.<br \/>\nDar\u00fcber hinaus ist Mandels\u00fc\u00dfe Massage\u00f6l auch eine gute Wahl, um Muskelverspannungen zu lindern und die Entspannung zu f\u00f6rdern.<br \/>\nDie sanften und beruhigenden Bewegungen der Massage in Kombination mit der seidigen Textur des \u00d6ls helfen, Verspannungen zu l\u00f6sen und m\u00fcde Muskeln zu entspannen, was f\u00fcr ein zutiefst beruhigendes Gef\u00fchl des Wohlbefindens sorgt.<br \/>\nAuf emotionaler Ebene kann das Mandels\u00fc\u00dfe-Massage\u00f6l auch eine beruhigende und entspannende Wirkung haben.<br \/>\nSein s\u00fc\u00dfer und subtiler Duft weckt die Sinne und beruhigt den Geist und schafft eine Atmosph\u00e4re, die der Entspannung und Meditation f\u00f6rderlich ist.<br \/>\nWenn Sie dieses \u00d6l w\u00e4hrend einer Massage verwenden, k\u00f6nnen Sie sich in einen Kokon aus Weichheit und Ruhe geh\u00fcllt f\u00fchlen und angesammelten Stress und Anspannung l\u00f6sen.<br \/>\nMandel-S\u00fc\u00dfe-Massage\u00f6l ist eine Fundgrube an Vorteilen f\u00fcr die Haut, da es sich die n\u00e4hrenden und weichmachenden Eigenschaften der S\u00fc\u00dfmandel zunutze macht.<br \/>\nMit seiner Formel, die zu 100 % aus S\u00fc\u00dfmandel\u00f6l (Prunus amygdalus dulcis-\u00d6l) besteht, bietet dieses \u00d6l luxuri\u00f6se Feuchtigkeit und intensive Pflege f\u00fcr alle Hauttypen, auch f\u00fcr die empfindlichsten.<br \/>\nS\u00fc\u00dfmandel ist bekannt f\u00fcr ihren Reichtum an essentiellen Fetts\u00e4uren, Vitaminen und Antioxidantien, die die Haut in der Tiefe n\u00e4hren und sch\u00fctzen.<br \/>\nDieses leichte \u00d6l zieht leicht in die Haut ein und macht sie weich, geschmeidig und perfekt mit Feuchtigkeit versorgt, ohne einen Fettfilm zu hinterlassen.<br \/>\nZus\u00e4tzlich zu seinen feuchtigkeitsspendenden Eigenschaften hat S\u00fc\u00dfmandel\u00f6l beruhigende und reparierende Eigenschaften, die sich ideal zur Beruhigung gereizter oder zu R\u00f6tungen neigender Haut eignen.<br \/>\nEs hilft auch, Juckreiz und Entz\u00fcndungen zu reduzieren, so dass die Haut ruhig und angenehm bleibt.<br \/>\nDas Mandels\u00fc\u00dfe-Massage\u00f6l eignet sich perfekt f\u00fcr entspannende und beruhigende Massagen, die f\u00fcr ein weiches und angenehmes Gleiten sorgen und die Haut tief n\u00e4hren.<br \/>\nSein zarter, nat\u00fcrlicher Duft umh\u00fcllt den K\u00f6rper mit einem s\u00fc\u00dfen Mandelduft und schafft ein beruhigendes und entspannendes Ambiente.<br \/>\nMandels\u00fc\u00dfes Massage\u00f6l ist ein wahres Elixier der Weichheit f\u00fcr die Haut und bietet dank der pflegenden Eigenschaften der S\u00fc\u00dfmandel eine intensive Feuchtigkeitsversorgung und beruhigende Pflege.<br \/>\nEgal, ob es darum geht, Ihre Haut t\u00e4glich zu pflegen oder Ihnen einen Moment der Entspannung und des Wohlbefindens zu bieten, dieses \u00d6l entf\u00fchrt Sie in eine Welt der Weichheit und des Komforts.<\/p>\n","protected":false},"excerpt":{"rendered":"<p>Mandel-S\u00fc\u00dfe-\u00d6l Es ist daf\u00fcr bekannt, weich zu machen und zu beruhigen. Beschreibung Bio-Mandel-S\u00fc\u00df\u00f6l eignet sich sowohl f\u00fcr Therapeuten als auch f\u00fcr Massagen zu Hause. Dieses \u00d6l wird durch erste Kaltpressung aus Bio-Mandeln gewonnen, die in Italien und Spanien angebaut werden. Duft: S\u00fc\u00dfe Mandel mit einem leichten Hauch von Haselnuss Textur : Eher \u00f6lig Nat\u00fcrlich :&hellip;<\/p>\n","protected":false},"featured_media":17550,"template":"","meta":{"_seopress_robots_primary_cat":"none","_seopress_titles_title":"","_seopress_titles_desc":"Mandels\u00fc\u00dfes Massage\u00f6l ist viel mehr als nur ein K\u00f6rperpflegeprodukt; Es ist ein Elixier des Wohlbefindens, eine zarte Liebkosung f\u00fcr Haut und Geist.","_seopress_robots_index":""},"pwb-brand":[],"product_brand":[],"product_cat":[1330,1345,1339,1360],"product_tag":[1404,1403,1401,1402],"product_folder":[],"class_list":{"0":"post-14860","1":"product","2":"type-product","3":"status-publish","4":"has-post-thumbnail","6":"product_cat-alle-massageliegen-massage-ausstattungen","7":"product_cat-alles-massagezubehor","8":"product_cat-massageole","9":"product_cat-schweizer-massageole","10":"product_tag-entspannung","11":"product_tag-massageol","12":"product_tag-massageole","13":"product_tag-ole","15":"first","16":"instock","17":"purchasable","18":"product-type-variable"},"exclude_global_add_ons":[],"addons":[],"brands":[],"_links":{"self":[{"href":"https:\/\/swissmassage.weprocess.dev\/de\/wp-json\/wp\/v2\/product\/14860","targetHints":{"allow":["GET"]}}],"collection":[{"href":"https:\/\/swissmassage.weprocess.dev\/de\/wp-json\/wp\/v2\/product"}],"about":[{"href":"https:\/\/swissmassage.weprocess.dev\/de\/wp-json\/wp\/v2\/types\/product"}],"wp:featuredmedia":[{"embeddable":true,"href":"https:\/\/swissmassage.weprocess.dev\/de\/wp-json\/wp\/v2\/media\/17550"}],"wp:attachment":[{"href":"https:\/\/swissmassage.weprocess.dev\/de\/wp-json\/wp\/v2\/media?parent=14860"}],"wp:term":[{"taxonomy":"pwb-brand","embeddable":true,"href":"https:\/\/swissmassage.weprocess.dev\/de\/wp-json\/wp\/v2\/pwb-brand?post=14860"},{"taxonomy":"product_brand","embeddable":true,"href":"https:\/\/swissmassage.weprocess.dev\/de\/wp-json\/wp\/v2\/product_brand?post=14860"},{"taxonomy":"product_cat","embeddable":true,"href":"https:\/\/swissmassage.weprocess.dev\/de\/wp-json\/wp\/v2\/product_cat?post=14860"},{"taxonomy":"product_tag","embeddable":true,"href":"https:\/\/swissmassage.weprocess.dev\/de\/wp-json\/wp\/v2\/product_tag?post=14860"},{"taxonomy":"product_folder","embeddable":true,"href":"https:\/\/swissmassage.weprocess.dev\/de\/wp-json\/wp\/v2\/product_folder?post=14860"}],"curies":[{"name":"wp","href":"https:\/\/api.w.org\/{rel}","templated":true}]}}