{"id":14854,"date":"2024-03-30T18:10:45","date_gmt":"2024-03-30T17:10:45","guid":{"rendered":"https:\/\/swissmassage.ch\/produit\/sanftes-winter-massage-ol\/"},"modified":"2024-09-06T14:01:26","modified_gmt":"2024-09-06T12:01:26","slug":"sanftes-winter-massage-ol","status":"publish","type":"product","link":"https:\/\/swissmassage.weprocess.dev\/de\/produits\/sanftes-winter-massage-ol\/","title":{"rendered":"Douceur d&#8217;Hiver Massage\u00f6l"},"content":{"rendered":"<h2>Das Massage\u00f6l Douceur d&#8217;Hiver.<\/h2>\n<p>Lassen Sie sich vom Zauber des Winters mitrei\u00dfen mit unserem exquisiten Massage\u00f6l, das speziell entwickelt wurde, um Ihnen ein wohliges W\u00e4rmegef\u00fchl zu vermitteln.<br \/>\nSorgf\u00e4ltig ausgew\u00e4hlte \u00e4therische \u00d6le aus Orange, Zimt und Nelken bilden eine harmonische Mischung, die an die s\u00fc\u00dfen und warmen Freuden der Wintersaison erinnert.<\/p>\n<h2>Beschreibung<\/h2>\n<p>Entdecken Sie unser Massage\u00f6l &#8222;Douceur d&#8217;Hiver&#8220;, ein umh\u00fcllendes Sinneserlebnis, das die beruhigenden Eigenschaften der \u00e4therischen \u00d6le von Orange, Zimt und Nelke kombiniert.<br \/>\nIdeal nach einem anstrengenden Tag oder um an den langen Winterabenden eine gem\u00fctliche Atmosph\u00e4re zu schaffen.<br \/>\nDas Massage\u00f6l &#8222;Winter Sweetness&#8220; ist ideal f\u00fcr Therapeuten sowie f\u00fcr Massagen zu Hause.<\/p>\n<div>\n<p><strong>Anwendung<\/strong> : Komfortmassagen f\u00fcr einen warmen und wohltuenden Moment.<br \/>\nKann als Massage\u00f6l oder K\u00f6rperpflege\u00f6l verwendet werden.<br \/>\n<strong>Duft: <\/strong> S\u00fc\u00df, zitrusartig, fruchtig, w\u00fcrzig, erinnert an Weihnachtspl\u00e4tzchen.<br \/>\n<strong>Eigenschaften<\/strong> : N\u00e4hrt, gl\u00e4ttet und beruhigt die Haut durch seine Vitamine E und D sowie die nat\u00fcrlich enthaltenen Omega 3, 6 und 9. <strong>Textur<\/strong> : Ideal zum Massieren mit <strong>w\u00e4rmender Wirkung<\/strong>.<br \/>\nSamtiger Griff, ohne einen Fettfilm zu hinterlassen.<br \/>\n<strong>Nat\u00fcrlich<\/strong> : 100%<br \/>\n<strong>Organisch<\/strong> : 100%<br \/>\n<strong>\u00c4therische \u00d6le<\/strong> : Destillierte Orange, Zimt und <strong>Nelken<br \/>\nVorsichtsma\u00dfnahmen<\/strong> : Nicht empfohlen w\u00e4hrend der Schwangerschaft, Stillzeit und bei Kindern unter 6 Jahren.<br \/>\n<strong>Zutaten<\/strong> : Sonnenblumen\u00f6l, Oliven\u00f6l, \u00c4therische \u00d6le (Destillierte S\u00fc\u00dforange, Zimt und Nelke), Rosmarin-Extrakt CO2<\/p>\n<h2>Gebrauchsanweisung<strong><br \/>\n<\/strong><\/h2>\n<h3>Massage\u00f6l f\u00fcr Therapeuten, aber nicht nur!<\/h3>\n<p><strong>F\u00fcr eine<span class=\"ILfuVd\" lang=\"fr\"><span class=\"hgKElc\"> Massage: <\/span><\/span> <\/strong><span class=\"ILfuVd\" lang=\"fr\"><span class=\"hgKElc\">Verwenden Sie die ganze Hand und nicht nur die Fingerspitzen.<br \/>\nVariieren Sie die Massagetechniken: Kneten, Ausblasen, Klopfen, Punktdruck oder tiefes Reiben.<br \/>\nDieses \u00d6l kann sowohl f\u00fcr Massagen von Therapeuten als auch f\u00fcr den Gebrauch zu Hause verwendet werden. <\/span><\/span><\/p>\n<\/div>\n<div>\n<p><strong>Um die Haut mit Feuchtigkeit zu versorgen und zu parf\u00fcmieren:<\/strong> Gie\u00dfen Sie nach dem Duschen oder Baden auf der leicht feuchten Haut einige Tropfen in die Handfl\u00e4che und massieren Sie es sanft ein, bis das Produkt vollst\u00e4ndig eingezogen ist.<\/p>\n<h2>Zusatzinformation<\/h2>\n<p><strong>Kann man Winter Sweetness \u00d6l erhitzen?<\/strong> Ja, da unsere Massage\u00f6le aus pflanzlichen \u00d6len bestehen, die durch erste Kaltpressung gewonnen werden, unraffiniert und biologisch, sind sie aufgrund dieser Eigenschaften oxidationsempfindlicher als &#8222;gew\u00f6hnliche\/raffinierte&#8220; Pflanzen\u00f6le oder Mineral\u00f6le.<br \/>\nEs ist m\u00f6glich, Massage\u00f6le leicht und vorzugsweise in kleinen Mengen zu erhitzen, aber wir raten dringend davon ab, \u00fcber 55\u00b0C zu erhitzen. <strong>Wie lange sind Swissmassage Massage\u00f6le haltbar?<\/strong> Swissmassage Massage\u00f6le k\u00f6nnen nach dem \u00d6ffnen 12 Monate aufbewahrt werden, aber nach diesem Datum empfehlen wir, das Produkt zu riechen, um seinen Zustand zu \u00fcberpr\u00fcfen, da sie danach noch lange verwendet werden k\u00f6nnen.<br \/>\nSchlechte Lagerbedingungen k\u00f6nnen die Haltbarkeit verk\u00fcrzen.<br \/>\nUm die Qualit\u00e4t der Massage\u00f6le zu erhalten, muss die Kappe der Originalflasche fest verschlossen und vor Luft, Hitze und Licht gesch\u00fctzt werden.<\/p>\n<h2>Philosophie des Douceur d&#8217;Hiver Massage\u00f6ls<\/h2>\n<p>Eine Einladung zur Harmonie und Entspannung wird unter dem vielsagenden Namen Douceur d&#8217;Hiver pr\u00e4sentiert. Dieses Bio-Massage\u00f6l, das sorgf\u00e4ltig in der Schweiz hergestellt wird, verk\u00f6rpert die Z\u00e4rtlichkeit der Winterzeit und sorgt mit seinen Zitrusessenzen f\u00fcr eine erfrischende Note, die ein einzigartiges Sinneserlebnis schafft. Douceur d&#8217;Hiver ist eine wahre Liebkosung f\u00fcr K\u00f6rper und Geist, die eine perfekte Balance zwischen Komfort und Revitalisierung bietet. Angereichert mit pflegenden, biologischen Pflanzen\u00f6len, verbindet dieses Massage\u00f6l die S\u00fc\u00dfe der S\u00fc\u00dfmandel mit der belebenden Frische von Zitrusfr\u00fcchten wie S\u00fc\u00dforange, heller Zitrone und prickelnder Grapefruit. Diese harmonische Kombination weckt die Sinne und sorgt f\u00fcr ein zutiefst wohltuendes Wohlgef\u00fchl. Douceur d&#8217;Hiver ist ein wertvoller Verb\u00fcndeter f\u00fcr eine Vielzahl von Massagen, von denen jede ihre einzigartigen Vorteile f\u00fcr K\u00f6rper und Geist mit sich bringt. F\u00fcr totale Entspannung nach einem Skitag hilft eine entspannende Massage mit \u00e4therischen Zitrus\u00f6len, m\u00fcde Muskeln zu beruhigen und mit ihren sonnigen Noten die Sinne zu wecken. F\u00fcr einen Moment der Revitalisierung und Erfrischung kann eine energetisierende Massage mit Douceur d&#8217;Hiver den Geist beleben und die Durchblutung anregen und ein Gef\u00fchl von Leichtigkeit und Vitalit\u00e4t hinterlassen. Ob f\u00fcr eine entspannende, energetisierende Massage oder einfach nur, um Ihrer Winter-Wellness-Routine einen Hauch von Sanftheit zu verleihen, Douceur d&#8217;Hiver begleitet Sie auf Ihrer Reise zu Ruhe und Gelassenheit. Lassen Sie sich in der Ruhe der Schweizer Alpen von der beruhigenden Magie des Douceur d&#8217;Hiver umh\u00fcllen und lassen Sie jedes Tr\u00f6pfchen die s\u00fc\u00dfen Geheimnisse der sch\u00f6nsten Jahreszeit fl\u00fcstern. In einem alpinen Chalet im Herzen der majest\u00e4tischen schneebedeckten Schweizer Berge. W\u00e4hrend Sie gem\u00fctlich auf einer Massageliege sitzen, str\u00f6mt eine sanfte W\u00e4rme aus dem knisternden Kaminfeuer. Das Feuer wirft tanzende Schatten auf die Holzw\u00e4nde und schafft eine warme und beruhigende Atmosph\u00e4re. Der Masseur beginnt, sanfte und beruhigende Bewegungen auf Ihre Haut anzuwenden, Sie sp\u00fcren, wie sich ein tiefes Gef\u00fchl des Wohlbefindens in Ihnen einnistet. Die W\u00e4rme des Feuers verschmilzt mit der sanften W\u00e4rme ihrer fachkundigen H\u00e4nde und schafft eine perfekte Harmonie zwischen dem Komfort des Kamins und der beruhigenden Wirkung der Massage. Durch das Fenster k\u00f6nnen Sie die Schneeflocken sehen, die sanft in der Luft wirbeln und dieser ohnehin schon idyllischen Szenerie eine magische Note verleihen. Die majest\u00e4tischen Tannen sind mit einem schimmernden wei\u00dfen Mantel bedeckt und schaffen eine auffallend sch\u00f6ne Winterlandschaft. Sie f\u00fchlen sich in Osmose mit der Natur, eingeh\u00fcllt in einen Kokon aus W\u00e4rme und Ruhe. Im weiteren Verlauf der Massage l\u00f6st jede Bewegung die Anspannung, die sich in Ihrem K\u00f6rper aufgebaut hat, und Sie befinden sich in einem Zustand tiefer Entspannung und innerer Ruhe. Sie geben sich voll und ganz diesem Sinneserlebnis hin und genie\u00dfen jeden Moment dieses magischen Moments in dieser Almh\u00fctte, eingelullt von der W\u00e4rme des Feuers, der Weichheit der Massage und der Sch\u00f6nheit des Winters, der sich vor Ihren Augen entfaltet.<\/p>\n<\/div>\n","protected":false},"excerpt":{"rendered":"<p>Das Massage\u00f6l Douceur d&#8217;Hiver. Lassen Sie sich vom Zauber des Winters mitrei\u00dfen mit unserem exquisiten Massage\u00f6l, das speziell entwickelt wurde, um Ihnen ein wohliges W\u00e4rmegef\u00fchl zu vermitteln. Sorgf\u00e4ltig ausgew\u00e4hlte \u00e4therische \u00d6le aus Orange, Zimt und Nelken bilden eine harmonische Mischung, die an die s\u00fc\u00dfen und warmen Freuden der Wintersaison erinnert. Beschreibung Entdecken Sie unser Massage\u00f6l&hellip;<\/p>\n","protected":false},"featured_media":17546,"template":"","meta":{"_seopress_robots_primary_cat":"none","_seopress_titles_title":"","_seopress_titles_desc":"Lassen Sie sich vom Zauber des Winters mitrei\u00dfen mit unserem exquisiten Massage\u00f6l, das speziell entwickelt wurde, um Ihnen ein wohliges W\u00e4rmegef\u00fchl zu vermitteln.","_seopress_robots_index":""},"pwb-brand":[],"product_brand":[],"product_cat":[1330,1345,1339,1360],"product_tag":[1404,1403,1401,1402],"product_folder":[],"class_list":{"0":"post-14854","1":"product","2":"type-product","3":"status-publish","4":"has-post-thumbnail","6":"product_cat-alle-massageliegen-massage-ausstattungen","7":"product_cat-alles-massagezubehor","8":"product_cat-massageole","9":"product_cat-schweizer-massageole","10":"product_tag-entspannung","11":"product_tag-massageol","12":"product_tag-massageole","13":"product_tag-ole","15":"first","16":"instock","17":"purchasable","18":"product-type-variable"},"exclude_global_add_ons":[],"addons":[],"brands":[],"_links":{"self":[{"href":"https:\/\/swissmassage.weprocess.dev\/de\/wp-json\/wp\/v2\/product\/14854","targetHints":{"allow":["GET"]}}],"collection":[{"href":"https:\/\/swissmassage.weprocess.dev\/de\/wp-json\/wp\/v2\/product"}],"about":[{"href":"https:\/\/swissmassage.weprocess.dev\/de\/wp-json\/wp\/v2\/types\/product"}],"wp:featuredmedia":[{"embeddable":true,"href":"https:\/\/swissmassage.weprocess.dev\/de\/wp-json\/wp\/v2\/media\/17546"}],"wp:attachment":[{"href":"https:\/\/swissmassage.weprocess.dev\/de\/wp-json\/wp\/v2\/media?parent=14854"}],"wp:term":[{"taxonomy":"pwb-brand","embeddable":true,"href":"https:\/\/swissmassage.weprocess.dev\/de\/wp-json\/wp\/v2\/pwb-brand?post=14854"},{"taxonomy":"product_brand","embeddable":true,"href":"https:\/\/swissmassage.weprocess.dev\/de\/wp-json\/wp\/v2\/product_brand?post=14854"},{"taxonomy":"product_cat","embeddable":true,"href":"https:\/\/swissmassage.weprocess.dev\/de\/wp-json\/wp\/v2\/product_cat?post=14854"},{"taxonomy":"product_tag","embeddable":true,"href":"https:\/\/swissmassage.weprocess.dev\/de\/wp-json\/wp\/v2\/product_tag?post=14854"},{"taxonomy":"product_folder","embeddable":true,"href":"https:\/\/swissmassage.weprocess.dev\/de\/wp-json\/wp\/v2\/product_folder?post=14854"}],"curies":[{"name":"wp","href":"https:\/\/api.w.org\/{rel}","templated":true}]}}