{"id":14848,"date":"2024-03-30T18:20:47","date_gmt":"2024-03-30T17:20:47","guid":{"rendered":"https:\/\/swissmassage.ch\/produit\/wintergrun-massageol\/"},"modified":"2025-06-09T12:46:35","modified_gmt":"2025-06-09T10:46:35","slug":"wintergrun-massageol","status":"publish","type":"product","link":"https:\/\/swissmassage.weprocess.dev\/de\/produits\/wintergrun-massageol\/","title":{"rendered":"Wintergr\u00fcnes Massage\u00f6l"},"content":{"rendered":"<h2>Wintergreen Massage\u00f6l<\/h2>\n<p>DIE Referenz f\u00fcr Sportmassagen.<br \/>\nEs hat eine leicht w\u00e4rmende Wirkung und wurde entwickelt, um die Sportvorbereitung und -erholung zu erleichtern.<\/p>\n<h2>Beschreibung<\/h2>\n<p>Das Wintergreen Massage\u00f6l ist ideal f\u00fcr Therapeuten sowie f\u00fcr Massagen zu Hause.<br \/>\nEs lindert Muskel- und Gelenkschmerzen und regt die Durchblutung an.<\/p>\n<div>\n<p><strong>Anwendung<\/strong> : Sportmassagen und Tiefenmuskelmassagen.<br \/>\nAls K\u00f6rpermassage\u00f6l verwenden.<br \/>\n<strong>Duft<\/strong>: Warm und kampferartig, typisch f\u00fcr Behandlungen gegen Schmerzen<br \/>\n<strong>Eigenschaften<\/strong> : Pflegt, gl\u00e4ttet und beruhigt die Haut aufgrund seiner nat\u00fcrlich enthaltenen Vitamine E und D sowie Omega 3, 6 und 9.<br \/>\n<strong>Textur<\/strong> : Leichter w\u00e4rmender Effekt, ideal zum Massieren, hat einen samtigen Griff, ohne einen Fettfilm zu hinterlassen.<br \/>\n<strong>Nat\u00fcrlich<\/strong> : 100%<br \/>\n<strong>Bio<\/strong> : 99,8%<br \/>\n<strong>\u00c4therisches \u00d6l<\/strong> : Wintergr\u00fcn, Zitronen-Eukalyptus, Wacholder, Lits\u00e9e<br \/>\n<strong>Vorsichtsma\u00dfnahmen<\/strong> : Nicht empfohlen w\u00e4hrend der Schwangerschaft, Stillzeit und bei Kindern unter 6 Jahren.<br \/>\n<strong>Zutaten<\/strong> : Sonnenblumen\u00f6l, Oliven\u00f6l, \u00c4therische \u00d6le (Wintergr\u00fcn, Wacholder, Zitroneneukalyptus und Litsea), Rosmarinextrakt CO2<em><br \/>\n<\/em><\/p>\n<h2><strong>Gebrauchsanweisung <\/strong><\/h2>\n<h3><strong>Massage\u00f6l f\u00fcr Therapeuten, aber nicht nur!<\/strong><\/h3>\n<p><strong>F\u00fcr eine<\/strong><span class=\"ILfuVd\" lang=\"fr\"><span class=\"hgKElc\"><strong> Massage<\/strong>: <\/span><\/span> <span class=\"ILfuVd\" lang=\"fr\"><span class=\"hgKElc\">Verwenden Sie die ganze Hand und nicht nur die Fingerspitzen.<br \/>\nVariieren Sie die Massagetechniken: Kneten, Ausblasen, Klopfen, Punktdruck oder tiefes Reiben.<br \/>\nDieses \u00d6l kann sowohl f\u00fcr Massagen von Therapeuten als auch f\u00fcr den Gebrauch zu Hause verwendet werden. <\/span><\/span><\/p>\n<h2>Zusatzinformation<\/h2>\n<p><strong>Kann Wintergr\u00fcn\u00f6l erhitzt werden?<\/strong> Ja, da unsere Massage\u00f6le aus pflanzlichen \u00d6len bestehen, die durch erste Kaltpressung gewonnen werden, unraffiniert und biologisch, sind sie aufgrund dieser Eigenschaften oxidationsempfindlicher als &#8222;gew\u00f6hnliche\/raffinierte&#8220; Pflanzen\u00f6le oder Mineral\u00f6le.<br \/>\nEs ist m\u00f6glich, Massage\u00f6le leicht und vorzugsweise in kleinen Mengen zu erhitzen, aber wir raten dringend davon ab, \u00fcber 55\u00b0C zu erhitzen. <strong>Wie lange sind Swissmassage Massage\u00f6le haltbar?<\/strong> Swissmassage Massage\u00f6le k\u00f6nnen nach dem \u00d6ffnen 12 Monate aufbewahrt werden, aber nach diesem Datum empfehlen wir, das Produkt zu riechen, um seinen Zustand zu \u00fcberpr\u00fcfen, da sie danach noch lange verwendet werden k\u00f6nnen.<br \/>\nSchlechte Lagerbedingungen k\u00f6nnen die Haltbarkeit verk\u00fcrzen.<br \/>\nUm die Qualit\u00e4t der Massage\u00f6le zu erhalten, muss die Kappe der Originalflasche fest verschlossen und vor Luft, Hitze und Licht gesch\u00fctzt werden.<\/p>\n<h2>Philosophie des Wintergreen Massage\u00f6ls<\/h2>\n<p>Wintergr\u00fcn, auch bekannt als Gaultheria fragrantissima, ist eine Pflanze, die in S\u00fcdasien beheimatet ist, einschlie\u00dflich Nepal, Indien und Bhutan.<br \/>\nSie geh\u00f6rt zur Familie der Ericaceae.<br \/>\nDiese Pflanze ist bekannt f\u00fcr ihre Bl\u00e4tter, die einen angenehmen Duft verstr\u00f6men, und f\u00fcr ihre roten Beeren.<br \/>\nWintergr\u00fcnes Massage\u00f6l.<br \/>\nSorgf\u00e4ltig im Herzen der Schweiz hergestellt, verk\u00f6rpert dieses Bio-\u00d6l die harmonische Verbindung zwischen der wilden Natur der Berge und der Schweizer Handwerkskunst.<br \/>\nDieses Massage\u00f6l erh\u00e4lt seine Essenz von der kraftvollen gleichnamigen Pflanze, die auch als Gaultheria procumbens bekannt ist.<br \/>\nDas Wintergr\u00fcn ist f\u00fcr seine beruhigenden und belebenden Eigenschaften bekannt und wird seit langem f\u00fcr seine therapeutischen Vorteile gesch\u00e4tzt.<br \/>\nSein frisches und belebendes Aroma erinnert an die belebenden D\u00fcfte der alpinen W\u00e4lder und bietet einen echten Hauch frischer Luft f\u00fcr K\u00f6rper und Geist.<br \/>\nJeder Tropfen Wintergreen Massage\u00f6l ist eine Fundgrube der Reinheit, hergestellt aus biologischen Inhaltsstoffen, die sorgf\u00e4ltig nach ihrer Qualit\u00e4t und Wirksamkeit ausgew\u00e4hlt wurden.<br \/>\nDurch die Kombination von \u00e4therischem Wintergr\u00fcn\u00f6l mit pflanzlichen \u00d6len bietet dieses Massage\u00f6l ein exquisites sensorisches Erlebnis und macht die Haut weich und hydratisiert.<br \/>\nWenn Sie das wintergr\u00fcne Massage\u00f6l \u00fcber Ihre Haut gleiten lassen, werden Sie von einem beruhigenden und beruhigenden Gef\u00fchl umh\u00fcllt, w\u00e4hrend sein belebender Duft Ihre Sinne weckt und Ihren Geist belebt.<br \/>\nOb es darum geht, Muskelverspannungen nach einem Tag voller Abenteuer in den Bergen zu l\u00f6sen oder sich einfach nur einen Moment der Entspannung zu g\u00f6nnen, das wintergr\u00fcne Massage\u00f6l l\u00e4dt Sie ein, sich wieder mit der Natur zu verbinden und jeden Moment des Wohlbefindens in vollen Z\u00fcgen zu genie\u00dfen.<br \/>\nLassen Sie sich in der majest\u00e4tischen Ruhe der Schweizer Alpen von der Magie des wintergr\u00fcnen Massage\u00f6ls mitrei\u00dfen und lassen Sie sich von jedem Tropfen die Geheimnisse des Berges zufl\u00fcstern und Sie in einen Zustand reiner Entspannung und Gelassenheit versetzen.<br \/>\nDas Wintergreen-Massage\u00f6l bietet ein entspannendes und revitalisierendes Erlebnis dank seiner beruhigenden und stimulierenden Eigenschaften, die von den sorgf\u00e4ltig ausgew\u00e4hlten Bio-Inhaltsstoffen stammen, aus denen es besteht.<br \/>\nMit einer Basis aus Sonnenblumen- und Oliven\u00f6len versorgt dieses \u00d6l die Haut tief mit Feuchtigkeit und n\u00e4hrt sie, so dass sie sich weich und geschmeidig anf\u00fchlt.<br \/>\nDas \u00e4therische \u00d6l der Gaultheria fragrantissima, auch bekannt als Wintergr\u00fcn, ist ein wichtiger Bestandteil dieser Formel.<br \/>\nBekannt f\u00fcr seine schmerzstillenden und entz\u00fcndungshemmenden Eigenschaften, hilft es, Muskel- und Gelenkschmerzen zu lindern und eine wirksame und lang anhaltende Linderung zu bieten.<br \/>\nAngereichert mit \u00e4therischen \u00d6len von Juniperus communis und Eucalyptus citriodora, bietet dieses Massage\u00f6l auch tonisierende und belebende Wirkungen.<br \/>\nDiese nat\u00fcrlichen Essenzen erinnern an die frischen, holzigen D\u00fcfte des Waldes und schaffen ein belebendes Ambiente, das die Sinne anregt und den Geist beruhigt.<br \/>\nDas wintergr\u00fcne Massage\u00f6l enth\u00e4lt auch das \u00e4therische \u00d6l Litsea cubeba, das dem Ganzen eine erfrischende zitronige Note verleiht.<br \/>\nSein angenehmer Duft hilft, den Kopf frei zu bekommen und das allgemeine Wohlbefinden zu f\u00f6rdern. Der in diesem Massage\u00f6l enthaltene Rosmarinextrakt vervollst\u00e4ndigt seine Wirkung, indem er antioxidative und regenerierende Eigenschaften bietet.<br \/>\nEs hilft, die Haut vor Umwelteinfl\u00fcssen zu sch\u00fctzen und f\u00f6rdert den Zellumsatz, wodurch die Haut revitalisiert und widerstandsf\u00e4higer wird.<br \/>\nDas Wintergreen-Massage\u00f6l ist ein echter Verb\u00fcndeter bei der Linderung von Muskel- und Gelenkschmerzen und sorgt gleichzeitig f\u00fcr ein Gef\u00fchl von Frische und Vitalit\u00e4t.<br \/>\nOb es darum geht, Verspannungen nach k\u00f6rperlicher Anstrengung zu l\u00f6sen oder einfach nur, um Ihnen einen Moment der Entspannung und des Wohlbefindens zu bieten, dieses \u00d6l erm\u00f6glicht es Ihnen, Ihre nat\u00fcrliche Beweglichkeit und Vitalit\u00e4t wiederzuerlangen.<\/p>\n<\/div>\n","protected":false},"excerpt":{"rendered":"<p>Wintergreen Massage\u00f6l DIE Referenz f\u00fcr Sportmassagen. Es hat eine leicht w\u00e4rmende Wirkung und wurde entwickelt, um die Sportvorbereitung und -erholung zu erleichtern. Beschreibung Das Wintergreen Massage\u00f6l ist ideal f\u00fcr Therapeuten sowie f\u00fcr Massagen zu Hause. Es lindert Muskel- und Gelenkschmerzen und regt die Durchblutung an. Anwendung : Sportmassagen und Tiefenmuskelmassagen. Als K\u00f6rpermassage\u00f6l verwenden. Duft: Warm&hellip;<\/p>\n","protected":false},"featured_media":17541,"template":"","meta":{"_seopress_robots_primary_cat":"none","_seopress_titles_title":"","_seopress_titles_desc":"DIE Referenz f\u00fcr Sportmassagen.\r\nEs hat eine leicht w\u00e4rmende Wirkung und wurde entwickelt, um die Sportvorbereitung und -erholung zu erleichtern.","_seopress_robots_index":""},"pwb-brand":[],"product_brand":[],"product_cat":[1330,1345,1339,1360],"product_tag":[1405,1407,1403,1401,1402,1409,1406],"product_folder":[],"class_list":{"0":"post-14848","1":"product","2":"type-product","3":"status-publish","4":"has-post-thumbnail","6":"product_cat-alle-massageliegen-massage-ausstattungen","7":"product_cat-alles-massagezubehor","8":"product_cat-massageole","9":"product_cat-schweizer-massageole","10":"product_tag-heizung","11":"product_tag-knochensetzer","12":"product_tag-massageol","13":"product_tag-massageole","14":"product_tag-ole","15":"product_tag-sorge","16":"product_tag-sport","18":"first","19":"instock","20":"purchasable","21":"product-type-variable"},"exclude_global_add_ons":[],"addons":[],"brands":[],"_links":{"self":[{"href":"https:\/\/swissmassage.weprocess.dev\/de\/wp-json\/wp\/v2\/product\/14848","targetHints":{"allow":["GET"]}}],"collection":[{"href":"https:\/\/swissmassage.weprocess.dev\/de\/wp-json\/wp\/v2\/product"}],"about":[{"href":"https:\/\/swissmassage.weprocess.dev\/de\/wp-json\/wp\/v2\/types\/product"}],"wp:featuredmedia":[{"embeddable":true,"href":"https:\/\/swissmassage.weprocess.dev\/de\/wp-json\/wp\/v2\/media\/17541"}],"wp:attachment":[{"href":"https:\/\/swissmassage.weprocess.dev\/de\/wp-json\/wp\/v2\/media?parent=14848"}],"wp:term":[{"taxonomy":"pwb-brand","embeddable":true,"href":"https:\/\/swissmassage.weprocess.dev\/de\/wp-json\/wp\/v2\/pwb-brand?post=14848"},{"taxonomy":"product_brand","embeddable":true,"href":"https:\/\/swissmassage.weprocess.dev\/de\/wp-json\/wp\/v2\/product_brand?post=14848"},{"taxonomy":"product_cat","embeddable":true,"href":"https:\/\/swissmassage.weprocess.dev\/de\/wp-json\/wp\/v2\/product_cat?post=14848"},{"taxonomy":"product_tag","embeddable":true,"href":"https:\/\/swissmassage.weprocess.dev\/de\/wp-json\/wp\/v2\/product_tag?post=14848"},{"taxonomy":"product_folder","embeddable":true,"href":"https:\/\/swissmassage.weprocess.dev\/de\/wp-json\/wp\/v2\/product_folder?post=14848"}],"curies":[{"name":"wp","href":"https:\/\/api.w.org\/{rel}","templated":true}]}}