{"id":14842,"date":"2024-03-30T18:29:16","date_gmt":"2024-03-30T17:29:16","guid":{"rendered":"https:\/\/swissmassage.ch\/produit\/zitronen-baum-massage-ol\/"},"modified":"2026-02-23T10:07:23","modified_gmt":"2026-02-23T09:07:23","slug":"zitronen-baum-massage-ol","status":"publish","type":"product","link":"https:\/\/swissmassage.weprocess.dev\/de\/produits\/zitronen-baum-massage-ol\/","title":{"rendered":"Les Citronniers Massage\u00f6l"},"content":{"rendered":"<h2>Les Citronniers Massage\u00f6l<\/h2>\n<p>Bestehend aus \u00e4therischen \u00d6len mit entw\u00e4ssernder Wirkung, die f\u00fcr Anti-Cellulite-Massagen geeignet sind.<br \/>\nEs erfrischt und hilft, schwere Beine zu entlasten.<\/p>\n<h2>Beschreibung<\/h2>\n<p>Das Massage\u00f6l Les Citronniers ist ideal f\u00fcr Therapeuten sowie f\u00fcr Massagen zu Hause.<br \/>\nDas \u00d6l &#8222;Les Citronniers&#8220; ist im Sommer wegen seiner k\u00fchlenden Wirkung sehr beliebt und eignet sich auch f\u00fcr schwere und m\u00fcde Beine, typischerweise f\u00fcr Menschen, die lange stehen.<\/p>\n<div>\n<p><strong>Anwendung<\/strong>: Komfort- und Drainagemassagen, die f\u00fcr Wassereinlagerungen, schwere Beine und Anti-Cellulite-Massagen geeignet sind.<br \/>\nKann als Massage\u00f6l oder K\u00f6rperpflege\u00f6l verwendet werden.<br \/>\n<strong>Duft<\/strong>: Zitronenig, frisch.<br \/>\n<strong>Eigenschaften<\/strong>: N\u00e4hrt, gl\u00e4ttet und beruhigt die Haut durch seine Vitamine E und D sowie die nat\u00fcrlich enthaltenen Omega 3, 6 und 9. <strong>Textur<\/strong>: Ideal zum Einmassieren mit <strong>leichtem K\u00fchleffekt<\/strong><strong>.<br \/>\n<\/strong>Samtiger Griff, ohne einen Fettfilm zu hinterlassen.<br \/>\n<strong><strong>Nat\u00fcrlich<\/strong>: <\/strong>100%<strong><br \/>\n<strong>Bio<\/strong>: <\/strong>98,4%<strong><br \/>\n<strong>\u00c4therisches \u00d6l<\/strong>: <\/strong>Zitronengras, Niaouli, Pfefferminze<strong><br \/>\n<strong>Vorsichtsma\u00dfnahmen<\/strong>: <\/strong>Sonnenblumen\u00f6l, Oliven\u00f6l, \u00c4therische \u00d6le (Palmarosa, Zitronengras, Pfefferminze und Niaouli), Rosmarinextrakt CO2<em><br \/>\n<\/em><\/p>\n<h2><strong>Gebrauchsanweisung <\/strong><\/h2>\n<p><strong>Massage\u00f6l f\u00fcr Therapeuten, aber nicht nur!<\/strong><strong>F\u00fcr eine<span class=\"ILfuVd\" lang=\"fr\"><span class=\"hgKElc\"> Massage: <\/span><\/span><\/strong> <span class=\"ILfuVd\" lang=\"fr\"><span class=\"hgKElc\">Verwenden Sie die ganze Hand und nicht nur die Fingerspitzen.<br \/>\nVariieren Sie die Massagetechniken: Kneten, Ausblasen, Klopfen, Punktdruck oder tiefes Reiben.<br \/>\nDieses \u00d6l kann sowohl f\u00fcr Massagen von Therapeuten als auch f\u00fcr den Gebrauch zu Hause verwendet werden. <\/span><\/span><\/p>\n<p><strong>Um die Haut mit Feuchtigkeit zu versorgen und zu parf\u00fcmieren:<\/strong> Gie\u00dfen Sie t\u00e4glich nach dem Duschen oder Baden auf die noch leicht feuchte Haut einige Tropfen in die Handfl\u00e4che und massieren Sie es sanft ein, bis das Produkt vollst\u00e4ndig eingezogen ist.<\/p>\n<h2><strong>Zusatzinformation<\/strong><\/h2>\n<p><strong>Kann man das Massage\u00f6l von Les Citronniers erhitzen?<\/strong> Ja, da unsere Massage\u00f6le aus pflanzlichen \u00d6len bestehen, die durch erste Kaltpressung gewonnen werden, unraffiniert und biologisch, sind sie aufgrund dieser Eigenschaften oxidationsempfindlicher als &#8222;gew\u00f6hnliche\/raffinierte&#8220; Pflanzen\u00f6le oder Mineral\u00f6le.<br \/>\nEs ist m\u00f6glich, Massage\u00f6le leicht und vorzugsweise in kleinen Mengen zu erhitzen, aber wir raten dringend davon ab, \u00fcber 55\u00b0C zu erhitzen. <strong>Wie lange sind Swissmassage Massage\u00f6le haltbar?<\/strong> Derzeit sind die Massage\u00f6le von Swissmassage nach dem \u00d6ffnen 12 Monate haltbar, aber nach diesem Datum empfehlen wir Ihnen, das Produkt zu riechen, um seinen Zustand zu \u00fcberpr\u00fcfen, da sie danach noch lange verwendet werden k\u00f6nnen.<br \/>\nSchlechte Lagerbedingungen k\u00f6nnen die Haltbarkeit verk\u00fcrzen.<br \/>\nUm die Qualit\u00e4t der Massage\u00f6le zu erhalten, muss die Kappe der Originalflasche fest verschlossen und vor Luft, Hitze und Licht gesch\u00fctzt werden.<\/p>\n<h2>Philosophie des Massage\u00f6ls Les Citronniers<\/h2>\n<p>Eine mediterrane Sensation taucht mit unerwarteter Eleganz auf: Les Citronniers.<br \/>\nDieses Bio-Massage\u00f6l, getr\u00e4nkt mit den bet\u00f6renden Aromen des Mittelmeers, ist aus der Verbindung von Schweizer Know-how und der Lebendigkeit sonniger Zitrusfr\u00fcchte entstanden.<br \/>\nDie Zitronenb\u00e4ume erinnern an die sonnigen Tage und die belebenden D\u00fcfte, die durch die mediterranen H\u00fcgel ziehen.<br \/>\nMit einer sorgf\u00e4ltig zusammengestellten Formel kombiniert dieses Massage\u00f6l gekonnt pflegendes Oliven\u00f6l, ein Wahrzeichen der mediterranen K\u00fcche, mit revitalisierenden Zitronenextrakten.<br \/>\nDiese prickelnden Zitrusfr\u00fcchte bringen eine exquisite Frische mit sich und erinnern an duftende Spazierg\u00e4nge im Herzen bl\u00fchender Obstg\u00e4rten.<br \/>\nBei jeder Anwendung umh\u00fcllt Sie Les Citronniers mit einer warmen Liebkosung, belebt Ihre Sinne und beruhigt Ihren Geist.<br \/>\nDie seidige Textur dieses \u00d6ls gleitet sanft \u00fcber Ihre Haut und bietet einen Moment reiner und authentischer Entspannung, wie eine mediterrane Brise, die Sie an ferne und bezaubernde K\u00fcsten entf\u00fchrt.<br \/>\nEgal, ob Sie dem Stress des Alltags entfliehen oder sich einen Moment des mediterranen Wohlbefindens im Herzen der Schweizer Alpen g\u00f6nnen m\u00f6chten, Les Citronniers l\u00e4dt Sie zu einer unvergesslichen Sinnesflucht ein.<br \/>\nLassen Sie sich in der Ruhe der Schweizer Berge von der bet\u00f6renden Magie dieser mediterranen Aromen wiegen und lassen Sie sich von jedem Tropfen die s\u00fc\u00dfen Geheimnisse des Mittelmeers zufl\u00fcstern.<br \/>\nDas Massage\u00f6l Les Citronniers bietet ein belebendes und erfrischendes Erlebnis, das mit den Vorteilen der sorgf\u00e4ltig ausgew\u00e4hlten Bio-Inhaltsstoffe angereichert ist, aus denen es besteht.<br \/>\nAuf der Basis von Sonnenblumen- und Oliven\u00f6len n\u00e4hrt und befeuchtet dieses \u00d6l die Haut tief und stellt so Geschmeidigkeit und Ausstrahlung wieder her.<br \/>\nDas \u00e4therische \u00d6l Cymbopogon flexuosus, auch bekannt als Java-Zitronengras, ist ein wichtiger Bestandteil dieser Formel.<br \/>\nBekannt f\u00fcr seine stimulierenden und tonisierenden Eigenschaften, hilft es, die Haut zu revitalisieren und die Durchblutung anzuregen, was f\u00fcr einen strahlenden Teint und ein belebendes Frischegef\u00fchl sorgt.<br \/>\nAngereichert mit \u00e4therischen \u00d6len von Melaleuca viridiflora und Mentha piperita, bietet dieses Massage\u00f6l auch reinigende und erfrischende Wirkungen.<br \/>\nDiese nat\u00fcrlichen Essenzen erinnern an die hellen, prickelnden D\u00fcfte von Zitronenbl\u00fcten und schaffen ein revitalisierendes und energetisierendes Ambiente, das die Sinne weckt und den Geist beruhigt.<br \/>\nDer in diesem Massage\u00f6l enthaltene Rosmarinextrakt vervollst\u00e4ndigt seine Wirkung, indem er antioxidative und regenerierende Eigenschaften bietet.<br \/>\nEs hilft, die Haut vor \u00e4u\u00dferen Einfl\u00fcssen zu sch\u00fctzen und f\u00f6rdert die Zellerneuerung, wodurch die Haut revitalisiert und widerstandsf\u00e4higer wird.<br \/>\nDas Massage\u00f6l Les Citronniers ist ein wahrer Energieschub f\u00fcr K\u00f6rper und Geist.<br \/>\nOb es darum geht, die Sinne zu stimulieren, den Geist zu beleben oder sich einfach nur einen Moment der Entspannung und Frische zu g\u00f6nnen, dieses \u00d6l entf\u00fchrt Sie in eine Welt der Vitalit\u00e4t und des Wohlbefindens, in der Sie jeder Atemzug an die Lebendigkeit und Sch\u00f6nheit der Zitronenbl\u00fcten erinnert.<\/p>\n<\/div>\n","protected":false},"excerpt":{"rendered":"<p>Les Citronniers Massage\u00f6l Bestehend aus \u00e4therischen \u00d6len mit entw\u00e4ssernder Wirkung, die f\u00fcr Anti-Cellulite-Massagen geeignet sind. Es erfrischt und hilft, schwere Beine zu entlasten. Beschreibung Das Massage\u00f6l Les Citronniers ist ideal f\u00fcr Therapeuten sowie f\u00fcr Massagen zu Hause. Das \u00d6l &#8222;Les Citronniers&#8220; ist im Sommer wegen seiner k\u00fchlenden Wirkung sehr beliebt und eignet sich auch f\u00fcr&hellip;<\/p>\n","protected":false},"featured_media":17537,"template":"","meta":{"_seopress_robots_primary_cat":"none","_seopress_titles_title":"","_seopress_titles_desc":"Bestehend aus \u00e4therischen \u00d6len mit entw\u00e4ssernder Wirkung, die f\u00fcr Anti-Cellulite-Massagen geeignet sind.\r\nEs erfrischt und hilft, schwere Beine zu entlasten.","_seopress_robots_index":""},"pwb-brand":[],"product_brand":[],"product_cat":[1330,1345,1339,1360],"product_tag":[1405,1407,1403,1401,1402,1409,1406],"product_folder":[],"class_list":{"0":"post-14842","1":"product","2":"type-product","3":"status-publish","4":"has-post-thumbnail","6":"product_cat-alle-massageliegen-massage-ausstattungen","7":"product_cat-alles-massagezubehor","8":"product_cat-massageole","9":"product_cat-schweizer-massageole","10":"product_tag-heizung","11":"product_tag-knochensetzer","12":"product_tag-massageol","13":"product_tag-massageole","14":"product_tag-ole","15":"product_tag-sorge","16":"product_tag-sport","18":"first","19":"instock","20":"purchasable","21":"product-type-variable"},"exclude_global_add_ons":[],"addons":[],"brands":[],"_links":{"self":[{"href":"https:\/\/swissmassage.weprocess.dev\/de\/wp-json\/wp\/v2\/product\/14842","targetHints":{"allow":["GET"]}}],"collection":[{"href":"https:\/\/swissmassage.weprocess.dev\/de\/wp-json\/wp\/v2\/product"}],"about":[{"href":"https:\/\/swissmassage.weprocess.dev\/de\/wp-json\/wp\/v2\/types\/product"}],"wp:featuredmedia":[{"embeddable":true,"href":"https:\/\/swissmassage.weprocess.dev\/de\/wp-json\/wp\/v2\/media\/17537"}],"wp:attachment":[{"href":"https:\/\/swissmassage.weprocess.dev\/de\/wp-json\/wp\/v2\/media?parent=14842"}],"wp:term":[{"taxonomy":"pwb-brand","embeddable":true,"href":"https:\/\/swissmassage.weprocess.dev\/de\/wp-json\/wp\/v2\/pwb-brand?post=14842"},{"taxonomy":"product_brand","embeddable":true,"href":"https:\/\/swissmassage.weprocess.dev\/de\/wp-json\/wp\/v2\/product_brand?post=14842"},{"taxonomy":"product_cat","embeddable":true,"href":"https:\/\/swissmassage.weprocess.dev\/de\/wp-json\/wp\/v2\/product_cat?post=14842"},{"taxonomy":"product_tag","embeddable":true,"href":"https:\/\/swissmassage.weprocess.dev\/de\/wp-json\/wp\/v2\/product_tag?post=14842"},{"taxonomy":"product_folder","embeddable":true,"href":"https:\/\/swissmassage.weprocess.dev\/de\/wp-json\/wp\/v2\/product_folder?post=14842"}],"curies":[{"name":"wp","href":"https:\/\/api.w.org\/{rel}","templated":true}]}}