{"id":14836,"date":"2024-03-30T18:39:13","date_gmt":"2024-03-30T17:39:13","guid":{"rendered":"https:\/\/swissmassage.ch\/produit\/tannenbaum-massage-ol\/"},"modified":"2025-10-13T14:22:23","modified_gmt":"2025-10-13T12:22:23","slug":"tannenbaum-massage-ol","status":"publish","type":"product","link":"https:\/\/swissmassage.weprocess.dev\/de\/produits\/tannenbaum-massage-ol\/","title":{"rendered":"Les Sapins Massage\u00f6l"},"content":{"rendered":"<h2>Das Massage\u00f6l &#8222;Les Sapins&#8220;<\/h2>\n<p>Es stimuliert K\u00f6rper und Geist.<br \/>\nDie holzigen und warmen Noten helfen, die Stimmung zu heben.<\/p>\n<h2>Beschreibung<\/h2>\n<p>Das Massage\u00f6l Les Sapins eignet sich sowohl f\u00fcr Therapeuten als auch f\u00fcr Massagen zu Hause.<br \/>\nIdeal f\u00fcr wechselnde Jahreszeiten und erm\u00fcdende Perioden, ist es formuliert, um einen Schub zu geben und das Gleichgewicht zu f\u00f6rdern.<\/p>\n<div>\n<p><strong>Anwendung<\/strong> : Komfort-, energetisierende und ausgleichende Massagen.<br \/>\nKann als Massage\u00f6l oder K\u00f6rperpflege\u00f6l verwendet werden.<br \/>\n<strong>Duft<\/strong>: Warme und w\u00fcrzige, harzige B\u00e4ume, die an die D\u00fcfte des Waldes erinnern.<br \/>\n<strong>Eigenschaften<\/strong> : N\u00e4hrt, gl\u00e4ttet und beruhigt die Haut durch seine Vitamine E und D sowie die nat\u00fcrlich enthaltenen Omega 3, 6 und 9.<br \/>\n<strong>Textur<\/strong> : Ideal zum Massieren mit <strong>leicht w\u00e4rmendem Effekt<\/strong>.<br \/>\nSamtiger Griff, ohne einen Fettfilm zu hinterlassen.<br \/>\n<strong>Nat\u00fcrlich<\/strong> : 100%<br \/>\n<strong>Organisch<\/strong> : 99,1%<br \/>\n<strong>\u00c4therisches \u00d6l<\/strong> : Ravintsara, Sibirische Tanne, Zimtbaum<br \/>\n<strong>Vorsichtsma\u00dfnahmen<\/strong> : Nicht empfohlen w\u00e4hrend der Schwangerschaft, Stillzeit und bei Kindern unter 6 Jahren.<br \/>\n<strong>Zutaten<\/strong> : Sonnenblumen\u00f6l, Oliven\u00f6l, \u00c4therische \u00d6le (Ravintsara, Tanne und Zimt), Rosmarinextrakt CO2<em><br \/>\n<\/em><\/p>\n<h2>Gebrauchsanweisung<strong><br \/>\n<\/strong><\/h2>\n<h3>Massage\u00f6l f\u00fcr Therapeuten, aber nicht nur!<\/h3>\n<p><strong>F\u00fcr eine<span class=\"ILfuVd\" lang=\"fr\"><span class=\"hgKElc\"> Massage: <\/span><\/span> <\/strong><span class=\"ILfuVd\" lang=\"fr\"><span class=\"hgKElc\">Verwenden Sie die ganze Hand und nicht nur die Fingerspitzen.<br \/>\nVariieren Sie die Massagetechniken: Kneten, Ausblasen, Klopfen, Punktdruck oder tiefes Reiben.<br \/>\nDieses \u00d6l kann sowohl f\u00fcr Massagen von Therapeuten als auch f\u00fcr den Gebrauch zu Hause verwendet werden. <\/span><\/span><\/p>\n<p><strong>Um die Haut mit Feuchtigkeit zu versorgen und zu parf\u00fcmieren:<\/strong> Gie\u00dfen Sie t\u00e4glich nach dem Duschen oder Baden auf die noch leicht feuchte Haut einige Tropfen in die Handfl\u00e4che und massieren Sie es sanft ein, bis das Produkt vollst\u00e4ndig eingezogen ist.<\/p>\n<h2>Zusatzinformation<\/h2>\n<p><strong>Kann man das \u00d6l von Les Sapins erhitzen?<\/strong> Ja, da unsere Massage\u00f6le aus pflanzlichen \u00d6len bestehen, die durch erste Kaltpressung gewonnen werden, unraffiniert und biologisch, sind sie aufgrund dieser Eigenschaften oxidationsempfindlicher als &#8222;gew\u00f6hnliche\/raffinierte&#8220; Pflanzen\u00f6le oder Mineral\u00f6le.<br \/>\nEs ist m\u00f6glich, Massage\u00f6le leicht und vorzugsweise in kleinen Mengen zu erhitzen, aber wir raten dringend davon ab, \u00fcber 55\u00b0C zu erhitzen. <strong>Wie lange sind Swissmassage Massage\u00f6le haltbar?<\/strong> Derzeit sind die Massage\u00f6le von Swissmassage nach dem \u00d6ffnen 12 Monate haltbar, aber nach diesem Datum empfehlen wir Ihnen, das Produkt zu riechen, um seinen Zustand zu \u00fcberpr\u00fcfen, da sie danach noch lange verwendet werden k\u00f6nnen.<br \/>\nSchlechte Lagerbedingungen k\u00f6nnen die Haltbarkeit verk\u00fcrzen.<br \/>\nUm die Qualit\u00e4t der Massage\u00f6le zu erhalten, muss die Kappe der Originalflasche fest verschlossen und vor Luft, Hitze und Licht gesch\u00fctzt werden.<\/p>\n<h2>Die Philosophie des Bio-Massage\u00f6ls von Les Sapins.<\/h2>\n<p>Auf den schneebedeckten Gipfeln der majest\u00e4tischen Schweizer W\u00e4lder, wo stolz Tannen stehen, Tr\u00e4ger der \u00fcberlieferten Weisheit der Berge, beginnt eine neue Geschichte geschrieben zu werden.<br \/>\nLes Sapins, eine olfaktorische Symphonie des Wohlbefindens und der Flucht, entsteht aus der Allianz zwischen der gro\u00dfz\u00fcgigen Natur der Alpen und der Schweizer Handwerkskunst.<br \/>\nDiese Bio-Massage\u00f6le sind das Ergebnis einer wahren Hommage an die Pracht der Schweizer Tannen.<br \/>\nJedes Tr\u00f6pfchen enth\u00e4lt die belebende Essenz von Tannennadeln, eingefangen in einem berauschenden Tanz zwischen Tradition und Innovation.<br \/>\nMit Respekt geerntet und mit nachhaltigen Methoden geerntet, offenbaren diese kostbaren Pflanzenessenzen ihre ganze Kraft in einem Elixier von seltener Reinheit.<br \/>\nDie Tannenb\u00e4ume nehmen Sie mit auf eine einzigartige Sinnesreise, bei der der frische und belebende Duft der Berge Ihre Haut streichelt, w\u00e4hrend die seidige Weichheit des \u00d6ls Ihren K\u00f6rper in eine z\u00e4rtliche Umarmung h\u00fcllt.<br \/>\nOb es darum geht, die Spannungen des Alltags zu lindern oder sich einen Moment purer Entspannung zu g\u00f6nnen, jeder Tropfen dieses Massage\u00f6ls offenbart die beruhigende und regenerierende Kraft der Natur.<br \/>\nTauchen Sie ein in eine imagin\u00e4re Wohlf\u00fchllandschaft, in der die Zeit stehen geblieben ist, in der Sie jede Empfindung zur\u00fcck zum Wesentlichen bringt.<br \/>\nTannen sind viel mehr als nur ein Massage\u00f6l; Sie sind ein Spiegelbild der Schweizer Seele, wo sich die raue Sch\u00f6nheit der Natur mit der raffinierten Eleganz der lokalen Handwerkskunst verbindet.<br \/>\nLassen Sie sich vom Duft der Tannen verzaubern, lassen Sie sich von der sanften Liebkosung ihrer \u00d6le wiegen und lassen Sie sich in eine Welt entf\u00fchren, in der sich Einfachheit auf Luxus reimt, in der die Natur ihre sch\u00f6nsten Sch\u00e4tze bietet.<br \/>\nIn der unber\u00fchrten Umgebung der Schweizer Alpen l\u00e4dt Sie Les Sapins ein, ein unvergessliches Sinneserlebnis zu entdecken, bei dem sich K\u00f6rper und Geist in perfekter Harmonie vereinen.<br \/>\nDas Massage\u00f6l Les Sapins bietet dank seiner Zusammensetzung, die reich an sorgf\u00e4ltig ausgew\u00e4hlten Bio-Inhaltsstoffen ist, ein entspannendes und verj\u00fcngendes Erlebnis, das von der Natur inspiriert ist.<br \/>\nAuf der Basis von Sonnenblumen- und Oliven\u00f6len versorgt dieses \u00d6l die Haut tief mit Feuchtigkeit und n\u00e4hrt sie und stellt so Geschmeidigkeit und Ausstrahlung wieder her.<br \/>\nDas \u00e4therische \u00d6l von Cinnamomum Camphora, auch bekannt als Ravintsara, ist ein wichtiger Bestandteil dieser Formel.<br \/>\nBekannt f\u00fcr seine beruhigenden und belebenden Eigenschaften, hilft es, m\u00fcde Muskeln zu entspannen und angesammelte Verspannungen zu l\u00f6sen, was f\u00fcr ein Gef\u00fchl des allgemeinen Wohlbefindens sorgt.<br \/>\nAngereichert mit \u00e4therischen \u00d6len von Abies sibirica und Cinnamomum zeylanicum, bietet dieses Massage\u00f6l auch tonisierende und stimulierende Wirkungen.<br \/>\nDiese nat\u00fcrlichen Essenzen erinnern an die frischen und belebenden D\u00fcfte der Tannen im Wald und schaffen eine verj\u00fcngende und belebende Atmosph\u00e4re, die den Geist beruhigt und die Sinne weckt.<br \/>\nDer in diesem Massage\u00f6l enthaltene Rosmarinextrakt vervollst\u00e4ndigt seine Wirkung, indem er antioxidative und regenerierende Eigenschaften bietet.<br \/>\nEs hilft, die Haut vor \u00e4u\u00dferen Einfl\u00fcssen zu sch\u00fctzen und f\u00f6rdert die Zellerneuerung, wodurch die Haut revitalisiert und widerstandsf\u00e4higer wird.<br \/>\nDas Massage\u00f6l Les Sapins ist ein wahrer Hauch frischer Luft f\u00fcr K\u00f6rper und Geist. Ob es darum geht, Muskelverspannungen zu l\u00f6sen, den Geist zu revitalisieren oder einfach nur einen Moment der Entspannung im Herzen der Natur zu bieten, dieses \u00d6l entf\u00fchrt Sie in eine Welt der Ruhe und Verj\u00fcngung, in der Sie jeder Atemzug an die Sch\u00f6nheit und Kraft der hohen Tannen im Wald erinnert.<\/p>\n<\/div>\n","protected":false},"excerpt":{"rendered":"<p>Das Massage\u00f6l &#8222;Les Sapins&#8220; Es stimuliert K\u00f6rper und Geist. Die holzigen und warmen Noten helfen, die Stimmung zu heben. Beschreibung Das Massage\u00f6l Les Sapins eignet sich sowohl f\u00fcr Therapeuten als auch f\u00fcr Massagen zu Hause. Ideal f\u00fcr wechselnde Jahreszeiten und erm\u00fcdende Perioden, ist es formuliert, um einen Schub zu geben und das Gleichgewicht zu f\u00f6rdern.&hellip;<\/p>\n","protected":false},"featured_media":17533,"template":"","meta":{"_seopress_robots_primary_cat":"none","_seopress_titles_title":"","_seopress_titles_desc":"Das Massage\u00f6l \"Les Sapins\" stimuliert K\u00f6rper und Geist.\r\nDie holzigen und warmen Noten helfen, die Stimmung zu heben.","_seopress_robots_index":""},"pwb-brand":[],"product_brand":[],"product_cat":[1330,1345,1339,1360],"product_tag":[1408,1405,1407,1403,1401,1402,1409,1406],"product_folder":[],"class_list":{"0":"post-14836","1":"product","2":"type-product","3":"status-publish","4":"has-post-thumbnail","6":"product_cat-alle-massageliegen-massage-ausstattungen","7":"product_cat-alles-massagezubehor","8":"product_cat-massageole","9":"product_cat-schweizer-massageole","10":"product_tag-behandlungen","11":"product_tag-heizung","12":"product_tag-knochensetzer","13":"product_tag-massageol","14":"product_tag-massageole","15":"product_tag-ole","16":"product_tag-sorge","17":"product_tag-sport","19":"first","20":"instock","21":"purchasable","22":"product-type-variable"},"exclude_global_add_ons":[],"addons":[],"brands":[],"_links":{"self":[{"href":"https:\/\/swissmassage.weprocess.dev\/de\/wp-json\/wp\/v2\/product\/14836","targetHints":{"allow":["GET"]}}],"collection":[{"href":"https:\/\/swissmassage.weprocess.dev\/de\/wp-json\/wp\/v2\/product"}],"about":[{"href":"https:\/\/swissmassage.weprocess.dev\/de\/wp-json\/wp\/v2\/types\/product"}],"wp:featuredmedia":[{"embeddable":true,"href":"https:\/\/swissmassage.weprocess.dev\/de\/wp-json\/wp\/v2\/media\/17533"}],"wp:attachment":[{"href":"https:\/\/swissmassage.weprocess.dev\/de\/wp-json\/wp\/v2\/media?parent=14836"}],"wp:term":[{"taxonomy":"pwb-brand","embeddable":true,"href":"https:\/\/swissmassage.weprocess.dev\/de\/wp-json\/wp\/v2\/pwb-brand?post=14836"},{"taxonomy":"product_brand","embeddable":true,"href":"https:\/\/swissmassage.weprocess.dev\/de\/wp-json\/wp\/v2\/product_brand?post=14836"},{"taxonomy":"product_cat","embeddable":true,"href":"https:\/\/swissmassage.weprocess.dev\/de\/wp-json\/wp\/v2\/product_cat?post=14836"},{"taxonomy":"product_tag","embeddable":true,"href":"https:\/\/swissmassage.weprocess.dev\/de\/wp-json\/wp\/v2\/product_tag?post=14836"},{"taxonomy":"product_folder","embeddable":true,"href":"https:\/\/swissmassage.weprocess.dev\/de\/wp-json\/wp\/v2\/product_folder?post=14836"}],"curies":[{"name":"wp","href":"https:\/\/api.w.org\/{rel}","templated":true}]}}