{"id":14830,"date":"2024-03-30T18:47:47","date_gmt":"2024-03-30T17:47:47","guid":{"rendered":"https:\/\/swissmassage.ch\/produit\/naturliches-massageol\/"},"modified":"2025-12-26T02:09:43","modified_gmt":"2025-12-26T01:09:43","slug":"naturliches-massageol","status":"publish","type":"product","link":"https:\/\/swissmassage.weprocess.dev\/de\/produits\/naturliches-massageol\/","title":{"rendered":"Nat\u00fcrliches Massage\u00f6l"},"content":{"rendered":"<h2>Das &#8222;nat\u00fcrliche&#8220; Massage\u00f6l<\/h2>\n<p>Hier ist ein rein nat\u00fcrliches neutrales \u00d6l, ohne \u00e4therische \u00d6le.<\/p>\n<h2>Beschreibung<\/h2>\n<p class=\"row\">Nat\u00fcrliches Massage\u00f6l ist perfekt f\u00fcr Therapeuten sowie f\u00fcr Cocooning-Momente zu Hause.<\/p>\n<div>Frei von \u00e4therischen \u00d6len und Allergenen \u2013 Es erm\u00f6glicht Massagen in aller Ruhe<br \/>\n<strong>Anwendung<\/strong> : Kann sowohl als Massage\u00f6l als auch als Behandlungs\u00f6l verwendet werden, um K\u00f6rper und Gesicht mit Feuchtigkeit zu versorgen.<br \/>\n<strong>Duft<\/strong>: Hell von Sonnenblumenkernen<br \/>\n<strong>Eigenschaften<\/strong> : Pflegt, gl\u00e4ttet und beruhigt die Haut durch seine nat\u00fcrlich enthaltenen Vitamine E und D sowie Omega 3, 6 und 9.<br \/>\n<strong>Textur<\/strong> : Ideal zum Massieren, hat einen samtigen Griff, ohne einen fettigen Film zu hinterlassen.<br \/>\n<strong>Nat\u00fcrlich<\/strong> : 100%<br \/>\n<strong>Biologisch<\/strong> : 100%<br \/>\n<strong>\u00c4therisches \u00d6l<\/strong> : Keine<br \/>\n<strong>Vorsichtsma\u00dfnahmen<\/strong> : Keine \/\/ Geeignet f\u00fcr Schwangerschaft, Stillzeit und Kinder.<br \/>\n<strong>Zutaten<\/strong> : Sonnenblumen\u00f6l, Oliven\u00f6l, Rosmarinextrakt CO2<em><br \/>\n<\/em><\/div>\n<div>\n<h3>Massage\u00f6l f\u00fcr Therapeuten, aber nicht nur!<\/h3>\n<p><strong>F\u00fcr eine<span class=\"ILfuVd\" lang=\"fr\"><span class=\"hgKElc\"> Massage: <\/span><\/span> <\/strong><span class=\"ILfuVd\" lang=\"fr\"><span class=\"hgKElc\">Verwenden Sie die ganze Hand und nicht nur die Fingerspitzen.<br \/>\nVariieren Sie die Massagetechniken: Kneten, Ausblasen, Klopfen, Punktdruck oder tiefes Reiben.<br \/>\nDieses \u00d6l kann sowohl f\u00fcr Massagen von Therapeuten als auch f\u00fcr den Gebrauch zu Hause verwendet werden. <\/span><\/span><br \/>\n<strong>Um die Haut mit Feuchtigkeit zu versorgen:<\/strong> Gie\u00dfen Sie t\u00e4glich nach dem Duschen oder Baden auf die noch leicht feuchte Haut einige Tropfen in die Handfl\u00e4che und massieren Sie es sanft ein, bis das Produkt vollst\u00e4ndig eingezogen ist.<\/p>\n<h2><strong>Zusatzinformation<\/strong><\/h2>\n<p><strong>Kann Natur\u00f6l erhitzt werden?<\/strong> Ja, da unsere Massage\u00f6le aus pflanzlichen \u00d6len bestehen, die durch erste Kaltpressung gewonnen werden, unraffiniert und biologisch, sind sie aufgrund dieser Eigenschaften oxidationsempfindlicher als &#8222;gew\u00f6hnliche\/raffinierte&#8220; Pflanzen\u00f6le oder Mineral\u00f6le.<br \/>\nEs ist m\u00f6glich, Massage\u00f6le leicht und vorzugsweise in kleinen Mengen zu erhitzen, aber wir raten dringend davon ab, \u00fcber 55\u00b0C zu erhitzen. <strong>Wie lange sind Swissmassage Massage\u00f6le haltbar?<\/strong> Derzeit sind die Massage\u00f6le von Swissmassage nach dem \u00d6ffnen 12 Monate haltbar, aber nach diesem Datum empfehlen wir Ihnen, das Produkt zu riechen, um seinen Zustand zu \u00fcberpr\u00fcfen, da sie danach noch lange verwendet werden k\u00f6nnen.<br \/>\nSchlechte Lagerbedingungen k\u00f6nnen die Haltbarkeit verk\u00fcrzen.<br \/>\nUm die Qualit\u00e4t der Massage\u00f6le zu erhalten, muss die Kappe der Originalflasche fest verschlossen und vor Luft, Hitze und Licht gesch\u00fctzt werden.<\/p>\n<h2>Philosophie des nat\u00fcrlichen Massage\u00f6ls<\/h2>\n<p>In den Schweizer Alpen, wo die Natur in ihrer ganzen Pracht gedeiht, wird eine neue Kreation geboren: Naturelle.<br \/>\nDieses Bio-Massage\u00f6l wurde mit Sorgfalt und Hingabe hergestellt und verk\u00f6rpert die Essenz von Reinheit und Einfachheit und bietet ein sensorisches Erlebnis, das von Wohlbefinden und Harmonie durchdrungen ist.<br \/>\nIm Mittelpunkt von Naturelle steht eine Verschmelzung von nat\u00fcrlichen und wohltuenden Inhaltsstoffen, inspiriert von der Gro\u00dfz\u00fcgigkeit der schweizerischen und mediterranen Terroirs, die streng nach ihrer Qualit\u00e4t und Wirksamkeit ausgew\u00e4hlt wurden.<br \/>\nOliven\u00f6l, ein Symbol f\u00fcr Vitalit\u00e4t und Gesundheit, sorgt f\u00fcr seine n\u00e4hrenden und sch\u00fctzenden Eigenschaften, w\u00e4hrend Sonnenblumen\u00f6l, das reich an Vitaminen und essentiellen Fetts\u00e4uren ist, die Haut mit einer beruhigenden Weichheit umh\u00fcllt.<br \/>\nRosmarinextrakte aus den gr\u00fcnen H\u00fcgeln der Schweiz verleihen diesem Massage\u00f6l eine revitalisierende Note, wecken die Sinne und erfrischen den Geist.<br \/>\nIhr krautiger und belebender Duft erinnert an die Frische des Morgens in den Bergen und bietet bei jeder Anwendung einen echten Hauch von Energie.<br \/>\nWenn Sie Naturelle \u00fcber Ihre Haut gleiten lassen, werden Sie in eine Welt der Ruhe und Entspannung entf\u00fchrt, in der beruhigende D\u00fcfte und samtige Texturen Sie in einen Kokon des Wohlbefindens h\u00fcllen.<br \/>\nJede Bewegung wird zu einem Ritual der F\u00fcrsorge und Liebe, zu einer Feier der nat\u00fcrlichen Sch\u00f6nheit Ihres K\u00f6rpers und Geistes.<br \/>\nOb es darum geht, m\u00fcde Muskeln nach einem anstrengenden Tag zu beruhigen oder einen Moment der Komplizenschaft mit einem geliebten Menschen zu schaffen, Naturelle l\u00e4dt Sie ein, sich wieder mit sich selbst und der Natur um Sie herum zu verbinden.<br \/>\nLassen Sie sich in der Ruhe der Schweizer Alpen von der beruhigenden Magie der Naturelle mitrei\u00dfen und lassen Sie jedes Tr\u00f6pfchen die s\u00fc\u00dfen Geheimnisse der Gelassenheit und Authentizit\u00e4t fl\u00fcstern.<br \/>\nNat\u00fcrliches Massage\u00f6l bietet ein authentisches Wellness-Erlebnis, das sich auf die nat\u00fcrlichen Vorteile der organischen Inhaltsstoffe st\u00fctzt, aus denen es besteht.<br \/>\nAuf der Basis von Sonnenblumen- und Oliven\u00f6len n\u00e4hrt und befeuchtet dieses \u00d6l die Haut tief und hinterl\u00e4sst ein Gef\u00fchl von Weichheit und Geschmeidigkeit.<br \/>\nDank des in seiner Formel enthaltenen Rosmarinextrakts profitiert dieses Massage\u00f6l auch von antioxidativen und regenerierenden Eigenschaften.<br \/>\nRosmarin sch\u00fctzt die Haut vor freien Radikalen und f\u00f6rdert den Zellumsatz, was zu einer gesunden, strahlenden Haut beitr\u00e4gt.<br \/>\nNat\u00fcrliches Massage\u00f6l ist ideal, um Muskelverspannungen zu l\u00f6sen und die Entspannung zu f\u00f6rdern.<br \/>\nWenn es w\u00e4hrend einer Massage verwendet wird, helfen seine pflegenden Eigenschaften, m\u00fcde Muskeln zu entspannen und angesammelten Stress abzubauen, was einen Moment der Ruhe und des Komforts bietet.<br \/>\nSchlie\u00dflich erm\u00f6glicht das Fehlen von Duftstoffen, dass dieses \u00d6l von Menschen mit empfindlicher Haut oder von Menschen verwendet werden kann, die parf\u00fcmfreie Produkte bevorzugen.<br \/>\nSeine einfache und nat\u00fcrliche Formulierung macht es zu einer idealen Wahl f\u00fcr alle, die ein sanftes und wirksames Massage\u00f6l suchen, das die Haut und die Umwelt respektiert.<br \/>\nNat\u00fcrliches Massage\u00f6l sorgt f\u00fcr ein reines und nat\u00fcrliches Wellness-Erlebnis, n\u00e4hrt die Haut und beruhigt gleichzeitig den Geist.<br \/>\nEgal, ob es darum geht, allt\u00e4gliche Spannungen zu l\u00f6sen oder sich nach einem anstrengenden Tag zu entspannen, dieses \u00d6l begleitet Sie auf Ihrer Suche nach Entspannung und Gelassenheit.<\/p>\n<\/div>\n","protected":false},"excerpt":{"rendered":"<p>Das &#8222;nat\u00fcrliche&#8220; Massage\u00f6l Hier ist ein rein nat\u00fcrliches neutrales \u00d6l, ohne \u00e4therische \u00d6le. Beschreibung Nat\u00fcrliches Massage\u00f6l ist perfekt f\u00fcr Therapeuten sowie f\u00fcr Cocooning-Momente zu Hause. Frei von \u00e4therischen \u00d6len und Allergenen \u2013 Es erm\u00f6glicht Massagen in aller Ruhe Anwendung : Kann sowohl als Massage\u00f6l als auch als Behandlungs\u00f6l verwendet werden, um K\u00f6rper und Gesicht mit&hellip;<\/p>\n","protected":false},"featured_media":17529,"template":"","meta":{"_seopress_robots_primary_cat":"none","_seopress_titles_title":"","_seopress_titles_desc":"Dieses Bio-Massage\u00f6l wurde mit Sorgfalt und Hingabe hergestellt und verk\u00f6rpert die Essenz von Reinheit und Einfachheit.","_seopress_robots_index":""},"pwb-brand":[],"product_brand":[],"product_cat":[1330,1345,1339,1360],"product_tag":[1404,1403,1401,1402],"product_folder":[],"class_list":{"0":"post-14830","1":"product","2":"type-product","3":"status-publish","4":"has-post-thumbnail","6":"product_cat-alle-massageliegen-massage-ausstattungen","7":"product_cat-alles-massagezubehor","8":"product_cat-massageole","9":"product_cat-schweizer-massageole","10":"product_tag-entspannung","11":"product_tag-massageol","12":"product_tag-massageole","13":"product_tag-ole","15":"first","16":"instock","17":"purchasable","18":"product-type-variable"},"exclude_global_add_ons":[],"addons":[],"brands":[],"_links":{"self":[{"href":"https:\/\/swissmassage.weprocess.dev\/de\/wp-json\/wp\/v2\/product\/14830","targetHints":{"allow":["GET"]}}],"collection":[{"href":"https:\/\/swissmassage.weprocess.dev\/de\/wp-json\/wp\/v2\/product"}],"about":[{"href":"https:\/\/swissmassage.weprocess.dev\/de\/wp-json\/wp\/v2\/types\/product"}],"wp:featuredmedia":[{"embeddable":true,"href":"https:\/\/swissmassage.weprocess.dev\/de\/wp-json\/wp\/v2\/media\/17529"}],"wp:attachment":[{"href":"https:\/\/swissmassage.weprocess.dev\/de\/wp-json\/wp\/v2\/media?parent=14830"}],"wp:term":[{"taxonomy":"pwb-brand","embeddable":true,"href":"https:\/\/swissmassage.weprocess.dev\/de\/wp-json\/wp\/v2\/pwb-brand?post=14830"},{"taxonomy":"product_brand","embeddable":true,"href":"https:\/\/swissmassage.weprocess.dev\/de\/wp-json\/wp\/v2\/product_brand?post=14830"},{"taxonomy":"product_cat","embeddable":true,"href":"https:\/\/swissmassage.weprocess.dev\/de\/wp-json\/wp\/v2\/product_cat?post=14830"},{"taxonomy":"product_tag","embeddable":true,"href":"https:\/\/swissmassage.weprocess.dev\/de\/wp-json\/wp\/v2\/product_tag?post=14830"},{"taxonomy":"product_folder","embeddable":true,"href":"https:\/\/swissmassage.weprocess.dev\/de\/wp-json\/wp\/v2\/product_folder?post=14830"}],"curies":[{"name":"wp","href":"https:\/\/api.w.org\/{rel}","templated":true}]}}