{"id":14824,"date":"2024-03-30T18:57:54","date_gmt":"2024-03-30T17:57:54","guid":{"rendered":"https:\/\/swissmassage.ch\/produit\/oase-massage-ol\/"},"modified":"2026-03-04T15:40:45","modified_gmt":"2026-03-04T14:40:45","slug":"oase-massage-ol","status":"publish","type":"product","link":"https:\/\/swissmassage.weprocess.dev\/de\/produits\/oase-massage-ol\/","title":{"rendered":"Oasis Massage\u00f6l"},"content":{"rendered":"<h2>Oasis Massage\u00f6l<\/h2>\n<p>Ein exotisches und fruchtiges Erlebnis mit seinem hellen und charakteristischen Duft entf\u00fchrt Sie an die Str\u00e4nde von Costa Rica.<\/p>\n<h2>Beschreibung<\/h2>\n<p>Das Massage\u00f6l Oasis eignet sich sowohl f\u00fcr Therapeuten als auch f\u00fcr Cocooning-Momente zu Hause.<br \/>\nFrei von \u00e4therischen \u00d6len \u2013 Es erm\u00f6glicht Massagen in aller Ruhe <strong>Anwendung<\/strong> : Kann sowohl als Massage\u00f6l als auch als Behandlungs\u00f6l verwendet werden, um K\u00f6rper und Gesicht mit Feuchtigkeit zu versorgen und zu parf\u00fcmieren.<br \/>\n<strong>Duft<\/strong>: S\u00fc\u00dfe, s\u00fc\u00dfe und exotische Fr\u00fcchte.<br \/>\n<strong>Eigenschaften<\/strong> : N\u00e4hrt, gl\u00e4ttet und beruhigt die Haut durch seine Vitamine E und D sowie die nat\u00fcrlich enthaltenen Omega 3, 6 und 9.<br \/>\n<strong>Textur<\/strong> : Ideal zum Massieren, hat einen samtigen Griff, ohne einen fettigen Film zu hinterlassen.<br \/>\n<strong>Nat\u00fcrlich<\/strong> : 100% <strong>Bio<\/strong> : 99% <strong>\u00c4therisches \u00d6l<\/strong> : Keine <strong>Vorsichtsma\u00dfnahmen<\/strong> : Keine \/\/ Geeignet f\u00fcr Schwangerschaft, Stillzeit und f\u00fcr Kinder.<br \/>\n<strong>Zutaten<\/strong> : Sonnenblumen\u00f6l, Oliven\u00f6l, Nat\u00fcrlicher Duft, Rosmarin-Extrakt CO2<em><br \/>\n<\/em><\/p>\n<h3><strong>Massage\u00f6l f\u00fcr Therapeuten, aber nicht nur!<\/strong><\/h3>\n<p><strong>F\u00fcr eine<span class=\"ILfuVd\" lang=\"fr\"><span class=\"hgKElc\"> Massage: <\/span><\/span> <\/strong><span class=\"ILfuVd\" lang=\"fr\"><span class=\"hgKElc\">Verwenden Sie die ganze Hand und nicht nur die Fingerspitzen.<br \/>\nVariieren Sie die Massagetechniken: Kneten, Ausblasen, Klopfen, Punktdruck oder tiefes Reiben.<br \/>\nDieses \u00d6l kann sowohl f\u00fcr Massagen von Therapeuten als auch f\u00fcr den Gebrauch zu Hause verwendet werden. <\/span><\/span><br \/>\n<strong>Um die Haut mit Feuchtigkeit zu versorgen und zu parf\u00fcmieren:<\/strong> Gie\u00dfen Sie t\u00e4glich nach dem Duschen oder Baden auf die noch leicht feuchte Haut einige Tropfen in die Handfl\u00e4che und massieren Sie es sanft ein, bis das Produkt vollst\u00e4ndig eingezogen ist.<\/p>\n<h2>Zusatzinformation<\/h2>\n<p><strong>Kann man Oasis-\u00d6l erhitzen?<\/strong> Ja, da unsere Massage\u00f6le aus pflanzlichen \u00d6len bestehen, die durch erste Kaltpressung gewonnen werden, unraffiniert und biologisch, sind sie aufgrund dieser Eigenschaften oxidationsempfindlicher als &#8222;gew\u00f6hnliche\/raffinierte&#8220; Pflanzen\u00f6le oder Mineral\u00f6le.<br \/>\nEs ist m\u00f6glich, Massage\u00f6le leicht und vorzugsweise in kleinen Mengen zu erhitzen, aber wir raten dringend davon ab, \u00fcber 55\u00b0C zu erhitzen. <strong>Wie lange sind Swissmassage Massage\u00f6le haltbar?<\/strong> Derzeit sind die Massage\u00f6le von Swissmassage nach dem \u00d6ffnen 12 Monate haltbar, aber nach diesem Datum empfehlen wir Ihnen, das Produkt zu riechen, um seinen Zustand zu \u00fcberpr\u00fcfen, da sie danach noch lange verwendet werden k\u00f6nnen.<br \/>\nSchlechte Lagerbedingungen k\u00f6nnen die Haltbarkeit verk\u00fcrzen.<br \/>\nUm die Qualit\u00e4t der Massage\u00f6le zu erhalten, muss die Kappe der Originalflasche fest verschlossen und vor Luft, Hitze und Licht gesch\u00fctzt werden.<\/p>\n<h2>Philosophie des Oasis Massage\u00f6ls<\/h2>\n<p>Im Herzen der gr\u00fcnen T\u00e4ler der Schweizer Alpen erwacht ein exotisches Gef\u00fchl zum Leben, das die Essenz von Flucht und Gelassenheit einf\u00e4ngt.<br \/>\nOasis, eine meisterhafte Kreation, beschw\u00f6rt die berauschenden D\u00fcfte der fernen tropischen K\u00fcsten herauf, w\u00e4hrend ihre Seele aus Schweizer Handwerkskunst gewebt ist.<br \/>\nIm Massage\u00f6l Oasis liegt eine sensorische Reise, eine Flucht in ein tropisches Paradies, in dem reife, saftige Fr\u00fcchte mit einer sonnigen Leichtigkeit tanzen.<br \/>\nInspiriert von den exotischen Sch\u00e4tzen der Tropen, verschmilzt dieses Bio-Massage\u00f6l die faszinierenden Aromen von goldener Mango, saftiger Ananas und samtiger Kokosnuss zu einer bezaubernden olfaktorischen Symphonie, die den Geist beruhigt und die Sinne erfreut.<br \/>\nJede Anwendung von Oasis ist eine Einladung zu einem \u00fcppigen R\u00fcckzugsort, in dem der s\u00fc\u00dfe Duft tropischer Fr\u00fcchte Ihre Fantasie an ferne, sonnenverw\u00f6hnte K\u00fcsten entf\u00fchrt.<br \/>\nDie seidige Textur des \u00d6ls umschmeichelt Ihre Haut mit Z\u00e4rtlichkeit und weckt ein Gef\u00fchl von Weichheit und Wohlbefinden, das von innen kommt.<br \/>\nEgal, ob es darum geht, dem Stress des Alltags zu entfliehen oder einen Moment der Intimit\u00e4t mit einem geliebten Menschen zu schaffen, Oasis bietet Ihnen ein ruhiges Refugium, in dem Sie sich aufladen und sich wieder mit sich selbst verbinden k\u00f6nnen.<br \/>\nLassen Sie sich in der Ruhe der Schweizer Alpen von der faszinierenden Magie von Oasis berauschen und lassen Sie sich von jedem Tropfen in einen Zustand purer Gl\u00fcckseligkeit und Entspannung versetzen.<br \/>\nOasis Massage\u00f6l ist eine Fundgrube an Vorteilen f\u00fcr K\u00f6rper und Geist und schafft eine Oase des Entspannens und Wohlf\u00fchlens im Herzen der W\u00fcste.<br \/>\nDieses \u00d6l wird sorgf\u00e4ltig aus streng ausgew\u00e4hlten Bio-Inhaltsstoffen hergestellt und bietet luxuri\u00f6se Feuchtigkeit und ein umh\u00fcllendes Gef\u00fchl des Wohlbefindens.<br \/>\nDie Basis dieses Massage\u00f6ls ist eine Mischung aus Sonnenblumen- und Oliven\u00f6len, die reich an essentiellen N\u00e4hrstoffen f\u00fcr die Haut sind.<br \/>\nDiese \u00d6le dringen tief ein, n\u00e4hren und befeuchten die Haut und machen sie weich, geschmeidig und strahlend.<br \/>\nDer hypnotisierende Duft des Oasis Massage\u00f6ls erinnert an die berauschenden D\u00fcfte der W\u00fcste und verbindet holzige, blumige und fruchtige Noten zu einem unvergleichlichen sensorischen Erlebnis.<br \/>\nDieser 100% nat\u00fcrliche Duft schafft eine entspannende und beruhigende Atmosph\u00e4re und versetzt Ihren Geist an einen Ort der Ruhe und Gelassenheit.<br \/>\nAngereichert mit Rosmarinextrakt profitiert dieses Massage\u00f6l auch von seinen antioxidativen und regenerierenden Eigenschaften.<br \/>\nDieser Extrakt sch\u00fctzt die Haut vor Umwelteinfl\u00fcssen und f\u00f6rdert den Zellumsatz, wodurch Ihre Haut revitalisiert und erfrischt wird.<br \/>\nDas Massage\u00f6l Oasis ist eine wahre Oase der Ruhe f\u00fcr K\u00f6rper und Geist.<br \/>\nOb es darum geht, Muskelverspannungen zu l\u00f6sen, die Haut mit Feuchtigkeit zu versorgen oder Ihnen einfach nur einen Moment der Entspannung und Flucht zu bieten, dieses \u00d6l versetzt Sie in einen Zustand der Ruhe und des Wohlbefindens, in dem Sie Ihre Batterien vollst\u00e4ndig aufladen k\u00f6nnen.<\/p>\n","protected":false},"excerpt":{"rendered":"<p>Oasis Massage\u00f6l Ein exotisches und fruchtiges Erlebnis mit seinem hellen und charakteristischen Duft entf\u00fchrt Sie an die Str\u00e4nde von Costa Rica. Beschreibung Das Massage\u00f6l Oasis eignet sich sowohl f\u00fcr Therapeuten als auch f\u00fcr Cocooning-Momente zu Hause. Frei von \u00e4therischen \u00d6len \u2013 Es erm\u00f6glicht Massagen in aller Ruhe Anwendung : Kann sowohl als Massage\u00f6l als auch&hellip;<\/p>\n","protected":false},"featured_media":17525,"template":"","meta":{"_seopress_robots_primary_cat":"none","_seopress_titles_title":"","_seopress_titles_desc":"Ein exotisches und fruchtiges Erlebnis mit seinem hellen und charakteristischen Duft entf\u00fchrt Sie an die Str\u00e4nde von Costa Rica.","_seopress_robots_index":""},"pwb-brand":[],"product_brand":[],"product_cat":[1330,1345,1339,1360],"product_tag":[1404,1403,1401,1402],"product_folder":[],"class_list":{"0":"post-14824","1":"product","2":"type-product","3":"status-publish","4":"has-post-thumbnail","6":"product_cat-alle-massageliegen-massage-ausstattungen","7":"product_cat-alles-massagezubehor","8":"product_cat-massageole","9":"product_cat-schweizer-massageole","10":"product_tag-entspannung","11":"product_tag-massageol","12":"product_tag-massageole","13":"product_tag-ole","15":"first","16":"instock","17":"purchasable","18":"product-type-variable"},"exclude_global_add_ons":[],"addons":[],"brands":[],"_links":{"self":[{"href":"https:\/\/swissmassage.weprocess.dev\/de\/wp-json\/wp\/v2\/product\/14824","targetHints":{"allow":["GET"]}}],"collection":[{"href":"https:\/\/swissmassage.weprocess.dev\/de\/wp-json\/wp\/v2\/product"}],"about":[{"href":"https:\/\/swissmassage.weprocess.dev\/de\/wp-json\/wp\/v2\/types\/product"}],"wp:featuredmedia":[{"embeddable":true,"href":"https:\/\/swissmassage.weprocess.dev\/de\/wp-json\/wp\/v2\/media\/17525"}],"wp:attachment":[{"href":"https:\/\/swissmassage.weprocess.dev\/de\/wp-json\/wp\/v2\/media?parent=14824"}],"wp:term":[{"taxonomy":"pwb-brand","embeddable":true,"href":"https:\/\/swissmassage.weprocess.dev\/de\/wp-json\/wp\/v2\/pwb-brand?post=14824"},{"taxonomy":"product_brand","embeddable":true,"href":"https:\/\/swissmassage.weprocess.dev\/de\/wp-json\/wp\/v2\/product_brand?post=14824"},{"taxonomy":"product_cat","embeddable":true,"href":"https:\/\/swissmassage.weprocess.dev\/de\/wp-json\/wp\/v2\/product_cat?post=14824"},{"taxonomy":"product_tag","embeddable":true,"href":"https:\/\/swissmassage.weprocess.dev\/de\/wp-json\/wp\/v2\/product_tag?post=14824"},{"taxonomy":"product_folder","embeddable":true,"href":"https:\/\/swissmassage.weprocess.dev\/de\/wp-json\/wp\/v2\/product_folder?post=14824"}],"curies":[{"name":"wp","href":"https:\/\/api.w.org\/{rel}","templated":true}]}}