{"id":14818,"date":"2024-03-30T19:09:13","date_gmt":"2024-03-30T18:09:13","guid":{"rendered":"https:\/\/swissmassage.ch\/produit\/weisstee-massageol\/"},"modified":"2025-05-01T12:37:01","modified_gmt":"2025-05-01T10:37:01","slug":"weisstee-massageol","status":"publish","type":"product","link":"https:\/\/swissmassage.weprocess.dev\/de\/produits\/weisstee-massageol\/","title":{"rendered":"Massage\u00f6l mit wei\u00dfem Tee"},"content":{"rendered":"<h2>Wei\u00dfer Tee Massage\u00f6l<\/h2>\n<p>Eine Einladung in die Provinz Fujian dank seines zarten Duftes von wei\u00dfem Tee und seiner spritzigen Noten.<br \/>\nEs ist hypoallergen und frei von \u00e4therischen \u00d6len.<\/p>\n<h2>Beschreibung<\/h2>\n<p class=\"row\">Das Massage\u00f6l White Tea eignet sich sowohl f\u00fcr Therapeuten als auch f\u00fcr Cocooning-Momente zu Hause.<br \/>\nFrei von \u00e4therischen \u00d6len und Allergenen \u2013 Es erm\u00f6glicht Massagen in v\u00f6lliger Gelassenheit<\/p>\n<div>\n<p><strong>Anwendung<\/strong> : Kann sowohl als Massage\u00f6l als auch als Pflege\u00f6l verwendet werden, um K\u00f6rper und Gesicht mit Feuchtigkeit zu versorgen und zu parf\u00fcmieren.<br \/>\n<strong>Duft<\/strong>: Noten von Tee und Zitrusbl\u00fcten <strong>Eigenschaften<\/strong> : Pflegt, gl\u00e4ttet und beruhigt die Haut durch seine nat\u00fcrlich enthaltenen Vitamine E und D sowie Omega 3, 6 und 9.<br \/>\n<strong>Textur<\/strong> : Ideal zum Massieren, hat einen samtigen Griff, ohne einen fettigen Film zu hinterlassen.<br \/>\n<strong>Nat\u00fcrlich<\/strong> : 97,4%<br \/>\n<strong>Organisch<\/strong> : 96%<br \/>\n<strong>\u00c4therisches \u00d6l<\/strong> : Keine<br \/>\n<strong>Vorsichtsma\u00dfnahmen<\/strong> : Keine \/\/ Geeignet f\u00fcr Schwangerschaft, Stillzeit und Kinder.<br \/>\n<strong>Inhaltsstoffe<\/strong> : Sonnenblumen\u00f6l, Oliven\u00f6l, Parf\u00fcm, Rosmarinextrakt CO2<br \/>\n<em><br \/>\n<\/em><\/p>\n<\/div>\n<p><strong>Massage\u00f6l f\u00fcr Therapeuten, aber nicht nur!<\/strong><\/p>\n<div><strong>F\u00fcr eine<span class=\"ILfuVd\" lang=\"fr\"><span class=\"hgKElc\"> Massage: <\/span><\/span> <\/strong><span class=\"ILfuVd\" lang=\"fr\"><span class=\"hgKElc\">Verwenden Sie die ganze Hand und nicht nur die Fingerspitzen.<br \/>\nVariieren Sie die Massagetechniken: Kneten, Ausblasen, Klopfen, Punktdruck oder tiefes Reiben.<br \/>\nDieses \u00d6l kann sowohl f\u00fcr Massagen von Therapeuten als auch f\u00fcr den Gebrauch zu Hause verwendet werden. <\/span><\/span><br \/>\n<strong>Um die Haut mit Feuchtigkeit zu versorgen und zu parf\u00fcmieren:<\/strong> Gie\u00dfen Sie t\u00e4glich nach dem Duschen oder Baden auf die noch leicht feuchte Haut einige Tropfen in die Handfl\u00e4che und massieren Sie es sanft ein, bis das Produkt vollst\u00e4ndig eingezogen ist.<\/div>\n<div>\n<h2>Zusatzinformation<\/h2>\n<p><strong>Kann man Wei\u00dftee\u00f6l erhitzen?<\/strong> Ja, da unsere Massage\u00f6le aus pflanzlichen \u00d6len bestehen, die durch erste Kaltpressung gewonnen werden, unraffiniert und biologisch, sind sie aufgrund dieser Eigenschaften oxidationsempfindlicher als &#8222;gew\u00f6hnliche\/raffinierte&#8220; Pflanzen\u00f6le oder Mineral\u00f6le.<br \/>\nEs ist m\u00f6glich, Massage\u00f6le leicht und vorzugsweise in kleinen Mengen zu erhitzen, aber wir raten dringend davon ab, \u00fcber 55\u00b0C zu erhitzen. <strong>Wie lange sind Swissmassage Massage\u00f6le haltbar?<\/strong> Derzeit sind die Massage\u00f6le von Swissmassage nach dem \u00d6ffnen 12 Monate haltbar, aber nach diesem Datum empfehlen wir Ihnen, das Produkt zu riechen, um seinen Zustand zu \u00fcberpr\u00fcfen, da sie danach noch lange verwendet werden k\u00f6nnen.<br \/>\nSchlechte Lagerbedingungen k\u00f6nnen die Haltbarkeit verk\u00fcrzen.<br \/>\nUm die Qualit\u00e4t der Massage\u00f6le zu erhalten, muss die Kappe der Originalflasche fest verschlossen und vor Luft, Hitze und Licht gesch\u00fctzt werden.<\/p>\n<h2>Philosophie des Massage\u00f6ls mit wei\u00dfem Tee<\/h2>\n<p>Eine einzigartige Alchemie entfaltet sich, inspiriert von der Ruhe der Berge und dem Reichtum der orientalischen Traditionen, eine neue Essenz des Wohlbefindens: Wei\u00dfer Tee.<br \/>\nVerwurzelt in der Reinheit und Zartheit des weissen Tees, f\u00e4ngt diese exquisite Linie von Bio-Massage\u00f6len die harmonische Balance zwischen dem mystischen Orient und der raffinierten Schweizer Handwerkskunst ein.<br \/>\nJedes Tr\u00f6pfchen Wei\u00dfer Tee ist eine Sinnesreise, ein Echo der duftenden G\u00e4rten des fernen Asiens.<br \/>\nDie wei\u00dfen Teebl\u00e4tter werden mit Sorgfalt und Respekt vor tausendj\u00e4hrigen Traditionen geerntet und in Bio-Pflanzen\u00f6le versetzt, wodurch ein Elixier von seltener Reinheit entsteht.<br \/>\nDieses Massage\u00f6l umh\u00fcllt Ihren K\u00f6rper mit einer bet\u00f6renden Weichheit und einem subtilen Duft, der den Geist beruhigt und die Seele n\u00e4hrt.<br \/>\nWenn Sie Wei\u00dftee\u00f6l \u00fcber Ihre Haut gleiten lassen, werden Sie in eine Welt der Ruhe und Harmonie versetzt.<br \/>\nDie seidige Textur streichelt Ihre Haut, w\u00e4hrend der zarte Duft Sie in ferne L\u00e4nder entf\u00fchrt, in denen die Zeit stehen geblieben zu sein scheint.<br \/>\nJede Bewegung wird zu einem heiligen Ritual, zu einer Feier der Verbindung zwischen K\u00f6rper und Geist, zwischen Ost und West.<br \/>\nOb es darum geht, die Spannungen des Alltags zu lindern oder einen Moment der Intimit\u00e4t mit einem geliebten Menschen zu schaffen, die Massage\u00f6le von White Tea bieten Ihnen eine Reise zu Wohlbefinden und Erf\u00fcllung.<br \/>\nLassen Sie sich in der Ruhe der Schweizer Berge von der faszinierenden Magie des weissen Tees mitrei\u00dfen und lassen Sie sich von jedem Tropfen die Geheimnisse der orientalischen Weisheit zufl\u00fcstern.<br \/>\nDas Massage\u00f6l mit wei\u00dfem Tee ist eine wahre Einladung zur Entspannung und Gelassenheit, sorgf\u00e4ltig formuliert mit Bio-Inhaltsstoffen, die aufgrund ihrer beruhigenden Wirkung auf Haut und Geist ausgew\u00e4hlt wurden.<br \/>\nDieses \u00d6l bietet ein einzigartiges sensorisches Erlebnis, das Ihren K\u00f6rper mit einer samtigen Weichheit und einem zarten Duft umh\u00fcllt, der die Sinne beruhigt.<br \/>\nDie Basis dieses Massage\u00f6ls besteht aus einer Mischung aus Sonnenblumen- und Oliven\u00f6len, die reich an essentiellen Fetts\u00e4uren und Antioxidantien sind.<br \/>\nDiese \u00d6le n\u00e4hren und befeuchten die Haut tief und machen sie weich, geschmeidig und strahlend.<br \/>\nDer exquisite Duft des Massage\u00f6ls mit wei\u00dfem Tee erinnert an die zarten und raffinierten Noten des wei\u00dfen Tees und schafft ein beruhigendes und entspannendes Ambiente.<br \/>\nDieser subtile und elegante Duft umh\u00fcllt Ihren K\u00f6rper mit einer Aura der Ruhe und Stille und l\u00e4dt Sie ein, sich vollst\u00e4ndig zu entspannen und zu verj\u00fcngen.<br \/>\nAngereichert mit Rosmarinextrakt profitiert dieses Massage\u00f6l auch von seinen antioxidativen und regenerierenden Eigenschaften.<br \/>\nDieser Extrakt sch\u00fctzt die Haut vor Umwelteinfl\u00fcssen und f\u00f6rdert gleichzeitig den Zellumsatz, so dass sich Ihre Haut revitalisiert und erfrischt anf\u00fchlt.<br \/>\nDas Massage\u00f6l Wei\u00dfer Tee ist ein wahres Elixier des Wohlbefindens, das sowohl Vorteile f\u00fcr die Haut als auch ein angenehmes sensorisches Erlebnis bietet.<br \/>\nOb es darum geht, Muskelverspannungen zu lindern, die Haut mit Feuchtigkeit zu versorgen oder Ihnen einfach nur einen Moment der Entspannung und des Vergn\u00fcgens zu bieten, dieses \u00d6l versetzt Sie in einen Zustand der Ruhe und Gelassenheit, in dem Stress und Sorgen dahinschmelzen.<\/p>\n<\/div>\n","protected":false},"excerpt":{"rendered":"<p>Wei\u00dfer Tee Massage\u00f6l Eine Einladung in die Provinz Fujian dank seines zarten Duftes von wei\u00dfem Tee und seiner spritzigen Noten. Es ist hypoallergen und frei von \u00e4therischen \u00d6len. Beschreibung Das Massage\u00f6l White Tea eignet sich sowohl f\u00fcr Therapeuten als auch f\u00fcr Cocooning-Momente zu Hause. Frei von \u00e4therischen \u00d6len und Allergenen \u2013 Es erm\u00f6glicht Massagen in&hellip;<\/p>\n","protected":false},"featured_media":17521,"template":"","meta":{"_seopress_robots_primary_cat":"none","_seopress_titles_title":"","_seopress_titles_desc":"Eine Einladung in die Provinz Fujian dank seines zarten Duftes von wei\u00dfem Tee und seiner spritzigen Noten.\r\nEs ist hypoallergen und frei von \u00e4therischen \u00d6len.","_seopress_robots_index":""},"pwb-brand":[],"product_brand":[],"product_cat":[1330,1345,1339,1360],"product_tag":[1404,1403,1401,1402],"product_folder":[],"class_list":{"0":"post-14818","1":"product","2":"type-product","3":"status-publish","4":"has-post-thumbnail","6":"product_cat-alle-massageliegen-massage-ausstattungen","7":"product_cat-alles-massagezubehor","8":"product_cat-massageole","9":"product_cat-schweizer-massageole","10":"product_tag-entspannung","11":"product_tag-massageol","12":"product_tag-massageole","13":"product_tag-ole","15":"first","16":"instock","17":"purchasable","18":"product-type-variable"},"exclude_global_add_ons":[],"addons":[],"brands":[],"_links":{"self":[{"href":"https:\/\/swissmassage.weprocess.dev\/de\/wp-json\/wp\/v2\/product\/14818","targetHints":{"allow":["GET"]}}],"collection":[{"href":"https:\/\/swissmassage.weprocess.dev\/de\/wp-json\/wp\/v2\/product"}],"about":[{"href":"https:\/\/swissmassage.weprocess.dev\/de\/wp-json\/wp\/v2\/types\/product"}],"wp:featuredmedia":[{"embeddable":true,"href":"https:\/\/swissmassage.weprocess.dev\/de\/wp-json\/wp\/v2\/media\/17521"}],"wp:attachment":[{"href":"https:\/\/swissmassage.weprocess.dev\/de\/wp-json\/wp\/v2\/media?parent=14818"}],"wp:term":[{"taxonomy":"pwb-brand","embeddable":true,"href":"https:\/\/swissmassage.weprocess.dev\/de\/wp-json\/wp\/v2\/pwb-brand?post=14818"},{"taxonomy":"product_brand","embeddable":true,"href":"https:\/\/swissmassage.weprocess.dev\/de\/wp-json\/wp\/v2\/product_brand?post=14818"},{"taxonomy":"product_cat","embeddable":true,"href":"https:\/\/swissmassage.weprocess.dev\/de\/wp-json\/wp\/v2\/product_cat?post=14818"},{"taxonomy":"product_tag","embeddable":true,"href":"https:\/\/swissmassage.weprocess.dev\/de\/wp-json\/wp\/v2\/product_tag?post=14818"},{"taxonomy":"product_folder","embeddable":true,"href":"https:\/\/swissmassage.weprocess.dev\/de\/wp-json\/wp\/v2\/product_folder?post=14818"}],"curies":[{"name":"wp","href":"https:\/\/api.w.org\/{rel}","templated":true}]}}