{"id":14798,"date":"2024-04-10T14:52:22","date_gmt":"2024-04-10T12:52:22","guid":{"rendered":"https:\/\/swissmassage.ch\/produit\/bezug-fur-gesichtskissen\/"},"modified":"2024-04-10T14:52:22","modified_gmt":"2024-04-10T12:52:22","slug":"bezug-fur-gesichtskissen","status":"publish","type":"product","link":"https:\/\/swissmassage.weprocess.dev\/de\/produits\/bezug-fur-gesichtskissen\/","title":{"rendered":"Schafbezug f\u00fcr Gesichtskissen"},"content":{"rendered":"<h2 style=\"text-align: justify;\">Bezug f\u00fcr Tao Gesichtsmassageliege Kopfst\u00fctzenkissen<\/h2>\n<p>Unser Gesichtskissenbezug aus Schaffleece umh\u00fcllt Sie mit einem exquisit weichen Gef\u00fchl, einer W\u00e4rme, die Sie sanft wiegt. Der Schafsack wurde entwickelt, um in jedem Moment ein exquisites Erlebnis zu bieten, und garantiert ultimative Entspannung, indem er Ihr Wohlbefinden erh\u00f6ht.<br \/>\nHergestellt aus einem extra weichen nat\u00fcrlichen Wollimitat-Fleece-Gewebe, wird jede Faser sorgf\u00e4ltig ausgew\u00e4hlt, um eine unglaublich angenehme Textur zu bieten. Das Gef\u00fchl von Komfort ist un\u00fcbertroffen, und die sanfte Farbe beruhigt Ihre Sinne und l\u00e4dt Sie ein, sich der totalen Entspannung hinzugeben.<br \/>\nDer Schafsack ist so konzipiert, dass er Sie in Ruhe entspannt, da er keine Substanzen enth\u00e4lt, die f\u00fcr den menschlichen K\u00f6rper sch\u00e4dlich sind, und so unangenehme Hautreaktionen vermeidet.<br \/>\nPraktikabilit\u00e4t ist auch vorhanden. Egal, ob Sie lieber von Hand oder in der Maschine waschen, der Sheep Cover beh\u00e4lt seine bemerkenswerte Qualit\u00e4t und ist bereit, immer wieder verwendet zu werden. Es passt perfekt zu Ihrem Tao-Gesichtskissen und f\u00fcgt eine zus\u00e4tzliche Polsterung f\u00fcr ein noch komfortableres Erlebnis hinzu.<br \/>\nDer Sheep Cover sch\u00fctzt und verl\u00e4ngert die Lebensdauer Ihres Tao Gesichtskissens.<\/p>\n","protected":false},"excerpt":{"rendered":"<p>Bezug f\u00fcr Tao Gesichtsmassageliege Kopfst\u00fctzenkissen Unser Gesichtskissenbezug aus Schaffleece umh\u00fcllt Sie mit einem exquisit weichen Gef\u00fchl, einer W\u00e4rme, die Sie sanft wiegt. Der Schafsack wurde entwickelt, um in jedem Moment ein exquisites Erlebnis zu bieten, und garantiert ultimative Entspannung, indem er Ihr Wohlbefinden erh\u00f6ht. Hergestellt aus einem extra weichen nat\u00fcrlichen Wollimitat-Fleece-Gewebe, wird jede Faser sorgf\u00e4ltig&hellip;<\/p>\n","protected":false},"featured_media":14799,"template":"","meta":{"_seopress_robots_primary_cat":"none","_seopress_titles_title":"Schafbezug f\u00fcr Gesichtskissen - Swissmassage","_seopress_titles_desc":"Unser Gesichtskissenbezug aus Schaffleece umh\u00fcllt Sie mit einem exquisit weichen Gef\u00fchl, einer W\u00e4rme, die Sie sanft wiegt.","_seopress_robots_index":""},"pwb-brand":[],"product_brand":[],"product_cat":[1345,1344],"product_tag":[1396,1395,1394],"product_folder":[],"class_list":{"0":"post-14798","1":"product","2":"type-product","3":"status-publish","4":"has-post-thumbnail","6":"product_cat-alles-massagezubehor","7":"product_cat-schutzbezuge-fur-massageliegen","8":"product_tag-deckel","9":"product_tag-gesichts","10":"product_tag-schutz","12":"first","13":"instock","14":"taxable","15":"shipping-taxable","16":"purchasable","17":"product-type-simple"},"exclude_global_add_ons":[],"addons":[],"brands":[],"_links":{"self":[{"href":"https:\/\/swissmassage.weprocess.dev\/de\/wp-json\/wp\/v2\/product\/14798","targetHints":{"allow":["GET"]}}],"collection":[{"href":"https:\/\/swissmassage.weprocess.dev\/de\/wp-json\/wp\/v2\/product"}],"about":[{"href":"https:\/\/swissmassage.weprocess.dev\/de\/wp-json\/wp\/v2\/types\/product"}],"wp:featuredmedia":[{"embeddable":true,"href":"https:\/\/swissmassage.weprocess.dev\/de\/wp-json\/wp\/v2\/media\/14799"}],"wp:attachment":[{"href":"https:\/\/swissmassage.weprocess.dev\/de\/wp-json\/wp\/v2\/media?parent=14798"}],"wp:term":[{"taxonomy":"pwb-brand","embeddable":true,"href":"https:\/\/swissmassage.weprocess.dev\/de\/wp-json\/wp\/v2\/pwb-brand?post=14798"},{"taxonomy":"product_brand","embeddable":true,"href":"https:\/\/swissmassage.weprocess.dev\/de\/wp-json\/wp\/v2\/product_brand?post=14798"},{"taxonomy":"product_cat","embeddable":true,"href":"https:\/\/swissmassage.weprocess.dev\/de\/wp-json\/wp\/v2\/product_cat?post=14798"},{"taxonomy":"product_tag","embeddable":true,"href":"https:\/\/swissmassage.weprocess.dev\/de\/wp-json\/wp\/v2\/product_tag?post=14798"},{"taxonomy":"product_folder","embeddable":true,"href":"https:\/\/swissmassage.weprocess.dev\/de\/wp-json\/wp\/v2\/product_folder?post=14798"}],"curies":[{"name":"wp","href":"https:\/\/api.w.org\/{rel}","templated":true}]}}