{"id":14793,"date":"2024-05-16T16:36:04","date_gmt":"2024-05-16T14:36:04","guid":{"rendered":"https:\/\/swissmassage.ch\/produit\/medizinisches-hocker-beta-ruckenmodell\/"},"modified":"2025-02-21T09:09:39","modified_gmt":"2025-02-21T08:09:39","slug":"medizinisches-hocker-beta-ruckenmodell","status":"publish","type":"product","link":"https:\/\/swissmassage.weprocess.dev\/de\/produits\/medizinisches-hocker-beta-ruckenmodell\/","title":{"rendered":"Medizinischer Hocker Modell Beta Zur\u00fcck"},"content":{"rendered":"<h2>Hocker f\u00fcr Arztpraxis Modell Beta Zur\u00fcck<\/h2>\n<p>Dieser Rollhocker verf\u00fcgt \u00fcber eine praktische und weiche Sitzfl\u00e4che von 45 mm aus Kaltschaum, die mit Stoff oder Kunstleder bezogen ist und optimalen Sitzkomfort bietet.<br \/>\nDie Sitzh\u00f6he l\u00e4sst sich mit einer Gasdruckfeder variabel verstellen.<br \/>\nDer Hocker ist in einer Vielzahl von Polsterungen und Farben erh\u00e4ltlich.<br \/>\nDieser Hocker ist mit einem 500 mm Aluminiumfu\u00df, einer gepolsterten XL-R\u00fcckenlehne und 50 mm leichten, leicht zu rollenden Rollen ausgestattet.<br \/>\nDurchmesser des Sitzes: 37 cm.<br \/>\nXL-R\u00fcckenlehne: 27 x 23 cm.<br \/>\nSitzh\u00f6he mit niedriger Gasfeder: 40-53 cm.<\/p>\n","protected":false},"excerpt":{"rendered":"<p>Hocker f\u00fcr Arztpraxis Modell Beta Zur\u00fcck Dieser Rollhocker verf\u00fcgt \u00fcber eine praktische und weiche Sitzfl\u00e4che von 45 mm aus Kaltschaum, die mit Stoff oder Kunstleder bezogen ist und optimalen Sitzkomfort bietet. Die Sitzh\u00f6he l\u00e4sst sich mit einer Gasdruckfeder variabel verstellen. Der Hocker ist in einer Vielzahl von Polsterungen und Farben erh\u00e4ltlich. Dieser Hocker ist mit&hellip;<\/p>\n","protected":false},"featured_media":14794,"template":"","meta":{"_seopress_robots_primary_cat":"none","_seopress_titles_title":"","_seopress_titles_desc":"Dieser Rollhocker verf\u00fcgt \u00fcber eine praktische und weiche Sitzfl\u00e4che von 45 mm aus Kaltschaum, die mit Stoff oder Kunstleder bezogen ist und optimalen Sitzkomfort bietet.","_seopress_robots_index":""},"pwb-brand":[],"product_brand":[],"product_cat":[1332,1330,1331,1333,1326,1329,1325,1328,1327],"product_tag":[],"product_folder":[],"class_list":{"0":"post-14793","1":"product","2":"type-product","3":"status-publish","4":"has-post-thumbnail","6":"product_cat-alle-asthetischen-artikel","7":"product_cat-alle-massageliegen-massage-ausstattungen","8":"product_cat-alle-physio-medizinischen-artikel","9":"product_cat-alle-spa-beauty-produkte","10":"product_cat-hocker-fur-therapeuten","11":"product_cat-hocker-und-komfort","12":"product_cat-medizinischer-stuhl","13":"product_cat-spa-hocker","14":"product_cat-stuhle-fur-kosmetikerinnen","16":"first","17":"outofstock","18":"taxable","19":"shipping-taxable","20":"purchasable","21":"product-type-variable","22":"has-default-attributes"},"exclude_global_add_ons":[],"addons":[],"brands":[],"_links":{"self":[{"href":"https:\/\/swissmassage.weprocess.dev\/de\/wp-json\/wp\/v2\/product\/14793","targetHints":{"allow":["GET"]}}],"collection":[{"href":"https:\/\/swissmassage.weprocess.dev\/de\/wp-json\/wp\/v2\/product"}],"about":[{"href":"https:\/\/swissmassage.weprocess.dev\/de\/wp-json\/wp\/v2\/types\/product"}],"wp:featuredmedia":[{"embeddable":true,"href":"https:\/\/swissmassage.weprocess.dev\/de\/wp-json\/wp\/v2\/media\/14794"}],"wp:attachment":[{"href":"https:\/\/swissmassage.weprocess.dev\/de\/wp-json\/wp\/v2\/media?parent=14793"}],"wp:term":[{"taxonomy":"pwb-brand","embeddable":true,"href":"https:\/\/swissmassage.weprocess.dev\/de\/wp-json\/wp\/v2\/pwb-brand?post=14793"},{"taxonomy":"product_brand","embeddable":true,"href":"https:\/\/swissmassage.weprocess.dev\/de\/wp-json\/wp\/v2\/product_brand?post=14793"},{"taxonomy":"product_cat","embeddable":true,"href":"https:\/\/swissmassage.weprocess.dev\/de\/wp-json\/wp\/v2\/product_cat?post=14793"},{"taxonomy":"product_tag","embeddable":true,"href":"https:\/\/swissmassage.weprocess.dev\/de\/wp-json\/wp\/v2\/product_tag?post=14793"},{"taxonomy":"product_folder","embeddable":true,"href":"https:\/\/swissmassage.weprocess.dev\/de\/wp-json\/wp\/v2\/product_folder?post=14793"}],"curies":[{"name":"wp","href":"https:\/\/api.w.org\/{rel}","templated":true}]}}