{"id":14789,"date":"2024-05-17T10:11:43","date_gmt":"2024-05-17T08:11:43","guid":{"rendered":"https:\/\/swissmassage.ch\/produit\/medizinischer-hocker-modell-dalton-euromatic\/"},"modified":"2025-03-14T11:48:04","modified_gmt":"2025-03-14T10:48:04","slug":"medizinischer-hocker-modell-dalton-euromatic","status":"publish","type":"product","link":"https:\/\/swissmassage.weprocess.dev\/de\/produits\/medizinischer-hocker-modell-dalton-euromatic\/","title":{"rendered":"Dalton Euromatic Medizinischer Hocker"},"content":{"rendered":"<h2>Ergonomischer medizinischer Hocker Modell Dalton Euromatic hellgrau<\/h2>\n<p>Ein klassischer Sattel im Cowboy-Stil, der es Ihnen erm\u00f6glicht, Ihre H\u00e4nde zu benutzen, w\u00e4hrend Ihre Beine die Bewegung des Stuhls steuern.<br \/>\nGleichzeitig bietet der Sattel eine entspannte Haltung und einen geraden R\u00fccken, so dass Sie lange sitzen k\u00f6nnen.<br \/>\nDieser Dalton-Sattel misst 41 x 32 x 29 cm und ist mit Kaltschaum und Kunstleder gepolstert.<br \/>\nDie R\u00fcckenlehne misst 37 x 33 cm.<br \/>\nDer Stuhl ist mit einem 610 mm Aluminiumfu\u00dfkreuz und 50 mm leicht zu rollenden Rollen ausgestattet.<br \/>\nDer EUROMATIC-Mechanismus erm\u00f6glicht eine schnelle Einstellung des Sitz- und R\u00fcckenlehnenwinkels mit Hilfe von 2 kleinen Gasfedern.<br \/>\nDer stufenlos verstellbare Sitz l\u00e4sst sich um 12\u00b0 nach vorne und 3\u00b0 nach hinten neigen.<br \/>\nDie R\u00fcckenlehne kann um 16\u00b0 nach vorne und 6\u00b0 nach hinten geneigt werden.<br \/>\nSitzh\u00f6he mit mittlerer Gasfeder: 58-77 cm.<br \/>\nBitte beachten Sie, dass wir aufgrund der morphologischen Unterschiede jeder Person dringend empfehlen, die Hocker in unserer Ausstellung in Aigle auszuprobieren, bevor Sie Ihren Kauf abschlie\u00dfen. Im Falle eines Fehlkaufs k\u00f6nnen die Hocker weder zur\u00fcckgegeben noch umgetauscht werden.<\/p>\n","protected":false},"excerpt":{"rendered":"<p>Ergonomischer medizinischer Hocker Modell Dalton Euromatic hellgrau Ein klassischer Sattel im Cowboy-Stil, der es Ihnen erm\u00f6glicht, Ihre H\u00e4nde zu benutzen, w\u00e4hrend Ihre Beine die Bewegung des Stuhls steuern. Gleichzeitig bietet der Sattel eine entspannte Haltung und einen geraden R\u00fccken, so dass Sie lange sitzen k\u00f6nnen. Dieser Dalton-Sattel misst 41 x 32 x 29 cm und&hellip;<\/p>\n","protected":false},"featured_media":14790,"template":"","meta":{"_seopress_robots_primary_cat":"none","_seopress_titles_title":"","_seopress_titles_desc":"Ein klassischer Sattel im Cowboy-Stil, der es Ihnen erm\u00f6glicht, Ihre H\u00e4nde zu benutzen, w\u00e4hrend Ihre Beine die Bewegung des Stuhls steuern.","_seopress_robots_index":""},"pwb-brand":[],"product_brand":[],"product_cat":[1332,1330,1331,1333,1326,1329,1325,1328,1327],"product_tag":[],"product_folder":[],"class_list":{"0":"post-14789","1":"product","2":"type-product","3":"status-publish","4":"has-post-thumbnail","6":"product_cat-alle-asthetischen-artikel","7":"product_cat-alle-massageliegen-massage-ausstattungen","8":"product_cat-alle-physio-medizinischen-artikel","9":"product_cat-alle-spa-beauty-produkte","10":"product_cat-hocker-fur-therapeuten","11":"product_cat-hocker-und-komfort","12":"product_cat-medizinischer-stuhl","13":"product_cat-spa-hocker","14":"product_cat-stuhle-fur-kosmetikerinnen","16":"first","17":"outofstock","18":"taxable","19":"shipping-taxable","20":"purchasable","21":"product-type-simple"},"exclude_global_add_ons":[],"addons":[],"brands":[],"_links":{"self":[{"href":"https:\/\/swissmassage.weprocess.dev\/de\/wp-json\/wp\/v2\/product\/14789","targetHints":{"allow":["GET"]}}],"collection":[{"href":"https:\/\/swissmassage.weprocess.dev\/de\/wp-json\/wp\/v2\/product"}],"about":[{"href":"https:\/\/swissmassage.weprocess.dev\/de\/wp-json\/wp\/v2\/types\/product"}],"wp:featuredmedia":[{"embeddable":true,"href":"https:\/\/swissmassage.weprocess.dev\/de\/wp-json\/wp\/v2\/media\/14790"}],"wp:attachment":[{"href":"https:\/\/swissmassage.weprocess.dev\/de\/wp-json\/wp\/v2\/media?parent=14789"}],"wp:term":[{"taxonomy":"pwb-brand","embeddable":true,"href":"https:\/\/swissmassage.weprocess.dev\/de\/wp-json\/wp\/v2\/pwb-brand?post=14789"},{"taxonomy":"product_brand","embeddable":true,"href":"https:\/\/swissmassage.weprocess.dev\/de\/wp-json\/wp\/v2\/product_brand?post=14789"},{"taxonomy":"product_cat","embeddable":true,"href":"https:\/\/swissmassage.weprocess.dev\/de\/wp-json\/wp\/v2\/product_cat?post=14789"},{"taxonomy":"product_tag","embeddable":true,"href":"https:\/\/swissmassage.weprocess.dev\/de\/wp-json\/wp\/v2\/product_tag?post=14789"},{"taxonomy":"product_folder","embeddable":true,"href":"https:\/\/swissmassage.weprocess.dev\/de\/wp-json\/wp\/v2\/product_folder?post=14789"}],"curies":[{"name":"wp","href":"https:\/\/api.w.org\/{rel}","templated":true}]}}