{"id":14782,"date":"2024-05-17T11:13:49","date_gmt":"2024-05-17T09:13:49","guid":{"rendered":"https:\/\/swissmassage.ch\/produit\/medizinischer-hocker-globales-stahlmodell-mini-einfach\/"},"modified":"2025-03-14T11:33:42","modified_gmt":"2025-03-14T10:33:42","slug":"medizinischer-hocker-globales-stahlmodell-mini-einfach","status":"publish","type":"product","link":"https:\/\/swissmassage.weprocess.dev\/de\/produits\/medizinischer-hocker-globales-stahlmodell-mini-einfach\/","title":{"rendered":"Global Stole Medizinischer Hocker Mini Easy"},"content":{"rendered":"<h2>Global Stole Ergonomischer Praxishocker Mini Easy<\/h2>\n<p>Mini Easy ist ein kleiner, extra weicher und schmaler Sattelstuhl.<br \/>\nEr ist mit Kaltschaum gepolstert und mit Stoff oder Kunstleder bezogen.<br \/>\nDieser Stuhl ist mit einem 500 mm Aluminiumfu\u00df, leicht zu rollenden Rollen und dem EASY SEAT-Mechanismus ausgestattet, mit dem der Sitzwinkel stufenlos um 14\u00b0 nach vorne und 3\u00b0 nach hinten verstellt werden kann.<br \/>\nMa\u00dfe: B 385 x T 290 x H 230 mm.<br \/>\nSitzh\u00f6he mit mittlerer Gasfeder: 58-77 cm.<br \/>\nBitte beachten Sie, dass wir aufgrund der morphologischen Unterschiede jeder Person dringend empfehlen, die Hocker in unserer Ausstellung in Aigle auszuprobieren, bevor Sie Ihren Kauf abschlie\u00dfen. Im Falle eines Fehlkaufs k\u00f6nnen die Hocker weder zur\u00fcckgegeben noch umgetauscht werden.<\/p>\n","protected":false},"excerpt":{"rendered":"<p>Global Stole Ergonomischer Praxishocker Mini Easy Mini Easy ist ein kleiner, extra weicher und schmaler Sattelstuhl. Er ist mit Kaltschaum gepolstert und mit Stoff oder Kunstleder bezogen. Dieser Stuhl ist mit einem 500 mm Aluminiumfu\u00df, leicht zu rollenden Rollen und dem EASY SEAT-Mechanismus ausgestattet, mit dem der Sitzwinkel stufenlos um 14\u00b0 nach vorne und 3\u00b0&hellip;<\/p>\n","protected":false},"featured_media":14783,"template":"","meta":{"_seopress_robots_primary_cat":"none","_seopress_titles_title":"","_seopress_titles_desc":"Mini Easy ist ein kleiner, extra weicher und schmaler Sattelstuhl.\r\nEr ist mit Kaltschaum gepolstert und mit Stoff oder Kunstleder bezogen.","_seopress_robots_index":""},"pwb-brand":[],"product_brand":[],"product_cat":[1332,1330,1331,1333,1326,1329,1325,1328,1327],"product_tag":[],"product_folder":[],"class_list":{"0":"post-14782","1":"product","2":"type-product","3":"status-publish","4":"has-post-thumbnail","6":"product_cat-alle-asthetischen-artikel","7":"product_cat-alle-massageliegen-massage-ausstattungen","8":"product_cat-alle-physio-medizinischen-artikel","9":"product_cat-alle-spa-beauty-produkte","10":"product_cat-hocker-fur-therapeuten","11":"product_cat-hocker-und-komfort","12":"product_cat-medizinischer-stuhl","13":"product_cat-spa-hocker","14":"product_cat-stuhle-fur-kosmetikerinnen","16":"first","17":"instock","18":"taxable","19":"shipping-taxable","20":"purchasable","21":"product-type-variable","22":"has-default-attributes"},"exclude_global_add_ons":[],"addons":[],"brands":[],"_links":{"self":[{"href":"https:\/\/swissmassage.weprocess.dev\/de\/wp-json\/wp\/v2\/product\/14782","targetHints":{"allow":["GET"]}}],"collection":[{"href":"https:\/\/swissmassage.weprocess.dev\/de\/wp-json\/wp\/v2\/product"}],"about":[{"href":"https:\/\/swissmassage.weprocess.dev\/de\/wp-json\/wp\/v2\/types\/product"}],"wp:featuredmedia":[{"embeddable":true,"href":"https:\/\/swissmassage.weprocess.dev\/de\/wp-json\/wp\/v2\/media\/14783"}],"wp:attachment":[{"href":"https:\/\/swissmassage.weprocess.dev\/de\/wp-json\/wp\/v2\/media?parent=14782"}],"wp:term":[{"taxonomy":"pwb-brand","embeddable":true,"href":"https:\/\/swissmassage.weprocess.dev\/de\/wp-json\/wp\/v2\/pwb-brand?post=14782"},{"taxonomy":"product_brand","embeddable":true,"href":"https:\/\/swissmassage.weprocess.dev\/de\/wp-json\/wp\/v2\/product_brand?post=14782"},{"taxonomy":"product_cat","embeddable":true,"href":"https:\/\/swissmassage.weprocess.dev\/de\/wp-json\/wp\/v2\/product_cat?post=14782"},{"taxonomy":"product_tag","embeddable":true,"href":"https:\/\/swissmassage.weprocess.dev\/de\/wp-json\/wp\/v2\/product_tag?post=14782"},{"taxonomy":"product_folder","embeddable":true,"href":"https:\/\/swissmassage.weprocess.dev\/de\/wp-json\/wp\/v2\/product_folder?post=14782"}],"curies":[{"name":"wp","href":"https:\/\/api.w.org\/{rel}","templated":true}]}}