{"id":14775,"date":"2024-05-17T15:01:44","date_gmt":"2024-05-17T13:01:44","guid":{"rendered":"https:\/\/swissmassage.ch\/produit\/stuhl-medizinisch-globale-stola-saturn-plus\/"},"modified":"2025-03-14T11:44:59","modified_gmt":"2025-03-14T10:44:59","slug":"stuhl-medizinisch-globale-stola-saturn-plus","status":"publish","type":"product","link":"https:\/\/swissmassage.weprocess.dev\/de\/produits\/stuhl-medizinisch-globale-stola-saturn-plus\/","title":{"rendered":"Global Stole Saturn Plus Medizinischer Hocker"},"content":{"rendered":"<h2>Global Stola Hocker f\u00fcr die Arztpraxis Saturn Plus<\/h2>\n<p>Variieren Sie Ihre Haltung den ganzen Tag \u00fcber mit diesem ergonomischen Hocker.<br \/>\nSaturn hat ein einzigartiges Design, das es optimal f\u00fcr diejenigen macht, die aktiver sitzen und gleichzeitig ihren K\u00f6rper entlasten und leicht eine bequeme und ergonomische Haltung finden m\u00f6chten.<br \/>\nDer Hocker ist mit einem um 360\u00b0 drehbaren St\u00e4nder ausgestattet, der als R\u00fcckenlehne oder Armlehne verwendet werden kann, je nachdem, wie Sie auf dem Stuhl sitzen.<br \/>\nDieser St\u00e4nder kann auch zwischen dem Sitz und dem St\u00e4nder in der H\u00f6he verstellt werden.<br \/>\nDieser Hocker ist mit 45 mm Kaltschaum gepolstert, hat ein 610 mm Aluminiumgestell und 50 mm leicht zu rollende Rollen.<br \/>\nSaturn ist mit einem Entriegelungsring ausgestattet, mit dem die H\u00f6he des Sitzes eingestellt werden kann.<br \/>\nDurchmesser des Sitzes: 370 mm.<br \/>\nSitzh\u00f6he mit mittlerer Gasfeder: 47-66 cm.<br \/>\nBitte beachten Sie, dass wir aufgrund der morphologischen Unterschiede jeder Person dringend empfehlen, die Hocker in unserer Ausstellung in Aigle auszuprobieren, bevor Sie Ihren Kauf abschlie\u00dfen. Im Falle eines Fehlkaufs k\u00f6nnen die Hocker weder zur\u00fcckgegeben noch umgetauscht werden.<\/p>\n","protected":false},"excerpt":{"rendered":"<p>Global Stola Hocker f\u00fcr die Arztpraxis Saturn Plus Variieren Sie Ihre Haltung den ganzen Tag \u00fcber mit diesem ergonomischen Hocker. Saturn hat ein einzigartiges Design, das es optimal f\u00fcr diejenigen macht, die aktiver sitzen und gleichzeitig ihren K\u00f6rper entlasten und leicht eine bequeme und ergonomische Haltung finden m\u00f6chten. Der Hocker ist mit einem um 360\u00b0&hellip;<\/p>\n","protected":false},"featured_media":14776,"template":"","meta":{"_seopress_robots_primary_cat":"none","_seopress_titles_title":"","_seopress_titles_desc":"Saturn hat ein einzigartiges Design, das es optimal f\u00fcr diejenigen macht, die aktiver sitzen und gleichzeitig ihren K\u00f6rper entlasten m\u00f6chten","_seopress_robots_index":""},"pwb-brand":[],"product_brand":[],"product_cat":[1332,1330,1331,1333,1326,1329,1325,1328,1327],"product_tag":[],"product_folder":[],"class_list":{"0":"post-14775","1":"product","2":"type-product","3":"status-publish","4":"has-post-thumbnail","6":"product_cat-alle-asthetischen-artikel","7":"product_cat-alle-massageliegen-massage-ausstattungen","8":"product_cat-alle-physio-medizinischen-artikel","9":"product_cat-alle-spa-beauty-produkte","10":"product_cat-hocker-fur-therapeuten","11":"product_cat-hocker-und-komfort","12":"product_cat-medizinischer-stuhl","13":"product_cat-spa-hocker","14":"product_cat-stuhle-fur-kosmetikerinnen","16":"first","17":"instock","18":"taxable","19":"shipping-taxable","20":"purchasable","21":"product-type-variable","22":"has-default-attributes"},"exclude_global_add_ons":[],"addons":[],"brands":[],"_links":{"self":[{"href":"https:\/\/swissmassage.weprocess.dev\/de\/wp-json\/wp\/v2\/product\/14775","targetHints":{"allow":["GET"]}}],"collection":[{"href":"https:\/\/swissmassage.weprocess.dev\/de\/wp-json\/wp\/v2\/product"}],"about":[{"href":"https:\/\/swissmassage.weprocess.dev\/de\/wp-json\/wp\/v2\/types\/product"}],"wp:featuredmedia":[{"embeddable":true,"href":"https:\/\/swissmassage.weprocess.dev\/de\/wp-json\/wp\/v2\/media\/14776"}],"wp:attachment":[{"href":"https:\/\/swissmassage.weprocess.dev\/de\/wp-json\/wp\/v2\/media?parent=14775"}],"wp:term":[{"taxonomy":"pwb-brand","embeddable":true,"href":"https:\/\/swissmassage.weprocess.dev\/de\/wp-json\/wp\/v2\/pwb-brand?post=14775"},{"taxonomy":"product_brand","embeddable":true,"href":"https:\/\/swissmassage.weprocess.dev\/de\/wp-json\/wp\/v2\/product_brand?post=14775"},{"taxonomy":"product_cat","embeddable":true,"href":"https:\/\/swissmassage.weprocess.dev\/de\/wp-json\/wp\/v2\/product_cat?post=14775"},{"taxonomy":"product_tag","embeddable":true,"href":"https:\/\/swissmassage.weprocess.dev\/de\/wp-json\/wp\/v2\/product_tag?post=14775"},{"taxonomy":"product_folder","embeddable":true,"href":"https:\/\/swissmassage.weprocess.dev\/de\/wp-json\/wp\/v2\/product_folder?post=14775"}],"curies":[{"name":"wp","href":"https:\/\/api.w.org\/{rel}","templated":true}]}}