{"id":14770,"date":"2024-05-17T14:16:34","date_gmt":"2024-05-17T12:16:34","guid":{"rendered":"https:\/\/swissmassage.ch\/produit\/medizinischer-stuhl-globale-gestohlene-pilates-luft\/"},"modified":"2025-03-14T11:42:35","modified_gmt":"2025-03-14T10:42:35","slug":"medizinischer-stuhl-globale-gestohlene-pilates-luft","status":"publish","type":"product","link":"https:\/\/swissmassage.weprocess.dev\/de\/produits\/medizinischer-stuhl-globale-gestohlene-pilates-luft\/","title":{"rendered":"Global Stole Pilates Air Medizinischer Hocker"},"content":{"rendered":"<h2>Global Stole Medizinischer Hocker Pilates Air Modell<\/h2>\n<p>Das Pilates Sway hat einen doppelten aktiven Sitzeffekt.<br \/>\nDas Luftpolster des Pilates-Sitzes st\u00e4rkt und erh\u00e4lt aktiv die R\u00fccken- und Lendenmuskulatur, w\u00e4hrend die flexible Sway-Basis eine st\u00e4ndige Bewegung beim Sitzen erm\u00f6glicht.<br \/>\nDie Sway-Basis zeichnet sich durch ihre Flexibilit\u00e4t aus und erm\u00f6glicht Mikrobewegungen beim Sitzen.<br \/>\nWenn Sie den Sway als Stehstuhl verwenden, erhalten Sie eine bessere Gewichtsverteilung, die Ihren R\u00fccken entspannt und die gro\u00dfen Muskelgruppen in Ihren Beinen belastet.<br \/>\nGleichzeitig haben Sie die M\u00f6glichkeit, sich st\u00e4ndig zu bewegen.<br \/>\nMit seiner flachen und stabilen Basis k\u00f6nnen Sie entspannt und sicher sitzen und sowohl Komfort als auch gesunde Bewegungen genie\u00dfen.<br \/>\nDieser Hocker ist mit dem Pilates Air Sitz ausgestattet, der die gleiche Wirkung wie der Pilates-Ball hat.<br \/>\nEs zwingt den K\u00f6rper, sich &#8222;auf das Sitzen zu konzentrieren&#8220;, die Muskelgruppen des R\u00fcckens und der H\u00fcfte beim Sitzen aktiv zu st\u00e4rken und zu erhalten.<br \/>\nDer Pilates Air Sitz ist mit einem Entriegelungsring ausgestattet, um die H\u00f6he des Sitzes zu verstellen.<br \/>\nIm Lieferumfang des Hockers ist eine Luftpumpe enthalten, mit der der Luftgehalt des Kissens eingestellt werden kann.<br \/>\nDurchmesser der Basis: 500 mm. Durchmesser des Sitzes: 33 cm. Sitzh\u00f6he mit mittlerer Gasfeder: 51-70 cm.<br \/>\nBitte beachten Sie, dass wir aufgrund der morphologischen Unterschiede jeder Person dringend empfehlen, die Hocker in unserer Ausstellung in Aigle auszuprobieren, bevor Sie Ihren Kauf abschlie\u00dfen. Im Falle eines Fehlkaufs k\u00f6nnen die Hocker weder zur\u00fcckgegeben noch umgetauscht werden.<\/p>\n","protected":false},"excerpt":{"rendered":"<p>Global Stole Medizinischer Hocker Pilates Air Modell Das Pilates Sway hat einen doppelten aktiven Sitzeffekt. Das Luftpolster des Pilates-Sitzes st\u00e4rkt und erh\u00e4lt aktiv die R\u00fccken- und Lendenmuskulatur, w\u00e4hrend die flexible Sway-Basis eine st\u00e4ndige Bewegung beim Sitzen erm\u00f6glicht. Die Sway-Basis zeichnet sich durch ihre Flexibilit\u00e4t aus und erm\u00f6glicht Mikrobewegungen beim Sitzen. Wenn Sie den Sway als&hellip;<\/p>\n","protected":false},"featured_media":14771,"template":"","meta":{"_seopress_robots_primary_cat":"none","_seopress_titles_title":"","_seopress_titles_desc":"Pilates Air hat einen doppelten aktiven Sitzeffekt. Die Sway-Basis zeichnet sich durch ihre Flexibilit\u00e4t aus und erm\u00f6glicht Mikrobewegungen beim Sitzen.","_seopress_robots_index":""},"pwb-brand":[],"product_brand":[],"product_cat":[1332,1330,1331,1333,1326,1329,1325,1328,1327],"product_tag":[],"product_folder":[],"class_list":{"0":"post-14770","1":"product","2":"type-product","3":"status-publish","4":"has-post-thumbnail","6":"product_cat-alle-asthetischen-artikel","7":"product_cat-alle-massageliegen-massage-ausstattungen","8":"product_cat-alle-physio-medizinischen-artikel","9":"product_cat-alle-spa-beauty-produkte","10":"product_cat-hocker-fur-therapeuten","11":"product_cat-hocker-und-komfort","12":"product_cat-medizinischer-stuhl","13":"product_cat-spa-hocker","14":"product_cat-stuhle-fur-kosmetikerinnen","16":"first","17":"instock","18":"taxable","19":"shipping-taxable","20":"purchasable","21":"product-type-variable","22":"has-default-attributes"},"exclude_global_add_ons":[],"addons":[],"brands":[],"_links":{"self":[{"href":"https:\/\/swissmassage.weprocess.dev\/de\/wp-json\/wp\/v2\/product\/14770","targetHints":{"allow":["GET"]}}],"collection":[{"href":"https:\/\/swissmassage.weprocess.dev\/de\/wp-json\/wp\/v2\/product"}],"about":[{"href":"https:\/\/swissmassage.weprocess.dev\/de\/wp-json\/wp\/v2\/types\/product"}],"wp:featuredmedia":[{"embeddable":true,"href":"https:\/\/swissmassage.weprocess.dev\/de\/wp-json\/wp\/v2\/media\/14771"}],"wp:attachment":[{"href":"https:\/\/swissmassage.weprocess.dev\/de\/wp-json\/wp\/v2\/media?parent=14770"}],"wp:term":[{"taxonomy":"pwb-brand","embeddable":true,"href":"https:\/\/swissmassage.weprocess.dev\/de\/wp-json\/wp\/v2\/pwb-brand?post=14770"},{"taxonomy":"product_brand","embeddable":true,"href":"https:\/\/swissmassage.weprocess.dev\/de\/wp-json\/wp\/v2\/product_brand?post=14770"},{"taxonomy":"product_cat","embeddable":true,"href":"https:\/\/swissmassage.weprocess.dev\/de\/wp-json\/wp\/v2\/product_cat?post=14770"},{"taxonomy":"product_tag","embeddable":true,"href":"https:\/\/swissmassage.weprocess.dev\/de\/wp-json\/wp\/v2\/product_tag?post=14770"},{"taxonomy":"product_folder","embeddable":true,"href":"https:\/\/swissmassage.weprocess.dev\/de\/wp-json\/wp\/v2\/product_folder?post=14770"}],"curies":[{"name":"wp","href":"https:\/\/api.w.org\/{rel}","templated":true}]}}