{"id":14762,"date":"2024-05-23T08:05:38","date_gmt":"2024-05-23T06:05:38","guid":{"rendered":"https:\/\/swissmassage.ch\/produit\/medizinischer-hocker-globale-stola-beta\/"},"modified":"2025-09-30T11:34:50","modified_gmt":"2025-09-30T09:34:50","slug":"medizinischer-hocker-globale-stola-beta","status":"publish","type":"product","link":"https:\/\/swissmassage.weprocess.dev\/de\/produits\/medizinischer-hocker-globale-stola-beta\/","title":{"rendered":"Global Stole Beta Medizinischer Hocker"},"content":{"rendered":"<h2>Global Stolen Medical Practice Hocker Beta-Modell<\/h2>\n<p>Der Beta Hocker verf\u00fcgt \u00fcber eine mit Kaltschaum gepolsterte Sitzfl\u00e4che und eine Stoff- oder Kunstlederpolsterung, um einen optimalen Sitzkomfort zu gew\u00e4hrleisten.<br \/>\nLetzteres wurde f\u00fcr \u00c4rzte konzipiert und entwickelt.<br \/>\nDer Sitz ist in einer Vielzahl von Polstern und Farben erh\u00e4ltlich.<br \/>\nDie H\u00f6henverstellung erfolgt \u00fcber den Entriegelungsring unter dem Sitz.<br \/>\nDie Sitzfl\u00e4che dieses medizinischen Hockers ist mit 60 mm Kaltschaum gepolstert und bietet so optimalen Sitzkomfort.<br \/>\nDieser Hocker ist mit einem 500 mm Aluminiumfu\u00df und 50 mm leicht zu rollenden Rollen ausgestattet.<br \/>\nDurchmesser des Sitzes: 36 cm.<br \/>\nSitzh\u00f6he mit mittlerer Gasfeder: 50-69 cm.<\/p>\n","protected":false},"excerpt":{"rendered":"<p>Global Stolen Medical Practice Hocker Beta-Modell Der Beta Hocker verf\u00fcgt \u00fcber eine mit Kaltschaum gepolsterte Sitzfl\u00e4che und eine Stoff- oder Kunstlederpolsterung, um einen optimalen Sitzkomfort zu gew\u00e4hrleisten. Letzteres wurde f\u00fcr \u00c4rzte konzipiert und entwickelt. Der Sitz ist in einer Vielzahl von Polstern und Farben erh\u00e4ltlich. Die H\u00f6henverstellung erfolgt \u00fcber den Entriegelungsring unter dem Sitz. Die&hellip;<\/p>\n","protected":false},"featured_media":14766,"template":"","meta":{"_seopress_robots_primary_cat":"none","_seopress_titles_title":"","_seopress_titles_desc":"Der Beta Hocker verf\u00fcgt \u00fcber eine mit Kaltschaum gepolsterte Sitzfl\u00e4che und eine Stoff- oder Kunstlederpolsterung, um einen optimalen Sitzkomfort zu gew\u00e4hrleisten.","_seopress_robots_index":""},"pwb-brand":[],"product_brand":[],"product_cat":[1332,1330,1331,1333,1326,1329,1325,1328,1327],"product_tag":[],"product_folder":[],"class_list":{"0":"post-14762","1":"product","2":"type-product","3":"status-publish","4":"has-post-thumbnail","6":"product_cat-alle-asthetischen-artikel","7":"product_cat-alle-massageliegen-massage-ausstattungen","8":"product_cat-alle-physio-medizinischen-artikel","9":"product_cat-alle-spa-beauty-produkte","10":"product_cat-hocker-fur-therapeuten","11":"product_cat-hocker-und-komfort","12":"product_cat-medizinischer-stuhl","13":"product_cat-spa-hocker","14":"product_cat-stuhle-fur-kosmetikerinnen","16":"first","17":"instock","18":"taxable","19":"shipping-taxable","20":"purchasable","21":"product-type-variable","22":"has-default-attributes"},"exclude_global_add_ons":[],"addons":[],"brands":[],"_links":{"self":[{"href":"https:\/\/swissmassage.weprocess.dev\/de\/wp-json\/wp\/v2\/product\/14762","targetHints":{"allow":["GET"]}}],"collection":[{"href":"https:\/\/swissmassage.weprocess.dev\/de\/wp-json\/wp\/v2\/product"}],"about":[{"href":"https:\/\/swissmassage.weprocess.dev\/de\/wp-json\/wp\/v2\/types\/product"}],"wp:featuredmedia":[{"embeddable":true,"href":"https:\/\/swissmassage.weprocess.dev\/de\/wp-json\/wp\/v2\/media\/14766"}],"wp:attachment":[{"href":"https:\/\/swissmassage.weprocess.dev\/de\/wp-json\/wp\/v2\/media?parent=14762"}],"wp:term":[{"taxonomy":"pwb-brand","embeddable":true,"href":"https:\/\/swissmassage.weprocess.dev\/de\/wp-json\/wp\/v2\/pwb-brand?post=14762"},{"taxonomy":"product_brand","embeddable":true,"href":"https:\/\/swissmassage.weprocess.dev\/de\/wp-json\/wp\/v2\/product_brand?post=14762"},{"taxonomy":"product_cat","embeddable":true,"href":"https:\/\/swissmassage.weprocess.dev\/de\/wp-json\/wp\/v2\/product_cat?post=14762"},{"taxonomy":"product_tag","embeddable":true,"href":"https:\/\/swissmassage.weprocess.dev\/de\/wp-json\/wp\/v2\/product_tag?post=14762"},{"taxonomy":"product_folder","embeddable":true,"href":"https:\/\/swissmassage.weprocess.dev\/de\/wp-json\/wp\/v2\/product_folder?post=14762"}],"curies":[{"name":"wp","href":"https:\/\/api.w.org\/{rel}","templated":true}]}}