{"id":14682,"date":"2024-06-04T14:34:23","date_gmt":"2024-06-04T12:34:23","guid":{"rendered":"https:\/\/swissmassage.ch\/produit\/medizinischer-hocker-globale-gestohlene-pinto-flex\/"},"modified":"2025-03-14T11:35:52","modified_gmt":"2025-03-14T10:35:52","slug":"medizinischer-hocker-globale-gestohlene-pinto-flex","status":"publish","type":"product","link":"https:\/\/swissmassage.weprocess.dev\/de\/produits\/medizinischer-hocker-globale-gestohlene-pinto-flex\/","title":{"rendered":"Global Stole Pinto Flex Medizinischer Hocker"},"content":{"rendered":"<h2>Global Stole Praxishocker Pinto Flexmatic<\/h2>\n<p>Pinto ist ein Hocker mit einem extra weichen und bequemen Sattel, der mit Kaltschaum gepolstert ist.<br \/>\nDieser Pinto-Sattel misst 44 x 32 x 29 cm und ist mit Kaltschaum und Kunstleder gepolstert.<br \/>\nDer Hocker hat ein 500 mm Aluminiumgestell und 50 mm leichte Rollen.<br \/>\nDer FLEXMATIC-Mechanismus stellt sich automatisch auf die optimale ergonomische Sitzposition ein.<br \/>\nSitzh\u00f6he mit mittlerer Gasfeder: 53-72 cm.<br \/>\nBitte beachten Sie, dass wir aufgrund der morphologischen Unterschiede jeder Person dringend empfehlen, die Hocker in unserer Ausstellung in Aigle auszuprobieren, bevor Sie Ihren Kauf abschlie\u00dfen. Im Falle eines Fehlkaufs k\u00f6nnen die Hocker weder zur\u00fcckgegeben noch umgetauscht werden.<\/p>\n","protected":false},"excerpt":{"rendered":"<p>Global Stole Praxishocker Pinto Flexmatic Pinto ist ein Hocker mit einem extra weichen und bequemen Sattel, der mit Kaltschaum gepolstert ist. Dieser Pinto-Sattel misst 44 x 32 x 29 cm und ist mit Kaltschaum und Kunstleder gepolstert. Der Hocker hat ein 500 mm Aluminiumgestell und 50 mm leichte Rollen. Der FLEXMATIC-Mechanismus stellt sich automatisch auf&hellip;<\/p>\n","protected":false},"featured_media":14767,"template":"","meta":{"_seopress_robots_primary_cat":"none","_seopress_titles_title":"","_seopress_titles_desc":"Pinto ist ein Hocker mit einem sehr bequemen Sattel. Der FLEXMATIC-Mechanismus stellt sich automatisch auf die optimale ergonomische Sitzposition ein.","_seopress_robots_index":""},"pwb-brand":[],"product_brand":[],"product_cat":[1332,1330,1331,1333,1326,1329,1325,1328,1327],"product_tag":[],"product_folder":[],"class_list":{"0":"post-14682","1":"product","2":"type-product","3":"status-publish","4":"has-post-thumbnail","6":"product_cat-alle-asthetischen-artikel","7":"product_cat-alle-massageliegen-massage-ausstattungen","8":"product_cat-alle-physio-medizinischen-artikel","9":"product_cat-alle-spa-beauty-produkte","10":"product_cat-hocker-fur-therapeuten","11":"product_cat-hocker-und-komfort","12":"product_cat-medizinischer-stuhl","13":"product_cat-spa-hocker","14":"product_cat-stuhle-fur-kosmetikerinnen","16":"first","17":"instock","18":"taxable","19":"shipping-taxable","20":"purchasable","21":"product-type-variable","22":"has-default-attributes"},"exclude_global_add_ons":[],"addons":[],"brands":[],"_links":{"self":[{"href":"https:\/\/swissmassage.weprocess.dev\/de\/wp-json\/wp\/v2\/product\/14682","targetHints":{"allow":["GET"]}}],"collection":[{"href":"https:\/\/swissmassage.weprocess.dev\/de\/wp-json\/wp\/v2\/product"}],"about":[{"href":"https:\/\/swissmassage.weprocess.dev\/de\/wp-json\/wp\/v2\/types\/product"}],"wp:featuredmedia":[{"embeddable":true,"href":"https:\/\/swissmassage.weprocess.dev\/de\/wp-json\/wp\/v2\/media\/14767"}],"wp:attachment":[{"href":"https:\/\/swissmassage.weprocess.dev\/de\/wp-json\/wp\/v2\/media?parent=14682"}],"wp:term":[{"taxonomy":"pwb-brand","embeddable":true,"href":"https:\/\/swissmassage.weprocess.dev\/de\/wp-json\/wp\/v2\/pwb-brand?post=14682"},{"taxonomy":"product_brand","embeddable":true,"href":"https:\/\/swissmassage.weprocess.dev\/de\/wp-json\/wp\/v2\/product_brand?post=14682"},{"taxonomy":"product_cat","embeddable":true,"href":"https:\/\/swissmassage.weprocess.dev\/de\/wp-json\/wp\/v2\/product_cat?post=14682"},{"taxonomy":"product_tag","embeddable":true,"href":"https:\/\/swissmassage.weprocess.dev\/de\/wp-json\/wp\/v2\/product_tag?post=14682"},{"taxonomy":"product_folder","embeddable":true,"href":"https:\/\/swissmassage.weprocess.dev\/de\/wp-json\/wp\/v2\/product_folder?post=14682"}],"curies":[{"name":"wp","href":"https:\/\/api.w.org\/{rel}","templated":true}]}}