{"id":14663,"date":"2020-07-09T12:28:25","date_gmt":"2020-07-09T10:28:25","guid":{"rendered":"https:\/\/swissmassage.ch\/rahmenbedingungen\/"},"modified":"2024-07-17T08:30:49","modified_gmt":"2024-07-17T06:30:49","slug":"rahmenbedingungen","status":"publish","type":"page","link":"https:\/\/swissmassage.weprocess.dev\/de\/rahmenbedingungen\/","title":{"rendered":"Allgemeine Verkaufsbedingungen"},"content":{"rendered":"\n<p>F\u00fcr neue Ausstattungen und Zubeh\u00f6rteile gilt eine Garantie von 2 Jahren gegen Herstellungsfehler, sofern im Artikel nichts anderes angegeben ist.<br\/><br\/>Die Rechnung von Swissmassage S\u00e0rl ist ein Garantieschein.<br\/><br\/>M\u00e4ngel oder Verschlechterungen, die durch unsachgem\u00e4\u00dfen Gebrauch, unsachgem\u00e4\u00dfes Auspacken (Cutter, Messer usw.) oder durch nat\u00fcrliche Abnutzung verursacht wurden, sind von der Gew\u00e4hrleistung ausgeschlossen.<br\/><br\/>Die Reinigung oder Desinfektion mit Produkten, die nicht von Swissmassage empfohlen werden, f\u00fchrt bei Verschlechterung der Ausstattung zum Ausschluss der Garantie.<br\/><br\/>Das empfohlene Reinigungsmittel ist der Cuirnet-Reiniger.<br\/><br\/>Eigentum: Die gelieferte Ware bleibt bis zur vollst\u00e4ndigen Bezahlung der Rechnung Eigentum der Swissmassage GmbH.<br\/><br\/>Im Streitfall gehen die Kosten f\u00fcr etwaige R\u00fccksendungen zu Lasten des Kunden.<br\/><br\/>Ohne vorherige Zustimmung von Swissmassage S\u00e0rl werden keine R\u00fccksendungen akzeptiert.<br\/><br\/>Um Ihre Rechte zu wahren, m\u00fcssen auf dem Lieferschein genaue Vorbehalte gemacht werden, wenn die Ausstattung besch\u00e4digt oder die Verpackung so stark besch\u00e4digt ist, dass ein schwerer Schock zu bef\u00fcrchten ist.<br\/><br\/>Richtiger Befund: Lieferbericht &#8211; besch\u00e4digte Verpackung (Foto falls vorhanden), perforiertes Massageliegekissen (Foto falls vorhanden). Reservieren Sie nach vollst\u00e4ndiger Kontrolle des Tisches. Zeuge &#8211; Der Fahrer, Herr XXX. Datum.<br\/><br\/>Wenn zum Zeitpunkt der Annahme keine Vorbehalte gemacht werden, befreien Sie den Zusteller automatisch von jeglicher Haftung. Die Garantie ber\u00fccksichtigt keine Transportsch\u00e4den, die vom Spediteur zu vertreten sind, sondern nur Herstellungsfehler.<br\/><br\/>Benachrichtigen Sie bei der \u00dcberpr\u00fcfung der Ausstattung im Falle eines dem Spediteur gemeldeten Problems auch unseren Service innerhalb von 24 Stunden telefonisch und best\u00e4tigen Sie per E-Mail. Wenn dieses Verfahren nicht befolgt wird, gilt die Nichtbef\u00f6rderung nicht und alle Streitigkeiten gehen zu Lasten des Kunden.<br\/><br\/>Allf\u00e4llige Warenr\u00fccksendungen m\u00fcssen vorg\u00e4ngig zur Genehmigung bei Swissmassage angemeldet werden.<br\/><br\/>Karosserieeinrichtungen sowie Sonderanfertigungen oder speziell auf Kundenwunsch bestellte Ausstattungen k\u00f6nnen nicht zur\u00fcckgegeben oder umgetauscht werden.<br\/>Behandlungsliegen m\u00fcssen durch Spannbettlaken mit ausreichender Dicke gesch\u00fctzt werden, damit sie nicht mit Pflegeprodukten, Massage\u00f6len, Reinigungsmitteln in Ber\u00fchrung kommen, die nicht von Swissmassage zertifiziert sind, der direkte Kontakt mit der Haut der Patienten muss vermieden werden, sie m\u00fcssen ausreichend gesch\u00fctzt sein, damit sie nicht durch die Verwendung von Heizdecken erhitzt werden,  Letztere m\u00fcssen den K\u00f6rper der Patienten erw\u00e4rmen und nicht die Behandlungsliegen.<br\/><br\/>Wir bieten Ihnen die M\u00f6glichkeit, die Ausstattungen in unserem Showroom zu testen, um Sie zu beraten und Ihre Wahl zu festigen, indem Sie Kauffehler vermeiden. Wir erhalten nach Vereinbarung an Werktagen w\u00e4hrend der B\u00fcrozeiten.<br\/><br\/>Im Falle eines Fehlers bei der Auswahl der Ausstattungen nimmt Swissmassage die alleinige Position zur M\u00f6glichkeit eines m\u00f6glichen Austauschs ein.<br\/><br\/>Im Falle der Annahme oder des Austauschs des Artikels durch einen anderen oder der R\u00fcckgabe desselben gehen die Versand- oder Reisekosten zu Lasten des Kunden.<br\/><br\/>Swissmassage kann Ihre Bestellung jederzeit stornieren und Ihre Rechnung ohne Angabe von Gr\u00fcnden zur\u00fcckerstatten.<br\/><br\/>Gerichtsstand: 1870 Monthey Wallis Schweiz<\/p>\n\n<p><a href=\"https:\/\/www.kmu.admin.ch\/kmu\/fr\/home\/actuel\/modifications-legislatives\/nouveau-droit-de-la-garantie-1-1-2013.html\">Kunst. des Garantiegesetzes in der Schweiz<\/a><\/p>\n","protected":false},"excerpt":{"rendered":"<p>F\u00fcr neue Ausstattungen und Zubeh\u00f6rteile gilt eine Garantie von 2 Jahren gegen Herstellungsfehler, sofern im Artikel nichts anderes angegeben ist. Die Rechnung von Swissmassage S\u00e0rl ist ein Garantieschein. M\u00e4ngel oder Verschlechterungen, die durch unsachgem\u00e4\u00dfen Gebrauch, unsachgem\u00e4\u00dfes Auspacken (Cutter, Messer usw.) oder durch nat\u00fcrliche Abnutzung verursacht wurden, sind von der Gew\u00e4hrleistung ausgeschlossen. Die Reinigung oder Desinfektion&hellip;<\/p>\n","protected":false},"author":1,"featured_media":0,"parent":0,"menu_order":0,"comment_status":"closed","ping_status":"open","template":"template-pagetitle-sidebar.php","meta":{"_seopress_robots_primary_cat":"","_seopress_titles_title":"","_seopress_titles_desc":"Auf dieser Seite finden Sie unsere verschiedenen Allgemeinen Verkaufsbedingungen f\u00fcr alle unsere Ausstattungen.","_seopress_robots_index":"","footnotes":""},"folder":[],"class_list":["post-14663","page","type-page","status-publish","hentry"],"_links":{"self":[{"href":"https:\/\/swissmassage.weprocess.dev\/de\/wp-json\/wp\/v2\/pages\/14663","targetHints":{"allow":["GET"]}}],"collection":[{"href":"https:\/\/swissmassage.weprocess.dev\/de\/wp-json\/wp\/v2\/pages"}],"about":[{"href":"https:\/\/swissmassage.weprocess.dev\/de\/wp-json\/wp\/v2\/types\/page"}],"author":[{"embeddable":true,"href":"https:\/\/swissmassage.weprocess.dev\/de\/wp-json\/wp\/v2\/users\/1"}],"replies":[{"embeddable":true,"href":"https:\/\/swissmassage.weprocess.dev\/de\/wp-json\/wp\/v2\/comments?post=14663"}],"version-history":[{"count":1,"href":"https:\/\/swissmassage.weprocess.dev\/de\/wp-json\/wp\/v2\/pages\/14663\/revisions"}],"predecessor-version":[{"id":14664,"href":"https:\/\/swissmassage.weprocess.dev\/de\/wp-json\/wp\/v2\/pages\/14663\/revisions\/14664"}],"wp:attachment":[{"href":"https:\/\/swissmassage.weprocess.dev\/de\/wp-json\/wp\/v2\/media?parent=14663"}],"wp:term":[{"taxonomy":"folder","embeddable":true,"href":"https:\/\/swissmassage.weprocess.dev\/de\/wp-json\/wp\/v2\/folder?post=14663"}],"curies":[{"name":"wp","href":"https:\/\/api.w.org\/{rel}","templated":true}]}}