{"id":14641,"date":"2020-07-20T08:26:41","date_gmt":"2020-07-20T06:26:41","guid":{"rendered":"https:\/\/swissmassage.ch\/kontakt\/"},"modified":"2025-01-16T15:53:05","modified_gmt":"2025-01-16T14:53:05","slug":"kontakt","status":"publish","type":"page","link":"https:\/\/swissmassage.weprocess.dev\/de\/kontakt\/","title":{"rendered":"Kontakt"},"content":{"rendered":"\n<p>Haben Sie eine Frage? Bei Swissmassage sind wir immer bereit, Ihnen zu helfen. Ob f\u00fcr Informationen zu unseren Ausstattungen oder pers\u00f6nliche Beratung, unser Team steht Ihnen gerne zur Verf\u00fcgung.<\/p>\n\n\n\n<p>Wir begr\u00fc\u00dfen Sie nach Vereinbarung von Montag bis Freitag, von 8 bis 12 Uhr und von 13:30 bis 17 Uhr, in unserem Showroom in Aigle. Entdecken Sie unsere Massageliegen und sprechen Sie direkt mit unseren Spezialisten.<\/p>\n\n\n\n<p>Wenn Sie nicht kommen k\u00f6nnen oder eine spezielle Frage haben, z\u00f6gern Sie nicht, unser Kontaktformular zu nutzen oder uns unter <a href=\"tel:0245644646\">024 564 46 46<\/a> anzurufen.<\/p>\n\n\n\n<div style=\"height:50px\" aria-hidden=\"true\" class=\"wp-block-spacer\"><\/div>\n\n\n\n<div class=\"wp-block-columns is-layout-flex wp-container-core-columns-is-layout-9d6595d7 wp-block-columns-is-layout-flex\">\n<div class=\"wp-block-column is-layout-flow wp-block-column-is-layout-flow\" style=\"flex-basis:60%\">\n<h2 class=\"wp-block-heading\">Schreiben<\/h2>\n\n\n<div class=\"wpforms-container wpforms-container-full wpforms-block wpforms-block-2d321103-739d-4b2b-ba23-b134327d8bac wpforms-render-modern\" id=\"wpforms-10383\"><form id=\"wpforms-form-10383\" class=\"wpforms-validate wpforms-form wpforms-ajax-form\" data-formid=\"10383\" method=\"post\" enctype=\"multipart\/form-data\" action=\"\/de\/wp-json\/wp\/v2\/pages\/14641\" data-token=\"64cd4a68b677d2ee61692bfbaffca2fe\" data-token-time=\"1775587760\"><noscript class=\"wpforms-error-noscript\">Bitte aktiviere JavaScript in deinem Browser, um dieses Formular fertigzustellen.<\/noscript><div id=\"wpforms-error-noscript\" style=\"display: none;\">Bitte aktiviere JavaScript in deinem Browser, um dieses Formular fertigzustellen.<\/div><div class=\"wpforms-field-container\"><div id=\"wpforms-10383-field_0-container\" class=\"wpforms-field wpforms-field-name\" data-field-id=\"0\"><label class=\"wpforms-field-label\" for=\"wpforms-10383-field_0\">Nom et Pr\u00e9nom <span class=\"wpforms-required-label\" aria-hidden=\"true\">*<\/span><\/label><input type=\"text\" id=\"wpforms-10383-field_0\" class=\"wpforms-field-medium wpforms-field-required\" name=\"wpforms[fields][0]\" aria-errormessage=\"wpforms-10383-field_0-error\" required><\/div><div id=\"wpforms-10383-field_1-container\" class=\"wpforms-field wpforms-field-email\" data-field-id=\"1\"><label class=\"wpforms-field-label\" for=\"wpforms-10383-field_1\">E-mail <span class=\"wpforms-required-label\" aria-hidden=\"true\">*<\/span><\/label><input type=\"email\" id=\"wpforms-10383-field_1\" class=\"wpforms-field-medium wpforms-field-required\" name=\"wpforms[fields][1]\" spellcheck=\"false\" aria-errormessage=\"wpforms-10383-field_1-error\" required><\/div><div id=\"wpforms-10383-field_8-container\" class=\"wpforms-field wpforms-field-text\" data-field-id=\"8\"><label class=\"wpforms-field-label\" for=\"wpforms-10383-field_8\">Code postal <span class=\"wpforms-required-label\" aria-hidden=\"true\">*<\/span><\/label><input type=\"text\" id=\"wpforms-10383-field_8\" class=\"wpforms-field-medium wpforms-field-required\" name=\"wpforms[fields][8]\" aria-errormessage=\"wpforms-10383-field_8-error\" required><\/div><div id=\"wpforms-10383-field_7-container\" class=\"wpforms-field wpforms-field-text\" data-field-id=\"7\"><label class=\"wpforms-field-label\" for=\"wpforms-10383-field_7\">Num\u00e9ro de t\u00e9l\u00e9phone <span class=\"wpforms-required-label\" aria-hidden=\"true\">*<\/span><\/label><input type=\"text\" id=\"wpforms-10383-field_7\" class=\"wpforms-field-medium wpforms-field-required\" name=\"wpforms[fields][7]\" placeholder=\"079 111 22 33\" aria-errormessage=\"wpforms-10383-field_7-error\" required><\/div><div id=\"wpforms-10383-field_2-container\" class=\"wpforms-field wpforms-field-textarea\" data-field-id=\"2\"><label class=\"wpforms-field-label\" for=\"wpforms-10383-field_2\">Des questions pr\u00e9cises ? <span class=\"wpforms-required-label\" aria-hidden=\"true\">*<\/span><\/label><textarea id=\"wpforms-10383-field_2\" class=\"wpforms-field-small wpforms-field-required\" name=\"wpforms[fields][2]\" placeholder=\"Des questions sur nos \u00e9quipements, nos d\u00e9lais de livraison, ...\" aria-errormessage=\"wpforms-10383-field_2-error\" required><\/textarea><\/div><\/div><!-- .wpforms-field-container --><div class=\"wpforms-recaptcha-container wpforms-is-recaptcha wpforms-is-recaptcha-type-v2\" ><div class=\"g-recaptcha\" data-sitekey=\"6Lcv7NEpAAAAAJbhRavDv-G2eU0F3zAcwKx0w7K3\"><\/div><input type=\"text\" name=\"g-recaptcha-hidden\" class=\"wpforms-recaptcha-hidden\" style=\"position:absolute!important;clip:rect(0,0,0,0)!important;height:1px!important;width:1px!important;border:0!important;overflow:hidden!important;padding:0!important;margin:0!important;\" data-rule-recaptcha=\"1\"><\/div><div class=\"wpforms-submit-container\" ><input type=\"hidden\" name=\"wpforms[id]\" value=\"10383\"><input type=\"hidden\" name=\"page_title\" value=\"\"><input type=\"hidden\" name=\"page_url\" value=\"https:\/\/swissmassage.weprocess.dev\/de\/wp-json\/wp\/v2\/pages\/14641\"><input type=\"hidden\" name=\"url_referer\" value=\"\"><button type=\"submit\" name=\"wpforms[submit]\" id=\"wpforms-submit-10383\" class=\"wpforms-submit\" data-alt-text=\"Envoi...\" data-submit-text=\"Envoyer\" aria-live=\"assertive\" value=\"wpforms-submit\">Envoyer<\/button><img loading=\"lazy\" decoding=\"async\" src=\"https:\/\/swissmassage.weprocess.dev\/wp-content\/plugins\/wpforms-lite\/assets\/images\/submit-spin.svg\" class=\"wpforms-submit-spinner\" style=\"display: none;\" width=\"26\" height=\"26\" alt=\"Wird geladen\"><\/div><\/form><\/div>  <!-- .wpforms-container --><\/div>\n\n\n\n<div class=\"wp-block-column is-layout-flow wp-block-column-is-layout-flow\">\n<p><strong>Swissmassage S\u00e0rl<\/strong><\/p>\n\n\n\n<p>Chemin des \u00celes 16<br>1860 Aigle<br><br>Telefon : <a href=\"tel:0245644646\" data-type=\"tel\" data-id=\"tel:0245644646\">024 564 46 46<\/a><br>E-Mail: <a href=\"mailto:info@swissmassage.ch\">info@swissmassage.ch<\/a><\/p>\n\n\n\n<p><strong>Unsere \u00d6ffnungszeiten<\/strong><\/p>\n\n\n\n<p>Montag bis Freitag:<\/p>\n\n\n\n<p><strong>08:00 &#8211; 12:00 Uhr | 13:30 &#8211; 17:00<\/strong><\/p>\n<\/div>\n<\/div>\n","protected":false},"excerpt":{"rendered":"<p>Haben Sie eine Frage? Bei Swissmassage sind wir immer bereit, Ihnen zu helfen. Ob f\u00fcr Informationen zu unseren Ausstattungen oder pers\u00f6nliche Beratung, unser Team steht Ihnen gerne zur Verf\u00fcgung. Wir begr\u00fc\u00dfen Sie nach Vereinbarung von Montag bis Freitag, von 8 bis 12 Uhr und von 13:30 bis 17 Uhr, in unserem Showroom in Aigle. Entdecken&hellip;<\/p>\n","protected":false},"author":1,"featured_media":0,"parent":0,"menu_order":0,"comment_status":"closed","ping_status":"closed","template":"template-pagetitle.php","meta":{"_seopress_robots_primary_cat":"","_seopress_titles_title":"Kontaktieren Sie uns %%sep%% %%sitename%%","_seopress_titles_desc":"Eine Frage? Unser Team hilft Ihnen gerne weiter. E-Mail, Telefon, Kontaktformular, w\u00e4hlen Sie Ihre Kontaktmethode.","_seopress_robots_index":"","footnotes":""},"folder":[],"class_list":["post-14641","page","type-page","status-publish","hentry"],"_links":{"self":[{"href":"https:\/\/swissmassage.weprocess.dev\/de\/wp-json\/wp\/v2\/pages\/14641","targetHints":{"allow":["GET"]}}],"collection":[{"href":"https:\/\/swissmassage.weprocess.dev\/de\/wp-json\/wp\/v2\/pages"}],"about":[{"href":"https:\/\/swissmassage.weprocess.dev\/de\/wp-json\/wp\/v2\/types\/page"}],"author":[{"embeddable":true,"href":"https:\/\/swissmassage.weprocess.dev\/de\/wp-json\/wp\/v2\/users\/1"}],"replies":[{"embeddable":true,"href":"https:\/\/swissmassage.weprocess.dev\/de\/wp-json\/wp\/v2\/comments?post=14641"}],"version-history":[{"count":6,"href":"https:\/\/swissmassage.weprocess.dev\/de\/wp-json\/wp\/v2\/pages\/14641\/revisions"}],"predecessor-version":[{"id":18130,"href":"https:\/\/swissmassage.weprocess.dev\/de\/wp-json\/wp\/v2\/pages\/14641\/revisions\/18130"}],"wp:attachment":[{"href":"https:\/\/swissmassage.weprocess.dev\/de\/wp-json\/wp\/v2\/media?parent=14641"}],"wp:term":[{"taxonomy":"folder","embeddable":true,"href":"https:\/\/swissmassage.weprocess.dev\/de\/wp-json\/wp\/v2\/folder?post=14641"}],"curies":[{"name":"wp","href":"https:\/\/api.w.org\/{rel}","templated":true}]}}